{"id":1319,"date":"2025-11-04T04:57:55","date_gmt":"2025-11-04T04:57:55","guid":{"rendered":"https:\/\/smf-inc.com\/corte-por-laser-columbia-sc\/"},"modified":"2025-11-04T04:57:55","modified_gmt":"2025-11-04T04:57:55","slug":"corte-por-laser-columbia-sc","status":"publish","type":"page","link":"https:\/\/smf-inc.com\/es\/corte-por-laser-columbia-sc\/","title":{"rendered":"Corte por l\u00e1ser Columbia SC"},"content":{"rendered":"<h3>Conf\u00ede en SFM para el mejor corte por l\u00e1ser en Columbia SC<\/h3>\n<p>Probablemente ya sepa que SMF ofrece corte por l\u00e1ser de alta calidad en Columbia SC, pero eso es s\u00f3lo el principio.<\/p>\n<p>\u00bfSab\u00eda que tambi\u00e9n ofrecemos una gama completa de otros servicios de fabricaci\u00f3n de metal? Es muy probable que podamos proporcionarle todo lo que necesita para terminar su trabajo bajo un mismo techo.<\/p>\n<h3>Por qu\u00e9 puede necesitar corte por l\u00e1ser en Columbia SC:<\/h3>\n<p>Como empresa de servicios integrales de fabricaci\u00f3n y mecanizado de metales, SMF ofrece m\u00faltiples opciones de corte adem\u00e1s del corte por l\u00e1ser, incluido <a href=\"https:\/\/smf-inc.com\/capabilities\/plasma-cutting\/\">el corte por plasma<\/a> y el corte por sierra. Cada m\u00e9todo tiene sus pros y sus contras. El corte por l\u00e1ser puede ser la mejor opci\u00f3n cuando se requieren estas cualidades:<\/p>\n<ul>\n<li><strong>Precisi\u00f3n<\/strong>: Las cortadoras l\u00e1ser de SMF son capaces de realizar los cortes m\u00e1s precisos de cualquier tecnolog\u00eda disponible en la actualidad.<\/li>\n<li><strong>Complejidad<\/strong>: Las cortadoras l\u00e1ser son ideales para cortes complejos y personalizados.<\/li>\n<li><strong>Rapidez<\/strong>: Nuestras cortadoras l\u00e1ser utilizan tecnolog\u00eda avanzada y automatizaci\u00f3n, lo que nos permite ejecutar los trabajos en s\u00f3lo una fracci\u00f3n del tiempo necesario con otros m\u00e9todos.<\/li>\n<\/ul>\n<h3>\u00bfPuede la cortadora l\u00e1ser de SMF acomodar trabajos m\u00e1s grandes?<\/h3>\n<p>Nuestras cortadoras l\u00e1ser se encuentran entre las m\u00e1s grandes del pa\u00eds. Con una capacidad de corte de 54&#8242; de largo y 12&#8242; de ancho, nuestras cortadoras l\u00e1ser pueden manejar casi cualquier proyecto.<\/p>\n<h3>\u00bfQu\u00e9 diferencia a los servicios de corte por l\u00e1ser de SMF?<\/h3>\n<p>No basta con ofrecer excelentes servicios de corte por l\u00e1ser y fabricaci\u00f3n de metal. Tambi\u00e9n nos enorgullecemos de nuestro <a href=\"https:\/\/smf-inc.com\/about-us\/\">servicio y profesionalidad<\/a>. Si necesita corte por l\u00e1ser en Columbia SC, puede confiar en SMF para entregar &#8211; a tiempo y a sus especificaciones exactas.<\/p>\n<h3>\u00bfQu\u00e9 servicios adicionales de fabricaci\u00f3n de metales est\u00e1n disponibles?<\/h3>\n<p>H\u00e1ganos saber si necesita alg\u00fan servicio adicional adem\u00e1s del corte por l\u00e1ser en Columbia SC. Podemos encargarnos de todo lo siguiente:<\/p>\n<ul class=\"col-3\">\n<li>Soldadura<\/li>\n<li>Mecanizado<\/li>\n<li>Formando<\/li>\n<li>Recubrimiento en polvo<\/li>\n<li>Montaje<\/li>\n<li>Corte por plasma<\/li>\n<li>Corte de sierra<\/li>\n<li>Voladura<\/li>\n<\/ul>\n<h3>\u00bfQu\u00e9 metales pueden cortar los l\u00e1seres de SMF?<\/h3>\n<p>Nuestras cortadoras l\u00e1ser pueden trabajar con la mayor\u00eda de los metales, incluidos \u00e9stos:<\/p>\n<ul class=\"col-2\">\n<li>Aluminio<\/li>\n<li>Lat\u00f3n<\/li>\n<li>Acero inoxidable<\/li>\n<li>Titanio<\/li>\n<li>Cobre<\/li>\n<li>Muchos otros materiales: \u00a1preg\u00fantenos!<\/li>\n<\/ul>\n<div class=\"left-img\"><img loading=\"lazy\" decoding=\"async\" class=\"alignnone\" src=\"https:\/\/smf-inc.com\/wp-content\/uploads\/2023\/03\/industrial-cutting-tool.jpg\" alt=\"Corte por l\u00e1ser Columbia SC\" width=\"500\" height=\"350\" title=\"\"><\/div>\n<h3>\u00bfEst\u00e1 preparado para trabajar con nosotros?<\/h3>\n<p>Hablemos de toda la gama de servicios que ofrecemos en SMF, incluyendo el corte por l\u00e1ser en Columbia S.C. as\u00ed como cualquier otro servicio de corte y fabricaci\u00f3n que pueda necesitar. P\u00f3ngase en contacto con nosotros hoy mismo en <a href=\"tel:8642260470\">el 864-226-0470<\/a>. Con sede en Illinois, atendemos a clientes de todo Estados Unidos.<\/p>\n","protected":false},"excerpt":{"rendered":"<p>Conf\u00ede en SFM para el mejor corte por l\u00e1ser en Columbia SC Probablemente ya sepa que SMF ofrece corte por l\u00e1ser de alta calidad en Columbia SC, pero eso es s\u00f3lo el principio. \u00bfSab\u00eda que tambi\u00e9n ofrecemos una gama completa de otros servicios de fabricaci\u00f3n de metal? Es muy probable que podamos proporcionarle todo lo &hellip; <a href=\"https:\/\/smf-inc.com\/es\/corte-por-laser-columbia-sc\/\" class=\"more-link\">Continue reading <span class=\"screen-reader-text\">Corte por l\u00e1ser Columbia SC<\/span><\/a><\/p>\n","protected":false},"author":1,"featured_media":1317,"parent":0,"menu_order":0,"comment_status":"closed","ping_status":"closed","template":"","meta":{"_acf_changed":false,"inline_featured_image":false,"footnotes":""},"class_list":["post-1319","page","type-page","status-publish","has-post-thumbnail","hentry"],"acf":[],"_links":{"self":[{"href":"https:\/\/smf-inc.com\/es\/wp-json\/wp\/v2\/pages\/1319","targetHints":{"allow":["GET"]}}],"collection":[{"href":"https:\/\/smf-inc.com\/es\/wp-json\/wp\/v2\/pages"}],"about":[{"href":"https:\/\/smf-inc.com\/es\/wp-json\/wp\/v2\/types\/page"}],"author":[{"embeddable":true,"href":"https:\/\/smf-inc.com\/es\/wp-json\/wp\/v2\/users\/1"}],"replies":[{"embeddable":true,"href":"https:\/\/smf-inc.com\/es\/wp-json\/wp\/v2\/comments?post=1319"}],"version-history":[{"count":5,"href":"https:\/\/smf-inc.com\/es\/wp-json\/wp\/v2\/pages\/1319\/revisions"}],"predecessor-version":[{"id":3026,"href":"https:\/\/smf-inc.com\/es\/wp-json\/wp\/v2\/pages\/1319\/revisions\/3026"}],"wp:featuredmedia":[{"embeddable":true,"href":"https:\/\/smf-inc.com\/es\/wp-json\/wp\/v2\/media\/1317"}],"wp:attachment":[{"href":"https:\/\/smf-inc.com\/es\/wp-json\/wp\/v2\/media?parent=1319"}],"curies":[{"name":"wp","href":"https:\/\/api.w.org\/{rel}","templated":true}]}}