{"id":1310,"date":"2025-11-04T04:57:53","date_gmt":"2025-11-04T04:57:53","guid":{"rendered":"https:\/\/smf-inc.com\/corte-por-laser-rock-hill-sc\/"},"modified":"2025-11-04T04:57:53","modified_gmt":"2025-11-04T04:57:53","slug":"corte-por-laser-rock-hill-sc","status":"publish","type":"page","link":"https:\/\/smf-inc.com\/es\/corte-por-laser-rock-hill-sc\/","title":{"rendered":"Corte por l\u00e1ser Rock Hill SC"},"content":{"rendered":"<h3>Su fuente de corte por l\u00e1ser en Rock Hill SC<\/h3>\n<p>En SMF, entendemos que usted probablemente no s\u00f3lo est\u00e1 buscando a alguien que pueda proporcionar corte por l\u00e1ser de calidad en Rock Hill SC. La mayor\u00eda de las veces, necesitar\u00e1 varios servicios para terminar el trabajo. Lo m\u00e1s probable es que podamos satisfacer todas sus necesidades bajo un mismo techo.<\/p>\n<p>Junto con nuestro <a href=\"https:\/\/smf-inc.com\/about-us\/\">servicio, profesionalidad y experiencia<\/a>, nuestra amplia gama de servicios es lo que ayuda a SMF a diferenciarse de los dem\u00e1s.<\/p>\n<h3>\u00bfQu\u00e9 ventajas ofrece el corte por l\u00e1ser?<\/h3>\n<p>Nuestra empresa de fabricaci\u00f3n y mecanizado de servicio completo ofrece m\u00faltiples opciones, como el corte por plasma y el corte por sierra, adem\u00e1s del corte por l\u00e1ser. Cada uno tiene sus propias ventajas. El corte por l\u00e1ser destaca en estos \u00e1mbitos:<\/p>\n<ul>\n<li><strong>Precisi\u00f3n<\/strong>: Nuestras cortadoras l\u00e1ser garantizan los cortes m\u00e1s exactos de cualquier tecnolog\u00eda disponible en la actualidad.<\/li>\n<li><strong>Complejidad<\/strong>: Las cortadoras l\u00e1ser destacan en cortes complejos y personalizados.<\/li>\n<li><strong>Rapidez<\/strong>: La avanzada tecnolog\u00eda y la automatizaci\u00f3n que utilizan nuestras cortadoras l\u00e1ser nos permiten realizar trabajos en s\u00f3lo una fracci\u00f3n del tiempo necesario con otros m\u00e9todos.<\/li>\n<\/ul>\n<h3>Adem\u00e1s de corte por l\u00e1ser en Rock Hill SC, ofrecemos estos servicios relacionados:<\/h3>\n<ul class=\"col-3\">\n<li>Soldadura<\/li>\n<li>Mecanizado<\/li>\n<li>Formando<\/li>\n<li>Recubrimiento en polvo<\/li>\n<li>Montaje<\/li>\n<li>Corte por plasma<\/li>\n<li>Corte de sierra<\/li>\n<li>Voladura<\/li>\n<\/ul>\n<h3>\u00bfQu\u00e9 hace diferente al corte por l\u00e1ser de SMF en Rock Hill, SC?<\/h3>\n<p>Contamos con algunas de las cortadoras l\u00e1ser m\u00e1s grandes del pa\u00eds. La capacidad de corte de nuestros equipos es de 54&#8242; de largo y 12&#8242; de ancho, lo que nos permite reducir el tiempo de preparaci\u00f3n. Podemos cortar piezas m\u00e1s grandes en mayores cantidades, ahorrando tiempo y dinero y reduciendo los residuos.<\/p>\n<h3>\u00bfBusca asesoramiento experto en corte por l\u00e1ser?<\/h3>\n<p>Tambi\u00e9n realizamos corte por plasma y corte por sierra y podemos ofrecerle asesoramiento experto sobre qu\u00e9 tipo de corte se adaptar\u00eda mejor a sus necesidades. El corte por l\u00e1ser puede ser la mejor opci\u00f3n si busca estas ventajas:<\/p>\n<ul>\n<li>Cuando necesita los cortes m\u00e1s precisos posibles, el corte por l\u00e1ser se los proporciona. Independientemente de las cantidades que necesite, cada pieza cumplir\u00e1 exactamente sus especificaciones.<\/li>\n<li>Si su trabajo implica formas complejas, las cortadoras l\u00e1ser pueden producir incluso las dimensiones m\u00e1s complicadas. Los cortes a medida no son ning\u00fan problema.<\/li>\n<li>Nuestras avanzadas cortadoras l\u00e1ser realizan el trabajo con rapidez. Cuando tenga que cumplir un plazo, puede estar seguro de que SMF mantiene sus promesas y siempre cumple los plazos acordados.<\/li>\n<\/ul>\n<h3>\u00bfSe pregunta qu\u00e9 metales corta el SMF?<\/h3>\n<p>Podemos cortar con rapidez y precisi\u00f3n casi cualquier metal, incluidos:<\/p>\n<ul class=\"col-2\">\n<li>Aluminio<\/li>\n<li>Lat\u00f3n<\/li>\n<li>Acero inoxidable<\/li>\n<li>Titanio<\/li>\n<li>Cobre<\/li>\n<li>Muchos otros materiales: \u00a1preg\u00fantenos!<\/li>\n<\/ul>\n<div class=\"left-img\"><img loading=\"lazy\" decoding=\"async\" class=\"alignnone\" src=\"https:\/\/smf-inc.com\/wp-content\/uploads\/2023\/03\/cnc-machine.jpg\" alt=\"Corte por l\u00e1ser Rock Hill SC  \" width=\"500\" height=\"350\" title=\"\"><\/div>\n<h3>\u00bfEst\u00e1 listo para empezar?<\/h3>\n<p>Nos encantar\u00eda hablar con usted acerca de toda la gama de servicios que ofrecemos en SMF, incluyendo el corte por l\u00e1ser en Rock Hill S.C., as\u00ed como cualquier otro servicio de corte y fabricaci\u00f3n que pueda necesitar. P\u00f3ngase en contacto con nosotros hoy mismo en <a href=\"tel:8642260470\">el 864-226-0470<\/a>. Con sede en Illinois, atendemos a clientes de todo Estados Unidos.<\/p>\n","protected":false},"excerpt":{"rendered":"<p>Su fuente de corte por l\u00e1ser en Rock Hill SC En SMF, entendemos que usted probablemente no s\u00f3lo est\u00e1 buscando a alguien que pueda proporcionar corte por l\u00e1ser de calidad en Rock Hill SC. La mayor\u00eda de las veces, necesitar\u00e1 varios servicios para terminar el trabajo. Lo m\u00e1s probable es que podamos satisfacer todas sus &hellip; <a href=\"https:\/\/smf-inc.com\/es\/corte-por-laser-rock-hill-sc\/\" class=\"more-link\">Continue reading <span class=\"screen-reader-text\">Corte por l\u00e1ser Rock Hill SC<\/span><\/a><\/p>\n","protected":false},"author":1,"featured_media":1308,"parent":0,"menu_order":0,"comment_status":"closed","ping_status":"closed","template":"","meta":{"_acf_changed":false,"inline_featured_image":false,"footnotes":""},"class_list":["post-1310","page","type-page","status-publish","has-post-thumbnail","hentry"],"acf":[],"_links":{"self":[{"href":"https:\/\/smf-inc.com\/es\/wp-json\/wp\/v2\/pages\/1310","targetHints":{"allow":["GET"]}}],"collection":[{"href":"https:\/\/smf-inc.com\/es\/wp-json\/wp\/v2\/pages"}],"about":[{"href":"https:\/\/smf-inc.com\/es\/wp-json\/wp\/v2\/types\/page"}],"author":[{"embeddable":true,"href":"https:\/\/smf-inc.com\/es\/wp-json\/wp\/v2\/users\/1"}],"replies":[{"embeddable":true,"href":"https:\/\/smf-inc.com\/es\/wp-json\/wp\/v2\/comments?post=1310"}],"version-history":[{"count":9,"href":"https:\/\/smf-inc.com\/es\/wp-json\/wp\/v2\/pages\/1310\/revisions"}],"predecessor-version":[{"id":3030,"href":"https:\/\/smf-inc.com\/es\/wp-json\/wp\/v2\/pages\/1310\/revisions\/3030"}],"wp:featuredmedia":[{"embeddable":true,"href":"https:\/\/smf-inc.com\/es\/wp-json\/wp\/v2\/media\/1308"}],"wp:attachment":[{"href":"https:\/\/smf-inc.com\/es\/wp-json\/wp\/v2\/media?parent=1310"}],"curies":[{"name":"wp","href":"https:\/\/api.w.org\/{rel}","templated":true}]}}