{"id":1303,"date":"2023-03-24T06:54:03","date_gmt":"2023-03-24T06:54:03","guid":{"rendered":"https:\/\/smf-inc.com\/corte-por-laser-charleston-sc\/"},"modified":"2023-06-19T08:46:40","modified_gmt":"2023-06-19T08:46:40","slug":"corte-por-laser-charleston-sc","status":"publish","type":"page","link":"https:\/\/smf-inc.com\/es\/corte-por-laser-charleston-sc\/","title":{"rendered":"Corte por l\u00e1ser Charleston SC"},"content":{"rendered":"<h3>SMF ofrece la m\u00e1s alta calidad de corte por l\u00e1ser en Charleston SC<\/h3>\n<p>Si busca corte por l\u00e1ser de calidad en Charleston SC, recurra a SMF. Nuestra <a href=\"https:\/\/smf-inc.com\/about-us\/\">reputaci\u00f3n y experiencia<\/a> en la fabricaci\u00f3n de metales y nuestro \u00e9nfasis en el servicio a nuestros clientes nos convierten en la elecci\u00f3n obvia.<\/p>\n<p>Tenemos experiencia en el corte por l\u00e1ser de precisi\u00f3n de casi cualquier tipo de metal.<\/p>\n<p>Con una capacidad de corte de 54&#8242; de largo y 12&#8242; de ancho, nuestras cortadoras l\u00e1ser pueden encargarse de casi cualquier proyecto.<\/p>\n<h3>Puede contar con el corte por l\u00e1ser de SMF en Charleston SC.<\/h3>\n<p>Los trabajos complicados requieren menos tiempo de preparaci\u00f3n, gracias a la capacidad de nuestra cortadora l\u00e1ser extragrande para alojar piezas de metal m\u00e1s grandes. Las avanzadas capacidades de nuestra cortadora l\u00e1ser nos permiten cortar m\u00e1s piezas en menos tiempo sin comprometer la calidad.<\/p>\n<h3>\u00bfEs el corte por l\u00e1ser la mejor opci\u00f3n de corte de metal para su proyecto?<\/h3>\n<p>Si busca asesoramiento experto sobre qu\u00e9 opci\u00f3n de corte de metal funcionar\u00eda mejor en su situaci\u00f3n, estaremos encantados de analizar las posibilidades. Nuestra empresa de fabricaci\u00f3n y mecanizado de servicio completo ofrece m\u00faltiples opciones, como el corte por plasma y el corte por sierra, adem\u00e1s del corte por l\u00e1ser.<\/p>\n<p>Estas son algunas de las ventajas del corte por l\u00e1ser:<\/p>\n<ul>\n<li><strong>Precisi\u00f3n<\/strong>: La configuraci\u00f3n asistida por ordenador de nuestros cortes por l\u00e1ser garantiza los cortes m\u00e1s precisos y exactos de cualquier tecnolog\u00eda disponible en la actualidad.<\/li>\n<li><strong>Complejidad<\/strong>: Si necesita cortes complejos para producir una forma complicada, nuestras cortadoras l\u00e1ser pueden producirlos. Los cortes a medida no son un problema<\/li>\n<li><strong>Reducci\u00f3n de residuos<\/strong>: Las cortadoras l\u00e1ser maximizan el uso del material, desperdiciando menos metal y energ\u00eda.<\/li>\n<li><strong>Automatizaci\u00f3n<\/strong>: La tecnolog\u00eda avanzada y la automatizaci\u00f3n utilizadas por nuestras cortadoras l\u00e1ser nos permiten ejecutar trabajos en s\u00f3lo una fracci\u00f3n del tiempo necesario con otros m\u00e9todos.<\/li>\n<\/ul>\n<h3>\u00bfQu\u00e9 metales pueden cortar los l\u00e1seres?<\/h3>\n<p>Nuestras cortadoras l\u00e1ser son r\u00e1pidas y precisas y trabajan con una gran variedad de materiales. Algunas de las posibilidades son:<\/p>\n<ul class=\"col-2\">\n<li>Aluminio<\/li>\n<li>Lat\u00f3n<\/li>\n<li>Acero inoxidable<\/li>\n<li>Titanio<\/li>\n<li>Cobre<\/li>\n<li>Otros materiales<\/li>\n<\/ul>\n<div class=\"left-img\"><img loading=\"lazy\" decoding=\"async\" class=\"alignnone\" src=\"https:\/\/smf-inc.com\/wp-content\/uploads\/2023\/03\/metal-grinding-technology.jpg\" alt=\"Corte por l\u00e1ser Charleston SC\" width=\"500\" height=\"350\" title=\"\"><\/div>\n<h3>\u00bfEst\u00e1 listo para empezar?<\/h3>\n<p>Hablemos de toda la gama de servicios que ofrecemos en SMF, incluyendo el corte por l\u00e1ser en Charleston SC y cualquier otro servicio de corte y fabricaci\u00f3n que pueda necesitar. P\u00f3ngase en contacto con nosotros hoy mismo en <a href=\"tel:8642260470\">el 864-226-0470<\/a>. Con sede en Illinois, atendemos a clientes de todo Estados Unidos.<\/p>\n","protected":false},"excerpt":{"rendered":"<p>SMF ofrece la m\u00e1s alta calidad de corte por l\u00e1ser en Charleston SC Si busca corte por l\u00e1ser de calidad en Charleston SC, recurra a SMF. Nuestra reputaci\u00f3n y experiencia en la fabricaci\u00f3n de metales y nuestro \u00e9nfasis en el servicio a nuestros clientes nos convierten en la elecci\u00f3n obvia. Tenemos experiencia en el corte &hellip; <a href=\"https:\/\/smf-inc.com\/es\/corte-por-laser-charleston-sc\/\" class=\"more-link\">Continue reading <span class=\"screen-reader-text\">Corte por l\u00e1ser Charleston SC<\/span><\/a><\/p>\n","protected":false},"author":1,"featured_media":1301,"parent":0,"menu_order":0,"comment_status":"closed","ping_status":"closed","template":"","meta":{"_acf_changed":false,"inline_featured_image":false,"footnotes":""},"class_list":["post-1303","page","type-page","status-publish","has-post-thumbnail","hentry"],"acf":[],"_links":{"self":[{"href":"https:\/\/smf-inc.com\/es\/wp-json\/wp\/v2\/pages\/1303","targetHints":{"allow":["GET"]}}],"collection":[{"href":"https:\/\/smf-inc.com\/es\/wp-json\/wp\/v2\/pages"}],"about":[{"href":"https:\/\/smf-inc.com\/es\/wp-json\/wp\/v2\/types\/page"}],"author":[{"embeddable":true,"href":"https:\/\/smf-inc.com\/es\/wp-json\/wp\/v2\/users\/1"}],"replies":[{"embeddable":true,"href":"https:\/\/smf-inc.com\/es\/wp-json\/wp\/v2\/comments?post=1303"}],"version-history":[{"count":5,"href":"https:\/\/smf-inc.com\/es\/wp-json\/wp\/v2\/pages\/1303\/revisions"}],"predecessor-version":[{"id":1517,"href":"https:\/\/smf-inc.com\/es\/wp-json\/wp\/v2\/pages\/1303\/revisions\/1517"}],"wp:featuredmedia":[{"embeddable":true,"href":"https:\/\/smf-inc.com\/es\/wp-json\/wp\/v2\/media\/1301"}],"wp:attachment":[{"href":"https:\/\/smf-inc.com\/es\/wp-json\/wp\/v2\/media?parent=1303"}],"curies":[{"name":"wp","href":"https:\/\/api.w.org\/{rel}","templated":true}]}}