{"id":1295,"date":"2023-03-24T06:48:32","date_gmt":"2023-03-24T06:48:32","guid":{"rendered":"https:\/\/smf-inc.com\/corte-por-laser-carolina-del-sur\/"},"modified":"2023-06-19T08:49:11","modified_gmt":"2023-06-19T08:49:11","slug":"corte-por-laser-carolina-del-sur","status":"publish","type":"page","link":"https:\/\/smf-inc.com\/es\/corte-por-laser-carolina-del-sur\/","title":{"rendered":"Corte por l\u00e1ser Carolina del Sur"},"content":{"rendered":"<h3>\u00bfBusca corte por l\u00e1ser de alta calidad en Carolina del Sur?<\/h3>\n<p>En SMF Inc. nos centramos en la fabricaci\u00f3n y el mecanizado de metales, y en establecer relaciones con nuestros clientes. Conf\u00edan en nosotros por nuestra <a href=\"https:\/\/smf-inc.com\/about-us\/\">experiencia, servicio y calidad<\/a> en todo lo que hacemos, incluido nuestro corte por l\u00e1ser en Carolina del Sur.<\/p>\n<p>Contamos con el equipo y la experiencia necesarios para proporcionar los cortes precisos que necesita para casi cualquier metal.<\/p>\n<p>SMF ha invertido en equipos de corte por l\u00e1ser de primera categor\u00eda que nos permiten afrontar casi cualquier proyecto. Nuestras avanzadas cortadoras l\u00e1ser se encuentran entre las m\u00e1s grandes del pa\u00eds, con una capacidad de corte de 54&#8242; de largo y 12&#8242; de ancho.<\/p>\n<h3>\u00bfCu\u00e1les son las ventajas de utilizar los servicios de corte por l\u00e1ser de SMF en Carolina del Sur?<\/h3>\n<p>Nuestro vers\u00e1til equipo de corte por l\u00e1ser a gran escala nos permite realizar trabajos complicados en el plazo previsto. La capacidad de nuestro l\u00e1ser para alojar piezas de metal de mayor tama\u00f1o se traduce en una reducci\u00f3n del tiempo de preparaci\u00f3n. Tambi\u00e9n nos permite completar m\u00e1s piezas en menos tiempo. As\u00ed ahorrar\u00e1 tiempo y dinero.<\/p>\n<h3>\u00bfCu\u00e1les son las ventajas del corte por l\u00e1ser?<\/h3>\n<p>Adem\u00e1s del corte por l\u00e1ser, existen varias opciones de corte de metal, como el corte por plasma y el corte por sierra. Podemos ofrecerle asesoramiento experto sobre la posibilidad que mejor se adapte a sus necesidades.<\/p>\n<p>\u00bfSon estas ventajas del corte por l\u00e1ser adecuadas para usted?<\/p>\n<ul>\n<li><strong>Cortes precisos<\/strong>: La configuraci\u00f3n asistida por ordenador garantiza los cortes m\u00e1s precisos y exactos de cualquier tecnolog\u00eda disponible en la actualidad. No importa cu\u00e1ntas piezas de metal cortemos, todas cumplir\u00e1n exactamente sus especificaciones.<\/li>\n<li><strong>Complejidad<\/strong>: Nuestras cortadoras l\u00e1ser pueden producir piezas con las formas m\u00e1s complicadas.<\/li>\n<li><strong>Menos residuos<\/strong>: Nuestro l\u00e1ser m\u00e1s grande nos permite maximizar el uso de material, desperdiciando menos metal y energ\u00eda.<\/li>\n<li><strong>Automatizaci\u00f3n<\/strong>: La tecnolog\u00eda avanzada y la automatizaci\u00f3n nos permiten ejecutar trabajos en una fracci\u00f3n del tiempo necesario con otros m\u00e9todos. Los cortes a medida no son ning\u00fan problema.<\/li>\n<\/ul>\n<h3>\u00bfQu\u00e9 materiales son adecuados para el corte por l\u00e1ser?<\/h3>\n<p>Nuestras cortadoras l\u00e1ser hacen que la fabricaci\u00f3n moderna de metal sea m\u00e1s r\u00e1pida y precisa que nunca. Podemos cortar con rapidez y precisi\u00f3n casi cualquier metal, incluidos:<\/p>\n<ul class=\"col-2\">\n<li>Aluminio<\/li>\n<li>Lat\u00f3n<\/li>\n<li>Acero inoxidable<\/li>\n<li>Titanio<\/li>\n<li>Cobre<\/li>\n<li>Otros materiales<\/li>\n<\/ul>\n<div class=\"left-img\"><img loading=\"lazy\" decoding=\"async\" class=\"alignnone\" src=\"https:\/\/smf-inc.com\/wp-content\/uploads\/2023\/03\/laser-cutting-technology.jpg\" alt=\"Corte por l\u00e1ser Carolina del Sur\" width=\"500\" height=\"350\" title=\"\"><\/div>\n<h3>\u00bfEst\u00e1 preparado para trabajar con nosotros?<\/h3>\n<p>Nos encantar\u00eda hablar con usted acerca de toda la gama de servicios que ofrecemos en SMF, incluyendo el corte por l\u00e1ser en Carolina del Sur y otros servicios de corte y fabricaci\u00f3n que pueda necesitar. P\u00f3ngase en contacto con nosotros hoy mismo en <a href=\"tel:8642260470\">el 864-226-0470<\/a>. Con sede en Illinois, atendemos a clientes de todo Estados Unidos.<\/p>\n","protected":false},"excerpt":{"rendered":"<p>\u00bfBusca corte por l\u00e1ser de alta calidad en Carolina del Sur? En SMF Inc. nos centramos en la fabricaci\u00f3n y el mecanizado de metales, y en establecer relaciones con nuestros clientes. Conf\u00edan en nosotros por nuestra experiencia, servicio y calidad en todo lo que hacemos, incluido nuestro corte por l\u00e1ser en Carolina del Sur. Contamos &hellip; <a href=\"https:\/\/smf-inc.com\/es\/corte-por-laser-carolina-del-sur\/\" class=\"more-link\">Continue reading <span class=\"screen-reader-text\">Corte por l\u00e1ser Carolina del Sur<\/span><\/a><\/p>\n","protected":false},"author":1,"featured_media":1293,"parent":0,"menu_order":0,"comment_status":"closed","ping_status":"closed","template":"","meta":{"_acf_changed":false,"inline_featured_image":false,"footnotes":""},"class_list":["post-1295","page","type-page","status-publish","has-post-thumbnail","hentry"],"acf":[],"_links":{"self":[{"href":"https:\/\/smf-inc.com\/es\/wp-json\/wp\/v2\/pages\/1295","targetHints":{"allow":["GET"]}}],"collection":[{"href":"https:\/\/smf-inc.com\/es\/wp-json\/wp\/v2\/pages"}],"about":[{"href":"https:\/\/smf-inc.com\/es\/wp-json\/wp\/v2\/types\/page"}],"author":[{"embeddable":true,"href":"https:\/\/smf-inc.com\/es\/wp-json\/wp\/v2\/users\/1"}],"replies":[{"embeddable":true,"href":"https:\/\/smf-inc.com\/es\/wp-json\/wp\/v2\/comments?post=1295"}],"version-history":[{"count":5,"href":"https:\/\/smf-inc.com\/es\/wp-json\/wp\/v2\/pages\/1295\/revisions"}],"predecessor-version":[{"id":1515,"href":"https:\/\/smf-inc.com\/es\/wp-json\/wp\/v2\/pages\/1295\/revisions\/1515"}],"wp:featuredmedia":[{"embeddable":true,"href":"https:\/\/smf-inc.com\/es\/wp-json\/wp\/v2\/media\/1293"}],"wp:attachment":[{"href":"https:\/\/smf-inc.com\/es\/wp-json\/wp\/v2\/media?parent=1295"}],"curies":[{"name":"wp","href":"https:\/\/api.w.org\/{rel}","templated":true}]}}