{"id":1269,"date":"2025-11-04T04:57:54","date_gmt":"2025-11-04T04:57:54","guid":{"rendered":"https:\/\/smf-inc.com\/corte-por-laser-peoria-il\/"},"modified":"2025-11-04T04:57:54","modified_gmt":"2025-11-04T04:57:54","slug":"corte-por-laser-peoria-il","status":"publish","type":"page","link":"https:\/\/smf-inc.com\/es\/corte-por-laser-peoria-il\/","title":{"rendered":"Corte por l\u00e1ser Peoria IL"},"content":{"rendered":"<h3>\u00bfPuede el corte por l\u00e1ser en Peoria IL beneficiar a su empresa?<\/h3>\n<p>Los profesionales de la industria manufacturera est\u00e1n siempre a la caza de formas de aumentar la producci\u00f3n, mejorar la calidad de las piezas y garantizar la coherencia del dise\u00f1o y el funcionamiento de los productos. M\u00e1s que contar con los materiales adecuados y trabajadores experimentados, necesita maquinaria de fabricaci\u00f3n que cumpla sus normas. Por ejemplo, el corte por l\u00e1ser puede resolver problemas de producci\u00f3n y calidad de las piezas. Sin embargo, las m\u00e1quinas <a href=\"https:\/\/smf-inc.com\/laser-cutting-illinois\/\">de corte por l\u00e1ser<\/a> pueden ser caras y dif\u00edciles de manejar. Afortunadamente, si desea mejorar su proceso de fabricaci\u00f3n mediante el corte por l\u00e1ser en Peoria IL, SMF Inc. puede proporcionarle los servicios necesarios.<\/p>\n<h3>\u00bfC\u00f3mo ayuda el corte por l\u00e1ser?<\/h3>\n<p>La mayor\u00eda de las f\u00e1bricas necesitan cortar y dar forma al metal y otros materiales durante el proceso de producci\u00f3n. Sin embargo, el corte con sierra, las cizallas y el corte tradicional de metales no son tan precisos y eficaces como preferir\u00edan los fabricantes. Por el contrario, el <a href=\"https:\/\/smf-inc.com\/laser-cutting-illinois\/\">corte por l\u00e1ser<\/a> puede satisfacer las necesidades de sus instalaciones, garantizando siempre cortes de metal de alta calidad.<\/p>\n<ul>\n<li><strong>Acelerar la producci\u00f3n<\/strong>\n<ul>\n<li>Para seguir el ritmo de las demandas de los consumidores sin \u00abrecortar gastos\u00bb, algunos aspectos de su proceso de producci\u00f3n deben racionalizarse. En este caso, el corte por l\u00e1ser puede ser la soluci\u00f3n. El corte por l\u00e1ser es m\u00e1s r\u00e1pido que cualquier proceso tradicional de corte de metales. Por no mencionar que el corte por l\u00e1ser es m\u00e1s r\u00e1pido que el corte por plasma y llama en la mayor\u00eda de los casos.<\/li>\n<\/ul>\n<\/li>\n<li><strong>Garantizar la coherencia<\/strong>\n<ul>\n<li>El <a href=\"https:\/\/smf-inc.com\/laser-cutting-rockford-il\/\">corte por l\u00e1ser<\/a> utiliza la programaci\u00f3n CAD y la automatizaci\u00f3n para garantizar la coherencia y la precisi\u00f3n total en todo el metal cortado. Por desgracia, por muy experimentado que sea su personal, el corte tradicional de metal no es tan preciso como una m\u00e1quina asistida por ordenador. El corte por l\u00e1ser permite realizar cortes de metal suaves y uniformes, con poco tiempo de inactividad entre cada corte.<\/li>\n<\/ul>\n<\/li>\n<li><strong>Aplicaci\u00f3n m\u00e1s segura<\/strong>\n<ul>\n<li>Muchas t\u00e9cnicas tradicionales de corte de metales no son tan seguras como cabr\u00eda esperar. No s\u00f3lo son peligrosas las herramientas utilizadas para cortar metal (si no se tiene experiencia), sino que los cortes acabados pueden dejar bordes \u00e1speros y dentados, que son perjudiciales para cualquiera que manipule sus piezas y productos met\u00e1licos. Por el contrario, el <a href=\"https:\/\/smf-inc.com\/laser-cutting-chicago-il\/\">corte por l\u00e1ser<\/a> utiliza calor para fundir y alisar los bordes mientras corta y elimina el trabajo manual del proceso de corte.<\/li>\n<\/ul>\n<\/li>\n<\/ul>\n<h3><strong>Capacidades<\/strong> de SMF<\/h3>\n<p>Aunque el <a href=\"https:\/\/smf-inc.com\/laser-cutting-springfield-il\/\">corte por l\u00e1ser<\/a> en Peoria IL puede ser crucial para el proceso de producci\u00f3n de sus instalaciones, no es el \u00fanico servicio de <a href=\"https:\/\/smf-inc.com\/metal-fabrication-illinois\/\">fabricaci\u00f3n de metal<\/a> que probablemente necesitar\u00e1. De hecho, SMF ofrece una gran variedad de servicios de fabricaci\u00f3n de metal para satisfacer las necesidades de todas las empresas manufactureras locales. Nos comprometemos a tomar sus dise\u00f1os de piezas y componentes y darles vida con nuestra gama de capacidades, entre las que se incluyen:<\/p>\n<ul class=\"col-3\">\n<li style=\"list-style-type: none\">\n<ul class=\"col-3\">\n<li><a href=\"https:\/\/smf-inc.com\/capabilities\/assembly\/\">Montaje<\/a><\/li>\n<li><a href=\"https:\/\/smf-inc.com\/capabilities\/blasting\/\">Voladura<\/a><\/li>\n<li><a href=\"https:\/\/smf-inc.com\/capabilities\/plasma-cutting\/\">Corte por plasma<\/a><\/li>\n<li><a href=\"https:\/\/smf-inc.com\/capabilities\/welding\/\">Soldadura<\/a><\/li>\n<li><a href=\"https:\/\/smf-inc.com\/capabilities\/forming\/\">Formando<\/a><\/li>\n<li><a href=\"https:\/\/smf-inc.com\/capabilities\/powder-coating\/\">Recubrimiento en polvo<\/a><\/li>\n<li><a href=\"https:\/\/smf-inc.com\/capabilities\/saw-cutting\/\">Corte de sierra<\/a><\/li>\n<li><a href=\"https:\/\/smf-inc.com\/capabilities\/machining\/\">Mecanizado<\/a><\/li>\n<\/ul>\n<\/li>\n<\/ul>\n<p>&nbsp;<\/p>\n<div class=\"left-img\"><img loading=\"lazy\" decoding=\"async\" class=\"alignnone\" src=\"https:\/\/smf-inc.com\/wp-content\/uploads\/2023\/03\/young-engineer-and-foreman.jpg_s1024x1024wisk20c_tsK2w6peoDtCNi9lVNrnbm2bQ70UjZDmqo52g1juuw.jpg\" alt=\"M\u00e1quina programadora de dos hombres para corte autom\u00e1tico por l\u00e1ser en Peoria IL\" width=\"500\" height=\"350\" title=\"\"><\/div>\n<h3>Contacta con SMF<\/h3>\n<p>Cuando sus instalaciones no puedan realizar un corte de metal consistente y preciso, cuente con SMF Inc. para el corte por l\u00e1ser en Peoria IL. Para obtener m\u00e1s informaci\u00f3n sobre nuestra empresa y nuestras capacidades de <a href=\"https:\/\/smf-inc.com\/metal-fabrication-peoria-il\/\">fabricaci\u00f3n de metal<\/a>, p\u00f3ngase en contacto con nosotros hoy mismo en el <a href=\"tel:3094322586\">309-432-2586<\/a>. SMF Inc. cuenta con dos instalaciones en Carolina del Sur e Illinois, que atienden a clientes de todo Estados Unidos.<\/p>\n","protected":false},"excerpt":{"rendered":"<p>\u00bfPuede el corte por l\u00e1ser en Peoria IL beneficiar a su empresa? Los profesionales de la industria manufacturera est\u00e1n siempre a la caza de formas de aumentar la producci\u00f3n, mejorar la calidad de las piezas y garantizar la coherencia del dise\u00f1o y el funcionamiento de los productos. M\u00e1s que contar con los materiales adecuados y &hellip; <a href=\"https:\/\/smf-inc.com\/es\/corte-por-laser-peoria-il\/\" class=\"more-link\">Continue reading <span class=\"screen-reader-text\">Corte por l\u00e1ser Peoria IL<\/span><\/a><\/p>\n","protected":false},"author":1,"featured_media":1267,"parent":0,"menu_order":0,"comment_status":"closed","ping_status":"closed","template":"","meta":{"_acf_changed":false,"inline_featured_image":false,"footnotes":""},"class_list":["post-1269","page","type-page","status-publish","has-post-thumbnail","hentry"],"acf":[],"_links":{"self":[{"href":"https:\/\/smf-inc.com\/es\/wp-json\/wp\/v2\/pages\/1269","targetHints":{"allow":["GET"]}}],"collection":[{"href":"https:\/\/smf-inc.com\/es\/wp-json\/wp\/v2\/pages"}],"about":[{"href":"https:\/\/smf-inc.com\/es\/wp-json\/wp\/v2\/types\/page"}],"author":[{"embeddable":true,"href":"https:\/\/smf-inc.com\/es\/wp-json\/wp\/v2\/users\/1"}],"replies":[{"embeddable":true,"href":"https:\/\/smf-inc.com\/es\/wp-json\/wp\/v2\/comments?post=1269"}],"version-history":[{"count":5,"href":"https:\/\/smf-inc.com\/es\/wp-json\/wp\/v2\/pages\/1269\/revisions"}],"predecessor-version":[{"id":3029,"href":"https:\/\/smf-inc.com\/es\/wp-json\/wp\/v2\/pages\/1269\/revisions\/3029"}],"wp:featuredmedia":[{"embeddable":true,"href":"https:\/\/smf-inc.com\/es\/wp-json\/wp\/v2\/media\/1267"}],"wp:attachment":[{"href":"https:\/\/smf-inc.com\/es\/wp-json\/wp\/v2\/media?parent=1269"}],"curies":[{"name":"wp","href":"https:\/\/api.w.org\/{rel}","templated":true}]}}