{"id":1261,"date":"2025-11-04T04:57:52","date_gmt":"2025-11-04T04:57:52","guid":{"rendered":"https:\/\/smf-inc.com\/corte-por-laser-rockford-il\/"},"modified":"2025-11-04T04:57:52","modified_gmt":"2025-11-04T04:57:52","slug":"corte-por-laser-rockford-il","status":"publish","type":"page","link":"https:\/\/smf-inc.com\/es\/corte-por-laser-rockford-il\/","title":{"rendered":"Corte por l\u00e1ser Rockford IL"},"content":{"rendered":"<h3>\u00bfLe falta capacidad para el corte por l\u00e1ser en Rockford IL? Cuenta con SMF<\/h3>\n<p>Para las instalaciones de fabricaci\u00f3n que a menudo tienen que lidiar con el corte y la <a href=\"https:\/\/smf-inc.com\/metal-fabrication-rockford-il\/\">fabricaci\u00f3n de metal<\/a>, es esencial tener acceso a los equipos y t\u00e9cnicos adecuados. Por desgracia, fuera de los m\u00e9todos tradicionales de corte de metales, como el corte con sierra y las cizallas para metales, disponer de maquinaria de corte precisa y exacta en la propia empresa puede resultar caro. Por esta raz\u00f3n, SMF Inc. se esfuerza por ofrecer un corte de metal r\u00e1pido y preciso con nuestro corte por l\u00e1ser para Rockford IL y las instalaciones de fabricaci\u00f3n en todo el Medio Oeste.<\/p>\n<h3>Las mejores caracter\u00edsticas del corte por l\u00e1ser<\/h3>\n<p>Entre las opciones disponibles para el corte y la <a href=\"https:\/\/smf-inc.com\/metal-fabrication-illinois\/\">fabricaci\u00f3n de metales<\/a>, el <a href=\"https:\/\/smf-inc.com\/laser-cutting-illinois\/\">corte por<\/a> l\u00e1ser es siempre la primera de la lista. Para SMF Inc., el corte por l\u00e1ser es uno de nuestros principales servicios. Disponemos de numerosas m\u00e1quinas de corte por l\u00e1ser con las herramientas y el software m\u00e1s avanzados, lo que garantiza que los cortes de metal sean limpios, r\u00e1pidos y precisos. Algunas de las mejores caracter\u00edsticas del corte por l\u00e1ser son:<\/p>\n<ul>\n<li><strong>Cortes limpios<\/strong> &#8211; El corte de metal tradicional deja bordes \u00e1speros y dentados en las piezas cortadas, lo que puede ser peligroso para cualquier persona que manipule dichos componentes. Por el contrario, el corte por l\u00e1ser utiliza calor para cortar el metal, lo que significa que los bordes \u00e1speros se funden y suavizan durante el proceso de corte.<\/li>\n<li><strong>Precisi\u00f3n<\/strong> &#8211; Aunque el corte manual de metal permite realizar el trabajo, las piezas terminadas corren el riesgo de no ser tan precisas como usted espera. Por mucho que lo intentemos, la tecnolog\u00eda inform\u00e1tica siempre producir\u00e1 un corte con m\u00e1s precisi\u00f3n que las manos humanas. Por este motivo, el corte por l\u00e1ser se realiza mediante software CAD y tecnolog\u00eda inform\u00e1tica.<\/li>\n<li><strong>Rapidez<\/strong>: si en su empresa ya se ha realizado el corte de metal tradicional, sabr\u00e1 lo largo que puede ser el proceso. El corte por l\u00e1ser es todo lo contrario, ya que es uno de los m\u00e9todos de corte de metal m\u00e1s r\u00e1pidos de que disponen los fabricantes, m\u00e1s r\u00e1pido que el corte por plasma o por llama.<\/li>\n<li><strong>Eficacia<\/strong> &#8211; Como ya se ha mencionado, el corte por l\u00e1ser se apoya en programas CAD y controles inform\u00e1ticos. Al introducir el dise\u00f1o de la pieza en nuestra maquinaria <a href=\"https:\/\/smf-inc.com\/laser-cutting-springfield-il\/\">de corte por l\u00e1ser<\/a>, podemos seguir produciendo piezas met\u00e1licas con los mismos cortes uniformes. Independientemente del tama\u00f1o o la complejidad de una pieza, la eficacia del corte por l\u00e1ser produce siempre cortes de alta calidad.<\/li>\n<li><strong>Flexibilidad<\/strong> &#8211; Nuestras m\u00e1quinas de corte por l\u00e1ser cuentan con numerosas herramientas y ajustes para cortar cualquier material, independientemente de su consistencia, tama\u00f1o o grosor. Somos flexibles en nuestras capacidades de corte por l\u00e1ser, ofreciendo cortes para materiales como cobre, acero, aluminio, titanio, lat\u00f3n y diversos pl\u00e1sticos.<\/li>\n<\/ul>\n<h3>Servicios adicionales de fabricaci\u00f3n de metales<\/h3>\n<p>SMF Inc. trabaja diligentemente para proporcionar a nuestros clientes la m\u00e1s amplia gama de <a href=\"https:\/\/smf-inc.com\/our-capabilities\/\">servicios de fabricaci\u00f3n de metal<\/a>. Aunque el <a href=\"https:\/\/smf-inc.com\/laser-cutting-peoria-il\/\">corte por l\u00e1ser<\/a> en Rockford IL es esencial para muchas instalaciones de fabricaci\u00f3n, no es el \u00fanico servicio de fabricaci\u00f3n que su empresa puede necesitar. Nuestro objetivo es garantizar que nuestros clientes puedan alcanzar la visi\u00f3n so\u00f1ada de un producto, pieza o componente con las m\u00ednimas molestias y total precisi\u00f3n. Como tal, nuestras capacidades adicionales incluyen:<\/p>\n<ul class=\"col-3\">\n<li style=\"list-style-type: none\">\n<ul class=\"col-3\">\n<li><a href=\"https:\/\/smf-inc.com\/capabilities\/blasting\/\">Voladura<\/a><\/li>\n<li><a href=\"https:\/\/smf-inc.com\/capabilities\/assembly\/\">Montaje<\/a><\/li>\n<li><a href=\"https:\/\/smf-inc.com\/capabilities\/machining\/\">Mecanizado<\/a><\/li>\n<li><a href=\"https:\/\/smf-inc.com\/capabilities\/powder-coating\/\">Recubrimiento en polvo<\/a><\/li>\n<li><a href=\"https:\/\/smf-inc.com\/capabilities\/saw-cutting\/\">Corte de sierra<\/a><\/li>\n<li><a href=\"https:\/\/smf-inc.com\/capabilities\/plasma-cutting\/\">Corte por plasma<\/a><\/li>\n<li><a href=\"https:\/\/smf-inc.com\/capabilities\/forming\/\">Formando<\/a><\/li>\n<li><a href=\"https:\/\/smf-inc.com\/capabilities\/welding\/\">Soldadura<\/a><\/li>\n<\/ul>\n<\/li>\n<\/ul>\n<p>&nbsp;<\/p>\n<div class=\"left-img\"><img loading=\"lazy\" decoding=\"async\" class=\"alignnone\" src=\"https:\/\/smf-inc.com\/wp-content\/uploads\/2023\/03\/cnc-laser-metal-cutting-machine-tool-in-operation.jpg_s1024x1024wisk20cNpxzxa99Z-XttUtTk5dv-wzKMFmxacW5ZtO5BLnlKog.jpg\" alt=\"El proceso automatizado de corte por l\u00e1ser en Rockford IL\" width=\"500\" height=\"350\" title=\"\"><\/div>\n<h3>Contacte con nuestra oficina<\/h3>\n<p>Cuando se trata de cortes precisos y detallados, puede confiar en SMF Inc. y nuestro <a href=\"https:\/\/smf-inc.com\/laser-cutting-chicago-il\/\">corte por l\u00e1ser<\/a> para Rockford IL y todo el Medio Oeste. Para obtener m\u00e1s informaci\u00f3n sobre nuestra empresa y nuestras capacidades de fabricaci\u00f3n adicionales, p\u00f3ngase en contacto con nosotros hoy mismo en el <a href=\"tel:3094322586\">309-432-2586<\/a>. SMF Inc. cuenta con dos instalaciones en Carolina del Sur e Illinois, que atienden a clientes de todo Estados Unidos.<\/p>\n","protected":false},"excerpt":{"rendered":"<p>\u00bfLe falta capacidad para el corte por l\u00e1ser en Rockford IL? Cuenta con SMF Para las instalaciones de fabricaci\u00f3n que a menudo tienen que lidiar con el corte y la fabricaci\u00f3n de metal, es esencial tener acceso a los equipos y t\u00e9cnicos adecuados. Por desgracia, fuera de los m\u00e9todos tradicionales de corte de metales, como &hellip; <a href=\"https:\/\/smf-inc.com\/es\/corte-por-laser-rockford-il\/\" class=\"more-link\">Continue reading <span class=\"screen-reader-text\">Corte por l\u00e1ser Rockford IL<\/span><\/a><\/p>\n","protected":false},"author":1,"featured_media":1258,"parent":0,"menu_order":0,"comment_status":"closed","ping_status":"closed","template":"","meta":{"_acf_changed":false,"inline_featured_image":false,"footnotes":""},"class_list":["post-1261","page","type-page","status-publish","has-post-thumbnail","hentry"],"acf":[],"_links":{"self":[{"href":"https:\/\/smf-inc.com\/es\/wp-json\/wp\/v2\/pages\/1261","targetHints":{"allow":["GET"]}}],"collection":[{"href":"https:\/\/smf-inc.com\/es\/wp-json\/wp\/v2\/pages"}],"about":[{"href":"https:\/\/smf-inc.com\/es\/wp-json\/wp\/v2\/types\/page"}],"author":[{"embeddable":true,"href":"https:\/\/smf-inc.com\/es\/wp-json\/wp\/v2\/users\/1"}],"replies":[{"embeddable":true,"href":"https:\/\/smf-inc.com\/es\/wp-json\/wp\/v2\/comments?post=1261"}],"version-history":[{"count":4,"href":"https:\/\/smf-inc.com\/es\/wp-json\/wp\/v2\/pages\/1261\/revisions"}],"predecessor-version":[{"id":3035,"href":"https:\/\/smf-inc.com\/es\/wp-json\/wp\/v2\/pages\/1261\/revisions\/3035"}],"wp:featuredmedia":[{"embeddable":true,"href":"https:\/\/smf-inc.com\/es\/wp-json\/wp\/v2\/media\/1258"}],"wp:attachment":[{"href":"https:\/\/smf-inc.com\/es\/wp-json\/wp\/v2\/media?parent=1261"}],"curies":[{"name":"wp","href":"https:\/\/api.w.org\/{rel}","templated":true}]}}