{"id":1252,"date":"2025-11-04T04:57:53","date_gmt":"2025-11-04T04:57:53","guid":{"rendered":"https:\/\/smf-inc.com\/corte-por-laser-chicago-il\/"},"modified":"2025-11-04T04:57:53","modified_gmt":"2025-11-04T04:57:53","slug":"corte-por-laser-chicago-il","status":"publish","type":"page","link":"https:\/\/smf-inc.com\/es\/corte-por-laser-chicago-il\/","title":{"rendered":"Corte por l\u00e1ser Chicago IL"},"content":{"rendered":"<h3>Optimice la producci\u00f3n de sus instalaciones con el corte por l\u00e1ser en Chicago IL<\/h3>\n<p>\u00bfBusca formas de mejorar la capacidad de producci\u00f3n de sus instalaciones? No est\u00e1s solo. Las empresas manufactureras de todo el Medio Oeste siempre buscan formas de agilizar la producci\u00f3n y, al mismo tiempo, garantizar que los clientes reciban un producto preciso y bien dise\u00f1ado. Como tal, el corte de metal es siempre un paso de fabricaci\u00f3n desafiante para muchos fabricantes. Afortunadamente, con el <a href=\"https:\/\/smf-inc.com\/laser-cutting-illinois\/\">corte por l\u00e1ser<\/a> de SMF Inc. para empresas de Chicago IL, las preocupaciones sobre el corte de metal son cosa del pasado.<\/p>\n<h3>\u00bfPor qu\u00e9 invertir en servicios de corte por l\u00e1ser?<\/h3>\n<p>Mientras que el <a href=\"https:\/\/smf-inc.com\/laser-cutting-peoria-il\/\">corte por l\u00e1ser<\/a> interno requiere equipos caros y la contrataci\u00f3n de operarios experimentados, subcontratar el corte por l\u00e1ser a SMF es incre\u00edblemente asequible en comparaci\u00f3n. Adem\u00e1s de la asequibilidad de los servicios, el corte por l\u00e1ser beneficia a sus capacidades generales de fabricaci\u00f3n y producci\u00f3n por razones como:<\/p>\n<ul>\n<li><strong>Mayor velocidad de producci\u00f3n<\/strong>\n<ul>\n<li>Si las piezas y productos que fabrica tienen una gran demanda, necesita medios para producir componentes r\u00e1pidamente. Afortunadamente, el corte por l\u00e1ser es el m\u00e9todo perfecto para acelerar el proceso de fabricaci\u00f3n. El corte tradicional de metales es una tarea laboriosa, y el corte por plasma o llama no puede igualar la velocidad del corte por l\u00e1ser.<\/li>\n<\/ul>\n<\/li>\n<li><strong>Mayor precisi\u00f3n<\/strong>\n<ul>\n<li>Aunque nuestros <a href=\"https:\/\/smf-inc.com\/metal-fabrication-chicago-il\/\">fabricantes de metal<\/a> son expertos en lo que hacen, incluso ellos son propensos a cometer errores tras docenas de cortes manuales seguidos. Mediante controles informatizados y software CAD, el corte preciso que necesita se programa en nuestras m\u00e1quinas de corte por l\u00e1ser. Al eliminar el \u00abelemento humano\u00bb del corte por l\u00e1ser, podemos garantizar una mayor precisi\u00f3n y exactitud en cada corte.<\/li>\n<\/ul>\n<\/li>\n<li><strong>Reducci\u00f3n de las necesidades de mano de obra<\/strong>\n<ul>\n<li>El mismo software CAD utilizado para crear cortes precisos y complicados en metal se utiliza para automatizar el <a href=\"https:\/\/smf-inc.com\/laser-cutting-rockford-il\/\">proceso de corte por l\u00e1ser<\/a>. La automatizaci\u00f3n aumenta la velocidad de producci\u00f3n y garantiza una mayor uniformidad en todas las piezas de metal cortadas. Tanto si se trata de cortar aluminio, acero, cobre o pl\u00e1stico, la automatizaci\u00f3n del corte por l\u00e1ser siempre produce cortes uniformes, limpios y de calidad.<\/li>\n<\/ul>\n<\/li>\n<\/ul>\n<h3>Nuestros servicios adicionales de fabricaci\u00f3n<\/h3>\n<p>Si sus instalaciones requieren algo m\u00e1s que corte por l\u00e1ser en Chicago IL, SMF puede complacerle. Desde los inicios de nuestra empresa, siempre nos hemos esforzado por ofrecer a nuestros clientes la m\u00e1s amplia gama de servicios de fabricaci\u00f3n de metal. Adem\u00e1s de abastecernos de materiales a precios m\u00e1s asequibles, apoyamos a nuestros clientes con capacidades garantizadas para producir piezas y componentes seg\u00fan sus especificaciones exactas. Nuestros servicios adicionales de fabricaci\u00f3n incluyen:<\/p>\n<ul class=\"col-3\">\n<li style=\"list-style-type: none\">\n<ul class=\"col-3\">\n<li><a href=\"https:\/\/smf-inc.com\/capabilities\/machining\/\">Mecanizado<\/a><\/li>\n<li><a href=\"https:\/\/smf-inc.com\/capabilities\/saw-cutting\/\">Corte de sierra<\/a><\/li>\n<li><a href=\"https:\/\/smf-inc.com\/capabilities\/powder-coating\/\">Recubrimiento en polvo<\/a><\/li>\n<li><a href=\"https:\/\/smf-inc.com\/capabilities\/assembly\/\">Montaje<\/a><\/li>\n<li><a href=\"https:\/\/smf-inc.com\/capabilities\/blasting\/\">Voladura<\/a><\/li>\n<li><a href=\"https:\/\/smf-inc.com\/capabilities\/forming\/\">Formando<\/a><\/li>\n<li><a href=\"https:\/\/smf-inc.com\/capabilities\/welding\/\">Soldadura<\/a><\/li>\n<li><a href=\"https:\/\/smf-inc.com\/capabilities\/plasma-cutting\/\">Corte por plasma<\/a><\/li>\n<\/ul>\n<\/li>\n<\/ul>\n<p>&nbsp;<\/p>\n<div class=\"left-img\"><img loading=\"lazy\" decoding=\"async\" class=\"alignnone\" src=\"https:\/\/smf-inc.com\/wp-content\/uploads\/2023\/03\/machine-operator.jpg_s1024x1024wisk20cKRWj4JduZG6Htmj8Bpu4W2ZNO3KGJPi7zgQQtOtmhgU.jpg\" alt=\"Un fabricante de metal trabajando duro para dar forma a componentes met\u00e1licos\" width=\"500\" height=\"350\" title=\"\"><\/div>\n<h3>Contacte con nuestra oficina<\/h3>\n<p>No permita que la producci\u00f3n de sus instalaciones de fabricaci\u00f3n contin\u00fae sin invertir en <a href=\"https:\/\/smf-inc.com\/laser-cutting-springfield-il\/\">corte por l\u00e1ser<\/a> en Chicago IL. Puede encontrar servicios de corte por l\u00e1ser precisos y asequibles con los expertos en fabricaci\u00f3n de SMF Inc. Para obtener m\u00e1s informaci\u00f3n o solicitar un presupuesto, p\u00f3ngase en contacto con nosotros hoy mismo en el <a href=\"tel:3094322586\">309-432-2586<\/a>. SMF Inc. cuenta con dos instalaciones en Carolina del Sur e Illinois, que atienden a clientes de todo Estados Unidos.<\/p>\n","protected":false},"excerpt":{"rendered":"<p>Optimice la producci\u00f3n de sus instalaciones con el corte por l\u00e1ser en Chicago IL \u00bfBusca formas de mejorar la capacidad de producci\u00f3n de sus instalaciones? No est\u00e1s solo. Las empresas manufactureras de todo el Medio Oeste siempre buscan formas de agilizar la producci\u00f3n y, al mismo tiempo, garantizar que los clientes reciban un producto preciso &hellip; <a href=\"https:\/\/smf-inc.com\/es\/corte-por-laser-chicago-il\/\" class=\"more-link\">Continue reading <span class=\"screen-reader-text\">Corte por l\u00e1ser Chicago IL<\/span><\/a><\/p>\n","protected":false},"author":1,"featured_media":1250,"parent":0,"menu_order":0,"comment_status":"closed","ping_status":"closed","template":"","meta":{"_acf_changed":false,"inline_featured_image":false,"footnotes":""},"class_list":["post-1252","page","type-page","status-publish","has-post-thumbnail","hentry"],"acf":[],"_links":{"self":[{"href":"https:\/\/smf-inc.com\/es\/wp-json\/wp\/v2\/pages\/1252","targetHints":{"allow":["GET"]}}],"collection":[{"href":"https:\/\/smf-inc.com\/es\/wp-json\/wp\/v2\/pages"}],"about":[{"href":"https:\/\/smf-inc.com\/es\/wp-json\/wp\/v2\/types\/page"}],"author":[{"embeddable":true,"href":"https:\/\/smf-inc.com\/es\/wp-json\/wp\/v2\/users\/1"}],"replies":[{"embeddable":true,"href":"https:\/\/smf-inc.com\/es\/wp-json\/wp\/v2\/comments?post=1252"}],"version-history":[{"count":4,"href":"https:\/\/smf-inc.com\/es\/wp-json\/wp\/v2\/pages\/1252\/revisions"}],"predecessor-version":[{"id":3034,"href":"https:\/\/smf-inc.com\/es\/wp-json\/wp\/v2\/pages\/1252\/revisions\/3034"}],"wp:featuredmedia":[{"embeddable":true,"href":"https:\/\/smf-inc.com\/es\/wp-json\/wp\/v2\/media\/1250"}],"wp:attachment":[{"href":"https:\/\/smf-inc.com\/es\/wp-json\/wp\/v2\/media?parent=1252"}],"curies":[{"name":"wp","href":"https:\/\/api.w.org\/{rel}","templated":true}]}}