{"id":1243,"date":"2025-11-04T04:57:51","date_gmt":"2025-11-04T04:57:51","guid":{"rendered":"https:\/\/smf-inc.com\/corte-por-laser-springfield-il\/"},"modified":"2025-11-04T04:57:51","modified_gmt":"2025-11-04T04:57:51","slug":"corte-por-laser-springfield-il","status":"publish","type":"page","link":"https:\/\/smf-inc.com\/es\/corte-por-laser-springfield-il\/","title":{"rendered":"Corte por l\u00e1ser Springfield IL"},"content":{"rendered":"<h3>\u00bfNecesita su empresa corte por l\u00e1ser en Springfield IL?<\/h3>\n<p>Gestionar todos los aspectos de la producci\u00f3n puede resultar dif\u00edcil para una empresa de ingenier\u00eda o una planta de fabricaci\u00f3n. A veces, su empresa carece del equipo y los recursos adecuados para producir o mantener con eficacia determinados aspectos de la fabricaci\u00f3n y el montaje. Por ejemplo, el corte por l\u00e1ser en Springfield IL requiere t\u00e9cnicos experimentados y maquinaria avanzada para completarse. Puedes subcontratar gran parte de este trabajo en metal a SMF Inc, tu <a href=\"https:\/\/smf-inc.com\/custom-metal-fabrication\/\">empresa local de fabricaci\u00f3n de metal<\/a> de servicio completo.<\/p>\n<h3>\u00bfCu\u00e1les son las ventajas del corte por l\u00e1ser?<\/h3>\n<p>A diferencia de otros m\u00e9todos de corte de metal m\u00e1s tradicionales, el <a href=\"https:\/\/smf-inc.com\/laser-cutting-illinois\/\">corte por<\/a> l\u00e1ser garantiza ciertos beneficios y ventajas que pueden agilizar su proceso de producci\u00f3n. De hecho, la mayor\u00eda de los fabricantes conf\u00edan en el corte por l\u00e1ser para satisfacer las demandas de los consumidores y garantizar una precisi\u00f3n total en los productos fabricados.<\/p>\n<ul>\n<li>Bordes <strong>bien cortados <\/strong>&#8211; Las cizallas y los cortes de sierra, aunque eficaces, no dejan los bordes m\u00e1s limpios. El corte tradicional de metales suele producir bordes \u00e1speros y dentados, lo que supone un riesgo para la seguridad de quienes manipulan el metal. Por el contrario, el corte por l\u00e1ser utiliza calor para cortar metal, lo que significa que los bordes del metal se funden para crear bordes lisos.<\/li>\n<li><strong>Controles informatizados<\/strong> &#8211; Incluso nuestros expertos en <a href=\"https:\/\/smf-inc.com\/metal-fabrication-springfield-il\/\">fabricaci\u00f3n de metal<\/a> pueden cometer errores tras demasiados cortes seguidos. Afortunadamente, SMF puede evitar errores en el corte por l\u00e1ser con la automatizaci\u00f3n. Los controles informatizados de nuestras m\u00e1quinas de corte por l\u00e1ser permiten realizar cortes uniformes, r\u00e1pidos y precisos, independientemente del tama\u00f1o o la complejidad de la pieza o el producto.<\/li>\n<li><strong>Cortes m\u00e1s r\u00e1pidos<\/strong>: adem\u00e1s de la precisi\u00f3n y la uniformidad que garantiza la automatizaci\u00f3n del <a href=\"https:\/\/smf-inc.com\/laser-cutting-rockford-il\/\">corte por l\u00e1ser<\/a>, tambi\u00e9n se puede conseguir una excelente velocidad de corte. Los m\u00e9todos tradicionales de corte de metales son mucho m\u00e1s lentos. Incluso los m\u00e9todos de corte m\u00e1s eficaces, como el corte por plasma o por llama, no son tan r\u00e1pidos como el corte por l\u00e1ser.<\/li>\n<li><strong>Para todo tipo<\/strong> de materiales &#8211; Lo mejor de todo es que el corte por l\u00e1ser admite una amplia gama de materiales. Sea cual sea la pieza o el producto que desee crear, podemos ofrecerle los cortes m\u00e1s r\u00e1pidos y precisos para el material que elija. Por ejemplo, el corte por l\u00e1ser funciona muy bien con aluminio, lat\u00f3n, acero inoxidable, titanio, cobre, diversos pl\u00e1sticos y mucho m\u00e1s.<\/li>\n<\/ul>\n<h3>\u00bfC\u00f3mo podemos ayudarle?<\/h3>\n<p>El <a href=\"https:\/\/smf-inc.com\/laser-cutting-peoria-il\/\">corte por l\u00e1ser<\/a> en Springfield IL es un servicio esencial que necesitan la mayor\u00eda de las instalaciones de ingenier\u00eda y fabricaci\u00f3n. Sin embargo, el corte por l\u00e1ser no es el \u00fanico servicio de fabricaci\u00f3n de metal que puede encargar a SMF. Contamos con expertos en todos los campos de la fabricaci\u00f3n de metales, lo que nos permite ofrecer siempre a nuestros clientes la m\u00e1s amplia gama de servicios. Como empresa de fabricaci\u00f3n de metal de servicio completo, nuestras capacidades incluyen:<\/p>\n<ul class=\"col-3\">\n<li><a href=\"https:\/\/smf-inc.com\/capabilities\/saw-cutting\/\">Corte de sierra<\/a><\/li>\n<li><a href=\"https:\/\/smf-inc.com\/capabilities\/machining\/\">Mecanizado<\/a><\/li>\n<li><a href=\"https:\/\/smf-inc.com\/capabilities\/powder-coating\/\">Recubrimiento en polvo<\/a><\/li>\n<li><a href=\"https:\/\/smf-inc.com\/capabilities\/assembly\/\">Montaje<\/a><\/li>\n<li><a href=\"https:\/\/smf-inc.com\/capabilities\/blasting\/\">Voladura<\/a><\/li>\n<li><a href=\"https:\/\/smf-inc.com\/capabilities\/forming\/\">Formando<\/a><\/li>\n<li><a href=\"https:\/\/smf-inc.com\/capabilities\/welding\/\">Soldadura<\/a><\/li>\n<li><a href=\"https:\/\/smf-inc.com\/capabilities\/plasma-cutting\/\">Corte por plasma<\/a><\/li>\n<\/ul>\n<div class=\"left-img\"><img loading=\"lazy\" decoding=\"async\" class=\"alignnone\" src=\"https:\/\/smf-inc.com\/wp-content\/uploads\/2023\/03\/automated-programmed-machine-industrial-laser-machine-cuts-out-parts-in-sheet-steel-heat.jpg_s1024x1024wisk20cKV3wO74yA1HvkADOIMuJhrD_tOhNcZ20_O0omnwxIbg.jpg\" alt=\"Una m\u00e1quina trabajando para realizar Corte L\u00e1ser en Springfield IL\" width=\"500\" height=\"350\" title=\"\"><\/div>\n<h3>Cuenta con SMF<\/h3>\n<p>Si sus instalaciones no pueden implementar el <a href=\"https:\/\/smf-inc.com\/laser-cutting-chicago-il\/\">corte por l\u00e1ser<\/a> adecuado en Springfield IL, conf\u00ede en los expertos capacitados y el equipo avanzado de SMF Inc. Para saber m\u00e1s sobre nuestra empresa y nuestras capacidades, p\u00f3ngase en contacto con nosotros hoy mismo en el <a href=\"tel:3094322586\">309-432-2586<\/a>. SMF Inc. cuenta con dos instalaciones en Carolina del Sur e Illinois, que atienden a clientes de todo Estados Unidos.<\/p>\n","protected":false},"excerpt":{"rendered":"<p>\u00bfNecesita su empresa corte por l\u00e1ser en Springfield IL? Gestionar todos los aspectos de la producci\u00f3n puede resultar dif\u00edcil para una empresa de ingenier\u00eda o una planta de fabricaci\u00f3n. A veces, su empresa carece del equipo y los recursos adecuados para producir o mantener con eficacia determinados aspectos de la fabricaci\u00f3n y el montaje. Por &hellip; <a href=\"https:\/\/smf-inc.com\/es\/corte-por-laser-springfield-il\/\" class=\"more-link\">Continue reading <span class=\"screen-reader-text\">Corte por l\u00e1ser Springfield IL<\/span><\/a><\/p>\n","protected":false},"author":1,"featured_media":1241,"parent":0,"menu_order":0,"comment_status":"closed","ping_status":"closed","template":"","meta":{"_acf_changed":false,"inline_featured_image":false,"footnotes":""},"class_list":["post-1243","page","type-page","status-publish","has-post-thumbnail","hentry"],"acf":[],"_links":{"self":[{"href":"https:\/\/smf-inc.com\/es\/wp-json\/wp\/v2\/pages\/1243","targetHints":{"allow":["GET"]}}],"collection":[{"href":"https:\/\/smf-inc.com\/es\/wp-json\/wp\/v2\/pages"}],"about":[{"href":"https:\/\/smf-inc.com\/es\/wp-json\/wp\/v2\/types\/page"}],"author":[{"embeddable":true,"href":"https:\/\/smf-inc.com\/es\/wp-json\/wp\/v2\/users\/1"}],"replies":[{"embeddable":true,"href":"https:\/\/smf-inc.com\/es\/wp-json\/wp\/v2\/comments?post=1243"}],"version-history":[{"count":4,"href":"https:\/\/smf-inc.com\/es\/wp-json\/wp\/v2\/pages\/1243\/revisions"}],"predecessor-version":[{"id":3039,"href":"https:\/\/smf-inc.com\/es\/wp-json\/wp\/v2\/pages\/1243\/revisions\/3039"}],"wp:featuredmedia":[{"embeddable":true,"href":"https:\/\/smf-inc.com\/es\/wp-json\/wp\/v2\/media\/1241"}],"wp:attachment":[{"href":"https:\/\/smf-inc.com\/es\/wp-json\/wp\/v2\/media?parent=1243"}],"curies":[{"name":"wp","href":"https:\/\/api.w.org\/{rel}","templated":true}]}}