{"id":1231,"date":"2023-03-01T11:34:46","date_gmt":"2023-03-01T11:34:46","guid":{"rendered":"https:\/\/smf-inc.com\/corte-por-laser-illinois\/"},"modified":"2023-06-20T08:43:33","modified_gmt":"2023-06-20T08:43:33","slug":"corte-por-laser-illinois","status":"publish","type":"page","link":"https:\/\/smf-inc.com\/es\/corte-por-laser-illinois\/","title":{"rendered":"Corte por l\u00e1ser Illinois"},"content":{"rendered":"<h3>Optimice su fabricaci\u00f3n con el corte por l\u00e1ser en Illinois<\/h3>\n<p>Las empresas de ingenier\u00eda y las instalaciones de fabricaci\u00f3n siempre est\u00e1n buscando formas de aumentar el rendimiento y racionalizar determinados aspectos de la producci\u00f3n. Sin embargo, si no dispone de las herramientas y equipos adecuados, necesitar\u00e1 la ayuda de empresas externas especializadas en servicios de producci\u00f3n y fabricaci\u00f3n. Empresas como SMF Inc. ofrecen diversos servicios de <a href=\"https:\/\/smf-inc.com\/metal-fabrication-illinois\/\">fabricaci\u00f3n<\/a> y montaje de <a href=\"https:\/\/smf-inc.com\/metal-fabrication-illinois\/\">metales<\/a>, incluido el corte por l\u00e1ser en Illinois. Ponga en marcha la producci\u00f3n de su empresa con la ayuda de SMF.<\/p>\n<h3>\u00bfC\u00f3mo puede beneficiar el corte por l\u00e1ser a su empresa?<\/h3>\n<p><a href=\"https:\/\/smf-inc.com\/sheet-metal-fabrication\/\">El corte de chapa<\/a> es una necesidad bastante com\u00fan para la mayor\u00eda de las empresas de fabricaci\u00f3n. Por desgracia, sin opciones de corte como el l\u00e1ser, el corte de metales puede ralentizar considerablemente la producci\u00f3n y entra\u00f1ar el riesgo de errores de precisi\u00f3n. Por ello, sus instalaciones pueden beneficiarse enormemente de una inversi\u00f3n en servicios de <a href=\"https:\/\/smf-inc.com\/laser-cutting-peoria-il\/\">corte por l\u00e1ser<\/a>:<\/p>\n<ul>\n<li><strong>Cortes limpios y precisos<\/strong>\n<ul>\n<li>Sin l\u00e1ser, el corte de metales puede realizarse con sierras, cizallas y otras herramientas similares. El problema sigue siendo que estas herramientas manuales no son tan precisas y pueden dejar bordes \u00e1speros donde se corta el metal. Por el contrario, los l\u00e1seres cortan el metal limpiamente. Y como la mayor parte del corte por l\u00e1ser se realiza mediante controles informatizados, cada corte ser\u00e1 exacto seg\u00fan sus especificaciones.<\/li>\n<\/ul>\n<\/li>\n<li><strong>Mayor velocidad<\/strong>\n<ul>\n<li>Satisfacer la demanda de los clientes puede ser un reto, sobre todo si utiliza m\u00e9todos tradicionales de corte de metal. Afortunadamente, el <a href=\"https:\/\/smf-inc.com\/laser-cutting-rockford-il\/\">corte por l\u00e1ser<\/a> permite cortar metal con relativa rapidez. Corte por l\u00e1ser Es el m\u00e9todo de corte de metal m\u00e1s r\u00e1pido, incluso comparado con el corte por plasma y llama. No importa la complejidad de su corte, el corte por l\u00e1ser puede completarlo en un tiempo m\u00ednimo.<\/li>\n<\/ul>\n<\/li>\n<li><strong>Automatizaci\u00f3n<\/strong>\n<ul>\n<li>Incluso con la velocidad y precisi\u00f3n de un l\u00e1ser, la mano de obra que conlleva el corte de metales puede ralentizar el proceso y suponer un riesgo de posibles fallos o errores. Aunque, si se cuenta con la automatizaci\u00f3n del corte por l\u00e1ser, se elimina el elemento \u00abhumano\u00bb del proceso de corte de metales. La automatizaci\u00f3n ayuda a reducir el tiempo de inactividad entre cortes y garantiza que cada pieza de metal cortada sea tan precisa y uniforme como la anterior.<\/li>\n<\/ul>\n<\/li>\n<\/ul>\n<h3>Ayude a\u00fan m\u00e1s a la producci\u00f3n de sus instalaciones<\/h3>\n<p>El <a href=\"https:\/\/smf-inc.com\/laser-cutting-chicago-il\/\">corte por l\u00e1ser<\/a> en Illinois no es el \u00fanico servicio de fabricaci\u00f3n de metal en el que conf\u00edan ingenieros y fabricantes. Con este fin, SMF Inc. emplea a expertos en soldadura, corte, mecanizado y fabricaci\u00f3n para ofrecer servicios de fabricaci\u00f3n de metal altamente especializados que satisfagan todas las necesidades de nuestros clientes. Por ejemplo, nuestros servicios adicionales de fabricaci\u00f3n incluyen:<\/p>\n<ul class=\"col-3\">\n<li><a href=\"https:\/\/smf-inc.com\/capabilities\/welding\/\">Soldadura<\/a><\/li>\n<li><a href=\"https:\/\/smf-inc.com\/capabilities\/machining\/\">Mecanizado<\/a><\/li>\n<li><a href=\"https:\/\/smf-inc.com\/capabilities\/assembly\/\">Montaje<\/a><\/li>\n<li><a href=\"https:\/\/smf-inc.com\/capabilities\/forming\/\">Formando<\/a><\/li>\n<li><a href=\"https:\/\/smf-inc.com\/capabilities\/powder-coating\/\">Recubrimiento en polvo<\/a><\/li>\n<li><a href=\"https:\/\/smf-inc.com\/capabilities\/plasma-cutting\/\">Corte por plasma<\/a><\/li>\n<li><a href=\"https:\/\/smf-inc.com\/capabilities\/blasting\/\">Voladura<\/a><\/li>\n<li><a href=\"https:\/\/smf-inc.com\/capabilities\/saw-cutting\/\">Corte de sierra<\/a><\/li>\n<li><a href=\"https:\/\/smf-inc.com\/capabilities\/retail-steel-sales\/\">Ventas al por menor<\/a><\/li>\n<\/ul>\n<div class=\"left-img\"><img loading=\"lazy\" decoding=\"async\" class=\"alignnone\" src=\"https:\/\/smf-inc.com\/wp-content\/uploads\/2023\/03\/welder-engineer-workshop.jpg_s1024x1024wisk20ceYIJBMDZMGyb8fOSt5fvi9MnU2_0IF6mo-0zbcNEPss.jpg\" alt=\"Fabricantes de metal trabajando en unas instalaciones de Illinois\" width=\"500\" height=\"350\" title=\"\"><\/div>\n<h3>Llame hoy mismo<\/h3>\n<p>Cuando su empresa carece del equipo y la experiencia adecuados para gestionar el <a href=\"https:\/\/smf-inc.com\/laser-cutting-springfield-il\/\">corte por l\u00e1ser<\/a> en Illinois, puede contar con SMF Inc. para todas sus necesidades de corte y fabricaci\u00f3n de metal. Para obtener m\u00e1s informaci\u00f3n sobre nuestra empresa y nuestras capacidades, p\u00f3ngase en contacto con nosotros en el <a href=\"tel:3094322586\">309-432-2586<\/a>. SMF Inc. cuenta con dos instalaciones en Carolina del Sur e Illinois, que atienden a clientes de todo Estados Unidos.<\/p>\n","protected":false},"excerpt":{"rendered":"<p>Optimice su fabricaci\u00f3n con el corte por l\u00e1ser en Illinois Las empresas de ingenier\u00eda y las instalaciones de fabricaci\u00f3n siempre est\u00e1n buscando formas de aumentar el rendimiento y racionalizar determinados aspectos de la producci\u00f3n. Sin embargo, si no dispone de las herramientas y equipos adecuados, necesitar\u00e1 la ayuda de empresas externas especializadas en servicios de &hellip; <a href=\"https:\/\/smf-inc.com\/es\/corte-por-laser-illinois\/\" class=\"more-link\">Continue reading <span class=\"screen-reader-text\">Corte por l\u00e1ser Illinois<\/span><\/a><\/p>\n","protected":false},"author":1,"featured_media":1229,"parent":0,"menu_order":0,"comment_status":"closed","ping_status":"closed","template":"","meta":{"_acf_changed":false,"inline_featured_image":false,"footnotes":""},"class_list":["post-1231","page","type-page","status-publish","has-post-thumbnail","hentry"],"acf":[],"_links":{"self":[{"href":"https:\/\/smf-inc.com\/es\/wp-json\/wp\/v2\/pages\/1231","targetHints":{"allow":["GET"]}}],"collection":[{"href":"https:\/\/smf-inc.com\/es\/wp-json\/wp\/v2\/pages"}],"about":[{"href":"https:\/\/smf-inc.com\/es\/wp-json\/wp\/v2\/types\/page"}],"author":[{"embeddable":true,"href":"https:\/\/smf-inc.com\/es\/wp-json\/wp\/v2\/users\/1"}],"replies":[{"embeddable":true,"href":"https:\/\/smf-inc.com\/es\/wp-json\/wp\/v2\/comments?post=1231"}],"version-history":[{"count":5,"href":"https:\/\/smf-inc.com\/es\/wp-json\/wp\/v2\/pages\/1231\/revisions"}],"predecessor-version":[{"id":1528,"href":"https:\/\/smf-inc.com\/es\/wp-json\/wp\/v2\/pages\/1231\/revisions\/1528"}],"wp:featuredmedia":[{"embeddable":true,"href":"https:\/\/smf-inc.com\/es\/wp-json\/wp\/v2\/media\/1229"}],"wp:attachment":[{"href":"https:\/\/smf-inc.com\/es\/wp-json\/wp\/v2\/media?parent=1231"}],"curies":[{"name":"wp","href":"https:\/\/api.w.org\/{rel}","templated":true}]}}