{"id":1205,"date":"2025-11-04T04:57:51","date_gmt":"2025-11-04T04:57:51","guid":{"rendered":"https:\/\/smf-inc.com\/mecanizado-de-precision-greenville-sc\/"},"modified":"2025-11-04T04:57:51","modified_gmt":"2025-11-04T04:57:51","slug":"mecanizado-de-precision-greenville-sc","status":"publish","type":"page","link":"https:\/\/smf-inc.com\/es\/mecanizado-de-precision-greenville-sc\/","title":{"rendered":"Mecanizado de precisi\u00f3n Greenville SC"},"content":{"rendered":"<h3>Combine los avances tecnol\u00f3gicos con el mecanizado de precisi\u00f3n en Greenville SC<\/h3>\n<p>Los equipos y la tecnolog\u00eda actuales utilizan cada vez m\u00e1s componentes precisos y detallados para funcionar. Y, por desgracia, muchos fabricantes carecen de las herramientas y el equipo adecuados para crear tales componentes. Por esta raz\u00f3n, empresas de toda Carolina del Sur cuentan con SMF Inc. como su <a href=\"https:\/\/smf-inc.com\/metal-fabrication-greenville-sc\/\">empresa de fabricaci\u00f3n de metal<\/a> de servicio completo. Ayudamos a las instalaciones de fabricaci\u00f3n a producir los componentes que necesitan con nuestro mecanizado de precisi\u00f3n para Greenville SC.<\/p>\n<h3>Todo lo que necesita para una producci\u00f3n de alta calidad<\/h3>\n<p>\u00bfTe preocupa seguir el ritmo de la demanda de los consumidores?  <a href=\"https:\/\/smf-inc.com\/precision-machining-south-carolina\/\">El mecanizado de precisi\u00f3n<\/a> puede agilizar la producci\u00f3n. \u00bfNecesita componentes que resistan la mayor parte del estr\u00e9s y la presi\u00f3n? El mecanizado de precisi\u00f3n puede ayudarle a alcanzar sus objetivos. En SMF, nuestro mecanizado de precisi\u00f3n garantiza ventajas como:<\/p>\n<ul>\n<li><strong>Altos \u00edndices de producci\u00f3n<\/strong> &#8211; La fabricaci\u00f3n manual de piezas para productos de consumo populares lleva demasiado tiempo y puede mermar gravemente la productividad de sus instalaciones. Por el contrario, el mecanizado de precisi\u00f3n permite crear piezas r\u00e1pidamente y en grandes vol\u00famenes, garantizando que la producci\u00f3n nunca se quede atr\u00e1s.<\/li>\n<li><strong>Mayor precisi\u00f3n<\/strong>: por algo lo llaman mecanizado de \u00abprecisi\u00f3n\u00bb. El mecanizado de precisi\u00f3n puede fabricar productos sin defectos ni errores utilizando controles informatizados y sistemas automatizados, eliminando el elemento \u00abhumano\u00bb de la producci\u00f3n est\u00e1ndar.<\/li>\n<li><strong>Mayor consistencia<\/strong> &#8211; Si produce una pieza en serie, querr\u00e1 que cada pieza sea consistente en su dise\u00f1o, calidad y estado. Afortunadamente, gracias al mecanizado de precisi\u00f3n, esto es posible. Tras imputar un dise\u00f1o en el programa de nuestra m\u00e1quina, \u00e9sta utiliza controles digitales para recrear el dise\u00f1o seg\u00fan especificaciones exactas, sin cambios ni ajustes entre productos.<\/li>\n<li><strong>Menos residuos<\/strong> &#8211; Los servicios de mecanizado est\u00e1ndar realizados por un operario humano pueden contribuir en mayor medida al desperdicio de productos. Sin controles inform\u00e1ticos, los cortes, dobleces y fresados son menos precisos, lo que significa que los materiales no se aprovechan al m\u00e1ximo. Adem\u00e1s, cualquier pieza defectuosa se desecha. En general, reducir el n\u00famero de errores en la producci\u00f3n hace que disminuya el desperdicio de productos.<\/li>\n<\/ul>\n<h3>Nuestros servicios de fabricaci\u00f3n<\/h3>\n<p>Por supuesto, <a href=\"https:\/\/smf-inc.com\/precision-machining-charleston-sc\/\">el mecanizado de precisi\u00f3n<\/a> en Greenville SC no es el \u00fanico servicio que ofrece SMF. Nos especializamos en diversas aplicaciones de fabricaci\u00f3n de metales para ofrecer a nuestros clientes la mayor variedad de opciones. Nos esforzamos por simplificar el proceso de fabricaci\u00f3n para los clientes, garantizando al mismo tiempo que podemos dar vida a sus dise\u00f1os \u00fanicos. Algunas de nuestras capacidades metal\u00fargicas incluyen:<\/p>\n<ul class=\"col-3\">\n<li style=\"list-style-type: none\">\n<ul class=\"col-3\">\n<li><a href=\"https:\/\/smf-inc.com\/capabilities\/assembly\/\">Montaje<\/a><\/li>\n<li><a href=\"https:\/\/smf-inc.com\/capabilities\/blasting\/\">Voladura<\/a><\/li>\n<li><a href=\"https:\/\/smf-inc.com\/capabilities\/laser-cutting\/\">Corte por l\u00e1ser<\/a><\/li>\n<li><a href=\"https:\/\/smf-inc.com\/capabilities\/plasma-cutting\/\">Corte por plasma<\/a><\/li>\n<li><a href=\"https:\/\/smf-inc.com\/capabilities\/welding\/\">Soldadura<\/a><\/li>\n<li><a href=\"https:\/\/smf-inc.com\/capabilities\/forming\/\">Formando<\/a><\/li>\n<li><a href=\"https:\/\/smf-inc.com\/capabilities\/powder-coating\/\">Recubrimiento en polvo<\/a><\/li>\n<li><a href=\"https:\/\/smf-inc.com\/capabilities\/saw-cutting\/\">Corte de sierra<\/a><\/li>\n<li><a href=\"https:\/\/smf-inc.com\/capabilities\/machining\/\">Mecanizado<\/a><\/li>\n<\/ul>\n<\/li>\n<\/ul>\n<p>&nbsp;<\/p>\n<div class=\"left-img\"><img loading=\"lazy\" decoding=\"async\" class=\"alignnone\" src=\"https:\/\/smf-inc.com\/wp-content\/uploads\/2022\/12\/Precision-Machining-Chicago-IL-seo-2.jpg\" alt=\"Mecanizado de precisi\u00f3n en Greenville SC para fabricar una peque\u00f1a pieza de metal\" width=\"500\" height=\"350\" title=\"\"><\/div>\n<h3>Contacte con nuestra oficina<\/h3>\n<p>Si su planta de fabricaci\u00f3n carece de los medios para producir componentes peque\u00f1os y complejos, cuente con SMF Inc. para nuestro experto mecanizado de precisi\u00f3n en Greenville SC. Para obtener m\u00e1s informaci\u00f3n sobre nuestra empresa o nuestros servicios, p\u00f3ngase en contacto con nosotros hoy mismo en <a href=\"tel:8642260470\">el 864-226-0470<\/a>. SMF cuenta con dos instalaciones en Carolina del Sur e Illinois, que atienden a clientes de todo Estados Unidos.<\/p>\n","protected":false},"excerpt":{"rendered":"<p>Combine los avances tecnol\u00f3gicos con el mecanizado de precisi\u00f3n en Greenville SC Los equipos y la tecnolog\u00eda actuales utilizan cada vez m\u00e1s componentes precisos y detallados para funcionar. Y, por desgracia, muchos fabricantes carecen de las herramientas y el equipo adecuados para crear tales componentes. Por esta raz\u00f3n, empresas de toda Carolina del Sur cuentan &hellip; <a href=\"https:\/\/smf-inc.com\/es\/mecanizado-de-precision-greenville-sc\/\" class=\"more-link\">Continue reading <span class=\"screen-reader-text\">Mecanizado de precisi\u00f3n Greenville SC<\/span><\/a><\/p>\n","protected":false},"author":1,"featured_media":1136,"parent":0,"menu_order":0,"comment_status":"closed","ping_status":"closed","template":"","meta":{"_acf_changed":false,"inline_featured_image":false,"footnotes":""},"class_list":["post-1205","page","type-page","status-publish","has-post-thumbnail","hentry"],"acf":[],"_links":{"self":[{"href":"https:\/\/smf-inc.com\/es\/wp-json\/wp\/v2\/pages\/1205","targetHints":{"allow":["GET"]}}],"collection":[{"href":"https:\/\/smf-inc.com\/es\/wp-json\/wp\/v2\/pages"}],"about":[{"href":"https:\/\/smf-inc.com\/es\/wp-json\/wp\/v2\/types\/page"}],"author":[{"embeddable":true,"href":"https:\/\/smf-inc.com\/es\/wp-json\/wp\/v2\/users\/1"}],"replies":[{"embeddable":true,"href":"https:\/\/smf-inc.com\/es\/wp-json\/wp\/v2\/comments?post=1205"}],"version-history":[{"count":2,"href":"https:\/\/smf-inc.com\/es\/wp-json\/wp\/v2\/pages\/1205\/revisions"}],"predecessor-version":[{"id":3038,"href":"https:\/\/smf-inc.com\/es\/wp-json\/wp\/v2\/pages\/1205\/revisions\/3038"}],"wp:featuredmedia":[{"embeddable":true,"href":"https:\/\/smf-inc.com\/es\/wp-json\/wp\/v2\/media\/1136"}],"wp:attachment":[{"href":"https:\/\/smf-inc.com\/es\/wp-json\/wp\/v2\/media?parent=1205"}],"curies":[{"name":"wp","href":"https:\/\/api.w.org\/{rel}","templated":true}]}}