{"id":1202,"date":"2025-11-04T04:57:37","date_gmt":"2025-11-04T04:57:37","guid":{"rendered":"https:\/\/smf-inc.com\/mecanizado-de-precision-columbia-sc\/"},"modified":"2025-11-04T04:57:37","modified_gmt":"2025-11-04T04:57:37","slug":"mecanizado-de-precision-columbia-sc","status":"publish","type":"page","link":"https:\/\/smf-inc.com\/es\/mecanizado-de-precision-columbia-sc\/","title":{"rendered":"Mecanizado de precisi\u00f3n Columbia SC"},"content":{"rendered":"<h3>Buscar el uso de mecanizado de precisi\u00f3n experto en Columbia SC<\/h3>\n<p>\u00bfEs usted una empresa de fabricaci\u00f3n que busca formas adicionales de agilizar la producci\u00f3n? \u00bfNecesita componentes peque\u00f1os y precisos que el mecanizado est\u00e1ndar no puede reproducir de forma fiable? \u00bfLa demanda de los consumidores le hace buscar ayuda para gestionar sus capacidades de producci\u00f3n? Si est\u00e1s familiarizado con alguna de estas preocupaciones, necesitas servicios de mecanizado de precisi\u00f3n de expertos en <a href=\"https:\/\/smf-inc.com\/metal-fabrication-columbia-sc\/\">fabricaci\u00f3n de metal<\/a>. Por ello, SMF Inc. ofrece el <a href=\"https:\/\/smf-inc.com\/precision-machining-south-carolina\/\">mecanizado de precisi\u00f3n<\/a> experto que necesitan las empresas de Columbia SC.<\/p>\n<h3>\u00bfQui\u00e9n necesita un mecanizado de precisi\u00f3n?<\/h3>\n<p>El mecanizado de precisi\u00f3n es un servicio de fabricaci\u00f3n de metales que se basa en el fresado, torneado, taladrado, mandrinado, etc., mediante controles informatizados de gran precisi\u00f3n. El mecanizado de precisi\u00f3n permite a los fabricantes de metal fabricar piezas peque\u00f1as, de alta calidad e incre\u00edblemente detalladas con mayor rapidez y uniformidad. Algunos ejemplos de las industrias que m\u00e1s dependen del <a href=\"https:\/\/smf-inc.com\/precision-machining-greenville-sc\/\">mecanizado de precisi\u00f3n<\/a> son:<\/p>\n<ul>\n<li><strong>Industrias comerciales<\/strong>\n<ul>\n<li>Los productos que se venden a los consumidores deben producirse en grandes cantidades, para que los fabricantes no se queden atr\u00e1s. Por desgracia, cuando un producto incorpora componentes complejos, la creaci\u00f3n de estas piezas puede ralentizar todo el proceso de producci\u00f3n. Por el contrario, los componentes especializados pueden fabricarse en serie mediante mecanizado de precisi\u00f3n, lo que permite a los fabricantes seguir el ritmo de la demanda de los consumidores.<\/li>\n<\/ul>\n<\/li>\n<li><strong>Industria m\u00e9dica<\/strong>\n<ul>\n<li>No hay maquinaria y componentes m\u00e1s detallados que los utilizados en la industria m\u00e9dica. Por ello, las nuevas piezas producidas para equipos m\u00e9dicos deben ser siempre precisas y coherentes. Por la salud y seguridad de los pacientes, los hospitales y centros m\u00e9dicos no pueden permitir que los equipos dejen de funcionar a mitad de uso. Por ello, conf\u00edan en la precisi\u00f3n del mecanizado controlado por ordenador.<\/li>\n<\/ul>\n<\/li>\n<li><strong>Industria aeroespacial<\/strong>\n<ul>\n<li>Las piezas utilizadas en la industria aeroespacial deben ser incre\u00edblemente duraderas y muy detalladas. Para cumplir la funci\u00f3n de volar, todos los sistemas de un avi\u00f3n deben funcionar con la m\u00e1xima eficiencia. Disponer de componentes met\u00e1licos artesanales sin errores y capaces de soportar presiones intensas es esencial para construir y mantener con \u00e9xito las aeronaves de nuestro pa\u00eds.<\/li>\n<\/ul>\n<\/li>\n<\/ul>\n<h3>Servicios de SMF<\/h3>\n<p>Por supuesto, muchas m\u00e1s industrias pueden beneficiarse del mecanizado de precisi\u00f3n para Columbia SC. Sin embargo, como empresa de servicios integrales de fabricaci\u00f3n de metales, SMF ofrece mucho m\u00e1s que mecanizado. Nuestro objetivo es ofrecer a nuestros clientes los mejores m\u00e9todos posibles para dar vida a sus productos y dise\u00f1os. Para ello, incorporamos operaciones de fabricaci\u00f3n de metales como:<\/p>\n<ul class=\"col-3\">\n<li><a href=\"https:\/\/smf-inc.com\/capabilities\/blasting\/\">Voladura<\/a><\/li>\n<li><a href=\"https:\/\/smf-inc.com\/capabilities\/assembly\/\">Montaje<\/a><\/li>\n<li><a href=\"https:\/\/smf-inc.com\/capabilities\/laser-cutting\/\">Corte por l\u00e1ser<\/a><\/li>\n<li><a href=\"https:\/\/smf-inc.com\/capabilities\/machining\/\">Mecanizado<\/a><\/li>\n<li><a href=\"https:\/\/smf-inc.com\/capabilities\/powder-coating\/\">Recubrimiento en polvo<\/a><\/li>\n<li><a href=\"https:\/\/smf-inc.com\/capabilities\/saw-cutting\/\">Corte de sierra<\/a><\/li>\n<li><a href=\"https:\/\/smf-inc.com\/capabilities\/plasma-cutting\/\">Corte por plasma<\/a><\/li>\n<li><a href=\"https:\/\/smf-inc.com\/capabilities\/forming\/\">Formando<\/a><\/li>\n<li><a href=\"https:\/\/smf-inc.com\/capabilities\/welding\/\">Soldadura<\/a><\/li>\n<\/ul>\n<div class=\"left-img\"><img loading=\"lazy\" decoding=\"async\" class=\"alignnone\" src=\"https:\/\/smf-inc.com\/wp-content\/uploads\/2022\/12\/Precision-Machining-Chicago-IL-seo.jpg\" alt=\"Taladrado a m\u00e1quina de una pieza durante el mecanizado de precisi\u00f3n en Columbia SC\" width=\"500\" height=\"350\" title=\"\"><\/div>\n<h3>M\u00e1s informaci\u00f3n<\/h3>\n<p>Si sus necesidades de componentes son m\u00e1s complejas que la mayor\u00eda, cuente con SMF Inc. para nuestro mecanizado de precisi\u00f3n especializado para Columbia SC. Para saber m\u00e1s sobre nuestra empresa o nuestras capacidades, ponte en contacto con nosotros hoy mismo en <a href=\"tel:8642260470\">el 864-226-0470<\/a>. SMF cuenta con dos instalaciones en Carolina del Sur e Illinois, que atienden a clientes de todo Estados Unidos.<\/p>\n","protected":false},"excerpt":{"rendered":"<p>Buscar el uso de mecanizado de precisi\u00f3n experto en Columbia SC \u00bfEs usted una empresa de fabricaci\u00f3n que busca formas adicionales de agilizar la producci\u00f3n? \u00bfNecesita componentes peque\u00f1os y precisos que el mecanizado est\u00e1ndar no puede reproducir de forma fiable? \u00bfLa demanda de los consumidores le hace buscar ayuda para gestionar sus capacidades de producci\u00f3n? &hellip; <a href=\"https:\/\/smf-inc.com\/es\/mecanizado-de-precision-columbia-sc\/\" class=\"more-link\">Continue reading <span class=\"screen-reader-text\">Mecanizado de precisi\u00f3n Columbia SC<\/span><\/a><\/p>\n","protected":false},"author":1,"featured_media":1150,"parent":0,"menu_order":0,"comment_status":"closed","ping_status":"closed","template":"","meta":{"_acf_changed":false,"inline_featured_image":false,"footnotes":""},"class_list":["post-1202","page","type-page","status-publish","has-post-thumbnail","hentry"],"acf":[],"_links":{"self":[{"href":"https:\/\/smf-inc.com\/es\/wp-json\/wp\/v2\/pages\/1202","targetHints":{"allow":["GET"]}}],"collection":[{"href":"https:\/\/smf-inc.com\/es\/wp-json\/wp\/v2\/pages"}],"about":[{"href":"https:\/\/smf-inc.com\/es\/wp-json\/wp\/v2\/types\/page"}],"author":[{"embeddable":true,"href":"https:\/\/smf-inc.com\/es\/wp-json\/wp\/v2\/users\/1"}],"replies":[{"embeddable":true,"href":"https:\/\/smf-inc.com\/es\/wp-json\/wp\/v2\/comments?post=1202"}],"version-history":[{"count":2,"href":"https:\/\/smf-inc.com\/es\/wp-json\/wp\/v2\/pages\/1202\/revisions"}],"predecessor-version":[{"id":3077,"href":"https:\/\/smf-inc.com\/es\/wp-json\/wp\/v2\/pages\/1202\/revisions\/3077"}],"wp:featuredmedia":[{"embeddable":true,"href":"https:\/\/smf-inc.com\/es\/wp-json\/wp\/v2\/media\/1150"}],"wp:attachment":[{"href":"https:\/\/smf-inc.com\/es\/wp-json\/wp\/v2\/media?parent=1202"}],"curies":[{"name":"wp","href":"https:\/\/api.w.org\/{rel}","templated":true}]}}