{"id":1199,"date":"2025-11-04T04:57:40","date_gmt":"2025-11-04T04:57:40","guid":{"rendered":"https:\/\/smf-inc.com\/mecanizado-de-precision-rock-hill-sc\/"},"modified":"2025-11-04T04:57:40","modified_gmt":"2025-11-04T04:57:40","slug":"mecanizado-de-precision-rock-hill-sc","status":"publish","type":"page","link":"https:\/\/smf-inc.com\/es\/mecanizado-de-precision-rock-hill-sc\/","title":{"rendered":"Mecanizado de precisi\u00f3n Rock Hill SC"},"content":{"rendered":"<h3>La necesidad del mecanizado de precisi\u00f3n en Rock Hill SC<\/h3>\n<p>Aunque la mayor\u00eda de las empresas manufactureras poseen el equipo y las herramientas que necesitan para fabricar piezas y equipos de gran tama\u00f1o, carecen de maquinaria adecuada para producir componentes peque\u00f1os y precisos. Si tal es el caso de tus instalaciones, necesitas los servicios de una <a href=\"https:\/\/smf-inc.com\/precision-machining-rock-hill-sc\/\">empresa de fabricaci\u00f3n de metal<\/a> de servicio completo como SMF Inc. En SMF, proporcionamos un mecanizado de precisi\u00f3n exacto y fiable para Rock Hill SC, garantizando a nuestros clientes componentes duraderos y de alta calidad creados a altas velocidades de producci\u00f3n.<\/p>\n<h3>\u00bfPor qu\u00e9 elegir el mecanizado de precisi\u00f3n?<\/h3>\n<p>Las piezas m\u00e1s grandes, con menos cortes y dobleces, son m\u00e1s f\u00e1ciles de fabricar mediante las pr\u00e1cticas habituales de mecanizado y metalurgia. Sin embargo, los componentes m\u00e1s peque\u00f1os con cortes y dise\u00f1os detallados requieren un proceso de producci\u00f3n \u00abdelicado\u00bb y \u00abcontrolado\u00bb para su correcta realizaci\u00f3n. Como tal, el <a href=\"https:\/\/smf-inc.com\/precision-machining-south-carolina\/\">mecanizado de precisi\u00f3n<\/a> se utiliza mejor para piezas en las que la precisi\u00f3n, la durabilidad, la consistencia y el volumen son prioritarios.<\/p>\n<ul>\n<li><strong>Precisi\u00f3n<\/strong> &#8211; Las piezas creadas mediante mecanizado de precisi\u00f3n suelen utilizarse para piezas grandes o m\u00e1quinas con componentes complejos. Esta complejidad significa que el m\u00e1s m\u00ednimo error o contratiempo en la producci\u00f3n puede provocar el mal funcionamiento de toda una m\u00e1quina. Por eso es crucial fabricar componentes dise\u00f1ados seg\u00fan sus especificaciones exactas.<\/li>\n<li><strong>Durabilidad<\/strong>: el mecanizado de precisi\u00f3n incluye fresado, torneado, taladrado, mandrinado, etc. para crear piezas que no s\u00f3lo son muy precisas, sino incre\u00edblemente duraderas. Muchos componentes creados mediante mecanizado de precisi\u00f3n se utilizan en productos sometidos a presiones y tensiones extremas. Afortunadamente, el mecanizado de precisi\u00f3n aplica procedimientos que preservan la resistencia y longevidad del metal.<\/li>\n<li><strong>Consistencia<\/strong> &#8211; Desgraciadamente, la producci\u00f3n de grandes cantidades de un componente puede dar lugar a errores de fabricaci\u00f3n cuando la producci\u00f3n se realiza mediante mecanizado tradicional. Por el contrario, la automatizaci\u00f3n y la precisi\u00f3n del mecanizado de precisi\u00f3n permiten producir las mismas piezas sin apenas desviaciones entre ellas. Esto garantiza que cada componente sea id\u00e9ntico e intercambiable.<\/li>\n<li><strong>Volumen<\/strong>: para algunas f\u00e1bricas puede resultar dif\u00edcil seguir el ritmo de la demanda de los consumidores. Afortunadamente, el mecanizado de precisi\u00f3n puede acelerar considerablemente el proceso de producci\u00f3n. Una vez programado el dise\u00f1o de su pieza en nuestras m\u00e1quinas, podemos producir el mismo componente repetidamente, lo que agiliza el proceso de producci\u00f3n.<\/li>\n<\/ul>\n<h3>\u00bfC\u00f3mo podemos ayudarle?<\/h3>\n<p>Si el mecanizado de precisi\u00f3n en Rock Hill SC no es el \u00fanico servicio de fabricaci\u00f3n que necesita, puede seguir confiando en SMF Inc. Ofrecemos una amplia gama de servicios de fabricaci\u00f3n met\u00e1lica para satisfacer las necesidades concretas de nuestros clientes. Adem\u00e1s, nos esforzamos por ofrecer servicios de fabricaci\u00f3n m\u00e1s asequibles consiguiendo materiales de producci\u00f3n cruciales a precios inferiores a los de venta al por menor. Algunos ejemplos de nuestra capacidad de fabricaci\u00f3n son<\/p>\n<ul class=\"col-3\">\n<li><a href=\"https:\/\/smf-inc.com\/capabilities\/machining\/\">Mecanizado<\/a><\/li>\n<li><a href=\"https:\/\/smf-inc.com\/capabilities\/saw-cutting\/\">Corte de sierra<\/a><\/li>\n<li><a href=\"https:\/\/smf-inc.com\/capabilities\/powder-coating\/\">Recubrimiento en polvo<\/a><\/li>\n<li><a href=\"https:\/\/smf-inc.com\/capabilities\/assembly\/\">Montaje<\/a><\/li>\n<li><a href=\"https:\/\/smf-inc.com\/capabilities\/blasting\/\">Voladura<\/a><\/li>\n<li><a href=\"https:\/\/smf-inc.com\/capabilities\/laser-cutting\/\">Corte por l\u00e1ser<\/a><\/li>\n<li><a href=\"https:\/\/smf-inc.com\/capabilities\/forming\/\">Formando<\/a><\/li>\n<li><a href=\"https:\/\/smf-inc.com\/capabilities\/welding\/\">Soldadura<\/a><\/li>\n<li><a href=\"https:\/\/smf-inc.com\/capabilities\/plasma-cutting\/\">Corte por plasma<\/a><\/li>\n<\/ul>\n<div class=\"left-img\"><img loading=\"lazy\" decoding=\"async\" class=\"alignnone\" src=\"https:\/\/smf-inc.com\/wp-content\/uploads\/2022\/12\/Precision-Machining-Peoria-I-seo.jpg\" alt=\"Taladrado cuidadoso en metal mediante Mecanizado de precisi\u00f3n en Rock Hill SC\" width=\"500\" height=\"350\" title=\"\"><\/div>\n<h3>Llame hoy mismo<\/h3>\n<p>Puedes estar seguro de que la producci\u00f3n de tus instalaciones est\u00e1 en buenas manos con el <a href=\"https:\/\/smf-inc.com\/precision-machining-charleston-sc\/\">mecanizado de precisi\u00f3n<\/a> para Rock Hill SC proporcionado por SMF Inc. Para obtener m\u00e1s informaci\u00f3n sobre nuestra empresa o nuestros servicios, p\u00f3ngase en contacto con nosotros hoy mismo en <a href=\"tel:8642260470\">el 864-226-0470<\/a>. SMF cuenta con dos instalaciones en Carolina del Sur e Illinois, que atienden a clientes de todo Estados Unidos.<\/p>\n","protected":false},"excerpt":{"rendered":"<p>La necesidad del mecanizado de precisi\u00f3n en Rock Hill SC Aunque la mayor\u00eda de las empresas manufactureras poseen el equipo y las herramientas que necesitan para fabricar piezas y equipos de gran tama\u00f1o, carecen de maquinaria adecuada para producir componentes peque\u00f1os y precisos. Si tal es el caso de tus instalaciones, necesitas los servicios de &hellip; <a href=\"https:\/\/smf-inc.com\/es\/mecanizado-de-precision-rock-hill-sc\/\" class=\"more-link\">Continue reading <span class=\"screen-reader-text\">Mecanizado de precisi\u00f3n Rock Hill SC<\/span><\/a><\/p>\n","protected":false},"author":1,"featured_media":1136,"parent":0,"menu_order":0,"comment_status":"closed","ping_status":"closed","template":"","meta":{"_acf_changed":false,"inline_featured_image":false,"footnotes":""},"class_list":["post-1199","page","type-page","status-publish","has-post-thumbnail","hentry"],"acf":[],"_links":{"self":[{"href":"https:\/\/smf-inc.com\/es\/wp-json\/wp\/v2\/pages\/1199","targetHints":{"allow":["GET"]}}],"collection":[{"href":"https:\/\/smf-inc.com\/es\/wp-json\/wp\/v2\/pages"}],"about":[{"href":"https:\/\/smf-inc.com\/es\/wp-json\/wp\/v2\/types\/page"}],"author":[{"embeddable":true,"href":"https:\/\/smf-inc.com\/es\/wp-json\/wp\/v2\/users\/1"}],"replies":[{"embeddable":true,"href":"https:\/\/smf-inc.com\/es\/wp-json\/wp\/v2\/comments?post=1199"}],"version-history":[{"count":2,"href":"https:\/\/smf-inc.com\/es\/wp-json\/wp\/v2\/pages\/1199\/revisions"}],"predecessor-version":[{"id":3069,"href":"https:\/\/smf-inc.com\/es\/wp-json\/wp\/v2\/pages\/1199\/revisions\/3069"}],"wp:featuredmedia":[{"embeddable":true,"href":"https:\/\/smf-inc.com\/es\/wp-json\/wp\/v2\/media\/1136"}],"wp:attachment":[{"href":"https:\/\/smf-inc.com\/es\/wp-json\/wp\/v2\/media?parent=1199"}],"curies":[{"name":"wp","href":"https:\/\/api.w.org\/{rel}","templated":true}]}}