{"id":1196,"date":"2025-11-04T04:57:39","date_gmt":"2025-11-04T04:57:39","guid":{"rendered":"https:\/\/smf-inc.com\/mecanizado-de-precision-charleston-sc\/"},"modified":"2025-11-04T04:57:39","modified_gmt":"2025-11-04T04:57:39","slug":"mecanizado-de-precision-charleston-sc","status":"publish","type":"page","link":"https:\/\/smf-inc.com\/es\/mecanizado-de-precision-charleston-sc\/","title":{"rendered":"Mecanizado de precisi\u00f3n Charleston SC"},"content":{"rendered":"<h3>Aumente la productividad de sus instalaciones con el mecanizado de precisi\u00f3n en Charleston SC<\/h3>\n<p>Muchas f\u00e1bricas de Carolina del Sur no disponen de los medios necesarios para fabricar componentes peque\u00f1os, precisos y especializados. Sin embargo, estos componentes suelen ser necesarios para los productos de mayor tama\u00f1o que se fabrican en sus instalaciones. Por ello, encontrar fabricantes de metal que ofrezcan <a href=\"https:\/\/smf-inc.com\/precision-machining-south-carolina\/\">mecanizado de precisi\u00f3n<\/a> en Charleston SC es una de las principales preocupaciones de la mayor\u00eda de los fabricantes. Afortunadamente, el mecanizado de precisi\u00f3n local est\u00e1 disponible a trav\u00e9s de los expertos de SMF Inc.<\/p>\n<h3>\u00bfQui\u00e9n necesita un mecanizado de precisi\u00f3n?<\/h3>\n<p>La necesidad de <a href=\"https:\/\/smf-inc.com\/precision-machining-greenville-sc\/\">mecanizado de precisi\u00f3n<\/a> es significativa en m\u00faltiples empresas manufactureras e industrias. Desde la producci\u00f3n de autom\u00f3viles hasta equipos m\u00e9dicos, el mecanizado de precisi\u00f3n se utiliza m\u00e1s de lo que imagina. En SMF Inc., algunas de las industrias que m\u00e1s han aprovechado el mecanizado de precisi\u00f3n son:<\/p>\n<ul>\n<li><strong>Industria del autom\u00f3vil<\/strong> &#8211; Los fabricantes de autom\u00f3viles producen cientos de piezas al d\u00eda y construyen docenas de marcas y modelos de veh\u00edculos \u00fanicos. Sin embargo, para los componentes menores de sus veh\u00edculos, gran parte de esta producci\u00f3n de piezas se gestiona mediante mecanizado de precisi\u00f3n. Gracias al mecanizado de precisi\u00f3n, los fabricantes de autom\u00f3viles pueden seguir el ritmo de la producci\u00f3n y las demandas de los consumidores.<\/li>\n<li><strong>Industria m\u00e9dica<\/strong> &#8211; Para hospitales, centros de urgencias e instalaciones m\u00e9dicas, que los equipos m\u00e9dicos funcionen con precisi\u00f3n y sin errores es esencial para el cuidado y la salud de los pacientes. Y para garantizar el m\u00e1ximo nivel de precisi\u00f3n y el menor riesgo de error, el sector sanitario conf\u00eda en componentes de maquinaria especializados fabricados mediante mecanizado de precisi\u00f3n.<\/li>\n<li><strong>Industria<\/strong> energ\u00e9tica &#8211; Las piezas y componentes utilizados para transformadores el\u00e9ctricos, rel\u00e9s de potencia y equipos de toda la industria energ\u00e9tica deben ser capaces de soportar tensiones y presiones extremas para seguir funcionando con la m\u00e1xima eficacia. Afortunadamente, las piezas fabricadas mediante mecanizado de precisi\u00f3n tienen una resistencia incre\u00edble y una gran tolerancia al esfuerzo.<\/li>\n<li><strong>Industria aeroespacial<\/strong> &#8211; Cada pieza de un avi\u00f3n debe funcionar en perfecta armon\u00eda para lograr la incre\u00edble haza\u00f1a de volar. Por tanto, garantizar que cada componente se crea con extrema precisi\u00f3n y coherencia es esencial para la industria aeroespacial. Para ello, s\u00f3lo es posible lograr tal precisi\u00f3n y consistencia mediante el mecanizado de precisi\u00f3n.<\/li>\n<\/ul>\n<h3>Servicios adicionales de fabricaci\u00f3n<\/h3>\n<p>Adem\u00e1s de nuestro mecanizado de precisi\u00f3n para Charleston SC, SMF Inc. se especializa en numerosas operaciones de metalister\u00eda. Nuestro objetivo es proporcionar a nuestros clientes la gama de servicios m\u00e1s amplia posible, por lo que siempre podemos ofrecer <a href=\"https:\/\/smf-inc.com\/metal-fabrication-charleston-sc\/\">fabricaci\u00f3n de metal<\/a> seg\u00fan sus especificaciones exactas. Nuestros expertos en fabricaci\u00f3n son maestros en:<\/p>\n<ul class=\"col-3\">\n<li><a href=\"https:\/\/smf-inc.com\/capabilities\/saw-cutting\/\">Corte de sierra<\/a><\/li>\n<li><a href=\"https:\/\/smf-inc.com\/capabilities\/machining\/\">Mecanizado<\/a><\/li>\n<li><a href=\"https:\/\/smf-inc.com\/capabilities\/powder-coating\/\">Recubrimiento en polvo<\/a><\/li>\n<li><a href=\"https:\/\/smf-inc.com\/capabilities\/assembly\/\">Montaje<\/a><\/li>\n<li><a href=\"https:\/\/smf-inc.com\/capabilities\/laser-cutting\/\">Corte por l\u00e1ser<\/a><\/li>\n<li><a href=\"https:\/\/smf-inc.com\/capabilities\/blasting\/\">Voladura<\/a><\/li>\n<li><a href=\"https:\/\/smf-inc.com\/capabilities\/forming\/\">Formando<\/a><\/li>\n<li><a href=\"https:\/\/smf-inc.com\/capabilities\/welding\/\">Soldadura<\/a><\/li>\n<li><a href=\"https:\/\/smf-inc.com\/capabilities\/plasma-cutting\/\">Corte por plasma<\/a><\/li>\n<\/ul>\n<div class=\"left-img\"><img loading=\"lazy\" decoding=\"async\" class=\"alignnone\" src=\"https:\/\/smf-inc.com\/wp-content\/uploads\/2022\/12\/Precision-Machining-Peoria-IL-seo.jpg\" alt=\"Equipo que proporciona cortes precisos mediante mecanizado de precisi\u00f3n en Charleston SC\" width=\"500\" height=\"350\" title=\"\"><\/div>\n<h3>Ll\u00e1menos<\/h3>\n<p>Para maximizar la producci\u00f3n de sus instalaciones, permita que SMF Inc. gestione la producci\u00f3n de sus componentes m\u00e1s duros y precisos. Llama hoy para preguntar por el <a href=\"https:\/\/smf-inc.com\/precision-machining-greenville-sc\/\">mecanizado de precisi\u00f3n<\/a> de SMF para Charleston SC. O bien, obtenga m\u00e1s informaci\u00f3n sobre nuestra empresa y servicios adicionales llamando al <a href=\"tel:8642260470\">864-226-0470<\/a>. SMF cuenta con dos instalaciones en Carolina del Sur e Illinois, que atienden a clientes de todo Estados Unidos.<\/p>\n","protected":false},"excerpt":{"rendered":"<p>Aumente la productividad de sus instalaciones con el mecanizado de precisi\u00f3n en Charleston SC Muchas f\u00e1bricas de Carolina del Sur no disponen de los medios necesarios para fabricar componentes peque\u00f1os, precisos y especializados. Sin embargo, estos componentes suelen ser necesarios para los productos de mayor tama\u00f1o que se fabrican en sus instalaciones. Por ello, encontrar &hellip; <a href=\"https:\/\/smf-inc.com\/es\/mecanizado-de-precision-charleston-sc\/\" class=\"more-link\">Continue reading <span class=\"screen-reader-text\">Mecanizado de precisi\u00f3n Charleston SC<\/span><\/a><\/p>\n","protected":false},"author":1,"featured_media":1113,"parent":0,"menu_order":0,"comment_status":"closed","ping_status":"closed","template":"","meta":{"_acf_changed":false,"inline_featured_image":false,"footnotes":""},"class_list":["post-1196","page","type-page","status-publish","has-post-thumbnail","hentry"],"acf":[],"_links":{"self":[{"href":"https:\/\/smf-inc.com\/es\/wp-json\/wp\/v2\/pages\/1196","targetHints":{"allow":["GET"]}}],"collection":[{"href":"https:\/\/smf-inc.com\/es\/wp-json\/wp\/v2\/pages"}],"about":[{"href":"https:\/\/smf-inc.com\/es\/wp-json\/wp\/v2\/types\/page"}],"author":[{"embeddable":true,"href":"https:\/\/smf-inc.com\/es\/wp-json\/wp\/v2\/users\/1"}],"replies":[{"embeddable":true,"href":"https:\/\/smf-inc.com\/es\/wp-json\/wp\/v2\/comments?post=1196"}],"version-history":[{"count":3,"href":"https:\/\/smf-inc.com\/es\/wp-json\/wp\/v2\/pages\/1196\/revisions"}],"predecessor-version":[{"id":3070,"href":"https:\/\/smf-inc.com\/es\/wp-json\/wp\/v2\/pages\/1196\/revisions\/3070"}],"wp:featuredmedia":[{"embeddable":true,"href":"https:\/\/smf-inc.com\/es\/wp-json\/wp\/v2\/media\/1113"}],"wp:attachment":[{"href":"https:\/\/smf-inc.com\/es\/wp-json\/wp\/v2\/media?parent=1196"}],"curies":[{"name":"wp","href":"https:\/\/api.w.org\/{rel}","templated":true}]}}