{"id":1192,"date":"2023-01-31T09:08:14","date_gmt":"2023-01-31T09:08:14","guid":{"rendered":"https:\/\/smf-inc.com\/mecanizado-de-precision-carolina-del-sur\/"},"modified":"2023-02-03T21:01:56","modified_gmt":"2023-02-03T21:01:56","slug":"mecanizado-de-precision-carolina-del-sur","status":"publish","type":"page","link":"https:\/\/smf-inc.com\/es\/mecanizado-de-precision-carolina-del-sur\/","title":{"rendered":"Mecanizado de precisi\u00f3n Carolina del Sur"},"content":{"rendered":"<h3>Su proveedor integral de mecanizado de precisi\u00f3n en Carolina del Sur<\/h3>\n<p>Como empresa o instalaci\u00f3n dedicada en gran medida a la fabricaci\u00f3n, encontrar formas m\u00e1s eficientes de gestionar la producci\u00f3n es esencial para el \u00e9xito de su negocio. Sin embargo, si sus instalaciones carecen de las m\u00e1quinas adecuadas y de los trabajadores del metal necesarios para realizar dise\u00f1os detallados de los productos, su producci\u00f3n puede paralizarse. En su lugar, puede confiar en los fabricantes de metal locales para el mecanizado de precisi\u00f3n en Carolina del Sur. P\u00f3ngase en contacto hoy mismo con los expertos de SMF Inc.<\/p>\n<h3>C\u00f3mo puede ayudar el mecanizado de precisi\u00f3n<\/h3>\n<p>El mecanizado de precisi\u00f3n incluye operaciones de trabajo del metal como fresado, torneado, taladrado, mandrinado, etc. Mediante controles informatizados, el mecanizado de precisi\u00f3n puede realizar muchas operaciones de fabricaci\u00f3n est\u00e1ndar, pero con un grado de precisi\u00f3n que no puede igualar el trabajo manual del metal. Como tal, el mecanizado de precisi\u00f3n garantiza:<\/p>\n<ul>\n<li><strong>Mayor precisi\u00f3n<\/strong> &#8211; \u00abErrar es humano\u00bb. Y en el caso de los componentes precisos fabricados para maquinaria industrial, la exactitud del mecanizado de precisi\u00f3n garantiza que cada pieza del equipo se dise\u00f1e seg\u00fan sus especificaciones exactas. Los controles informatizados y la automatizaci\u00f3n evitan errores en los componentes y fallos de funcionamiento m\u00e1s frecuentes en el mecanizado manual.<\/li>\n<li><strong>Aumento de la producci\u00f3n<\/strong> &#8211; El mecanizado de precisi\u00f3n se basa en controles informatizados para automatizar gran parte del proceso de mecanizado. Esta automatizaci\u00f3n permite aumentar el ritmo de producci\u00f3n. Esto significa que dispondr\u00e1 antes de sus componentes, lo que redundar\u00e1 en un aumento de la productividad de sus instalaciones.<\/li>\n<li><strong>Reducci\u00f3n de residuos<\/strong>: a medida que aumentan los niveles de producci\u00f3n, se reducen los niveles de residuos. La exactitud del mecanizado de precisi\u00f3n significa que el metal se corta, dobla y moldea sin errores ni exceso de residuos met\u00e1licos. Y la reducci\u00f3n de residuos met\u00e1licos ayuda a nuestros clientes a ahorrar dinero.<\/li>\n<li><strong>Mayor coher<\/strong> encia &#8211; Por encima de todo, los controles digitales y la automatizaci\u00f3n informatizada permiten una mayor coherencia en todos los productos fabricados. Al dise\u00f1ar equipos precisos para funciones de m\u00e1quinas especializadas, lo que se busca son piezas que realicen la misma funci\u00f3n de forma fiable y sin errores.<\/li>\n<li><strong>Un proceso m\u00e1s seguro<\/strong> &#8211; Una vez que programamos nuestro equipo de mecanizado de precisi\u00f3n con los esquemas de su pieza, nuestras m\u00e1quinas se encargan de gran parte del trabajo. Esto nos permite supervisar el proceso de mecanizado de forma segura, garantizando que cada componente se elabora cuidadosamente.<\/li>\n<\/ul>\n<h3>Adem\u00e1s de los servicios de mecanizado<\/h3>\n<p>El mecanizado de precisi\u00f3n de SMF para Carolina del Sur no es nuestro \u00fanico servicio metal\u00fargico. Como empresa de servicios integrales de fabricaci\u00f3n de metal, nuestros expertos artesanos son expertos en numerosas operaciones de trabajo del metal. SMF se esfuerza por ofrecer a sus clientes los m\u00e1ximos servicios posibles para garantizar que podemos cumplir las especificaciones exactas de cada dise\u00f1o de producto. Nuestras capacidades incluyen:<\/p>\n<ul class=\"col-3\">\n<li><a href=\"https:\/\/smf-inc.com\/capabilities\/laser-cutting\/\">Corte por l\u00e1ser<\/a><\/li>\n<li><a href=\"https:\/\/smf-inc.com\/capabilities\/welding\/\">Soldadura<\/a><\/li>\n<li><a href=\"https:\/\/smf-inc.com\/capabilities\/machining\/\">Mecanizado<\/a><\/li>\n<li><a href=\"https:\/\/smf-inc.com\/capabilities\/assembly\/\">Montaje<\/a><\/li>\n<li><a href=\"https:\/\/smf-inc.com\/capabilities\/forming\/\">Formando<\/a><\/li>\n<li><a href=\"https:\/\/smf-inc.com\/capabilities\/powder-coating\/\">Recubrimiento en polvo<\/a><\/li>\n<li><a href=\"https:\/\/smf-inc.com\/capabilities\/plasma-cutting\/\">Corte por plasma<\/a><\/li>\n<li><a href=\"https:\/\/smf-inc.com\/capabilities\/blasting\/\">Voladura<\/a><\/li>\n<li><a href=\"https:\/\/smf-inc.com\/capabilities\/saw-cutting\/\">Corte de sierra<\/a><\/li>\n<li><a href=\"https:\/\/smf-inc.com\/capabilities\/retail-steel-sales\/\">Ventas al por menor<\/a><\/li>\n<\/ul>\n<div class=\"left-img\"><img loading=\"lazy\" decoding=\"async\" class=\"alignnone\" src=\"https:\/\/smf-inc.com\/wp-content\/uploads\/2022\/12\/Precision-Machining-Illinois-seo.jpg\" alt=\"Fresado utilizado para crear piezas peque\u00f1as mediante mecanizado de precisi\u00f3n en Carolina del Sur\" width=\"500\" height=\"350\" title=\"\"><\/div>\n<h3>Hable con nuestro equipo<\/h3>\n<p>La fabricaci\u00f3n precisa de componentes met\u00e1licos especializados s\u00f3lo es posible con un mecanizado de precisi\u00f3n experto en Carolina del Sur suministrado por fabricantes de metal experimentados. P\u00f3ngase en contacto hoy mismo con los profesionales de SMF Inc. Obtenga m\u00e1s informaci\u00f3n sobre nuestra empresa y nuestras capacidades llamando al <a href=\"tel:8642260470\">864-226-0470<\/a>. SMF cuenta con dos instalaciones en Carolina del Sur e Illinois, que atienden a clientes de todo Estados Unidos.<\/p>\n","protected":false},"excerpt":{"rendered":"<p>Su proveedor integral de mecanizado de precisi\u00f3n en Carolina del Sur Como empresa o instalaci\u00f3n dedicada en gran medida a la fabricaci\u00f3n, encontrar formas m\u00e1s eficientes de gestionar la producci\u00f3n es esencial para el \u00e9xito de su negocio. Sin embargo, si sus instalaciones carecen de las m\u00e1quinas adecuadas y de los trabajadores del metal necesarios &hellip; <a href=\"https:\/\/smf-inc.com\/es\/mecanizado-de-precision-carolina-del-sur\/\" class=\"more-link\">Continue reading <span class=\"screen-reader-text\">Mecanizado de precisi\u00f3n Carolina del Sur<\/span><\/a><\/p>\n","protected":false},"author":1,"featured_media":1106,"parent":0,"menu_order":0,"comment_status":"closed","ping_status":"closed","template":"","meta":{"_acf_changed":false,"inline_featured_image":false,"footnotes":""},"class_list":["post-1192","page","type-page","status-publish","has-post-thumbnail","hentry"],"acf":[],"_links":{"self":[{"href":"https:\/\/smf-inc.com\/es\/wp-json\/wp\/v2\/pages\/1192","targetHints":{"allow":["GET"]}}],"collection":[{"href":"https:\/\/smf-inc.com\/es\/wp-json\/wp\/v2\/pages"}],"about":[{"href":"https:\/\/smf-inc.com\/es\/wp-json\/wp\/v2\/types\/page"}],"author":[{"embeddable":true,"href":"https:\/\/smf-inc.com\/es\/wp-json\/wp\/v2\/users\/1"}],"replies":[{"embeddable":true,"href":"https:\/\/smf-inc.com\/es\/wp-json\/wp\/v2\/comments?post=1192"}],"version-history":[{"count":2,"href":"https:\/\/smf-inc.com\/es\/wp-json\/wp\/v2\/pages\/1192\/revisions"}],"predecessor-version":[{"id":1210,"href":"https:\/\/smf-inc.com\/es\/wp-json\/wp\/v2\/pages\/1192\/revisions\/1210"}],"wp:featuredmedia":[{"embeddable":true,"href":"https:\/\/smf-inc.com\/es\/wp-json\/wp\/v2\/media\/1106"}],"wp:attachment":[{"href":"https:\/\/smf-inc.com\/es\/wp-json\/wp\/v2\/media?parent=1192"}],"curies":[{"name":"wp","href":"https:\/\/api.w.org\/{rel}","templated":true}]}}