{"id":1154,"date":"2025-11-04T04:57:38","date_gmt":"2025-11-04T04:57:38","guid":{"rendered":"https:\/\/smf-inc.com\/mecanizado-de-precision-rockford-il\/"},"modified":"2025-11-04T04:57:38","modified_gmt":"2025-11-04T04:57:38","slug":"mecanizado-de-precision-rockford-il","status":"publish","type":"page","link":"https:\/\/smf-inc.com\/es\/mecanizado-de-precision-rockford-il\/","title":{"rendered":"Mecanizado de precisi\u00f3n Rockford IL"},"content":{"rendered":"<h3>Mecanizado de precisi\u00f3n para Rockford IL por expertos en fabricaci\u00f3n cualificados<\/h3>\n<p>A medida que la tecnolog\u00eda avanza y se expande en todos los sectores, los fabricantes buscan la mejor manera de gestionar la capacidad de producci\u00f3n y las demandas de los consumidores. Por ello, muchas industrias conf\u00edan en las empresas de servicios integrales <a href=\"https:\/\/smf-inc.com\/metal-fabrication\/\">de fabricaci\u00f3n de<\/a> metales para que les presten servicios como el mecanizado de precisi\u00f3n para compensar lo que las instalaciones no pueden hacer por s\u00ed mismas. Si tus instalaciones necesitan ayuda con el <a href=\"https:\/\/smf-inc.com\/precision-machining-chicago-il\/\">mecanizado de precisi\u00f3n<\/a> en Rockford IL, cuenta con los expertos en fabricaci\u00f3n de SMF Inc.<\/p>\n<h3>Ventajas del mecanizado de precisi\u00f3n<\/h3>\n<p>Por desgracia, muchos fabricantes carecen de las herramientas y equipos necesarios para crear componentes de productos peque\u00f1os, precisos y complejos. Afortunadamente, empresas como SMF pueden suplir con creces las carencias de sus instalaciones en cuanto a capacidad metal\u00fargica. El mecanizado de precisi\u00f3n es un servicio esencial que ofrecemos, ya que aporta ventajas como:<\/p>\n<ul>\n<li><strong>Producci\u00f3n m\u00e1s r\u00e1pida<\/strong> &#8211; Garantizar un alto rendimiento de los productos de sus instalaciones requiere m\u00e9todos de producci\u00f3n r\u00e1pidos. El mecanizado de precisi\u00f3n, por ejemplo, puede producir grandes vol\u00famenes de componentes en plazos cortos gracias a la automatizaci\u00f3n inform\u00e1tica del proceso de mecanizado.<\/li>\n<li><strong>Consistencia<\/strong> &#8211; Si las piezas que se producen no tienen la misma consistencia, se corre el riesgo de que se produzcan fallos y errores en el producto final. El mecanizado de precisi\u00f3n crea piezas mediante software de fabricaci\u00f3n y dise\u00f1o asistidos por ordenador, lo que garantiza que cada pieza se produzca con los mismos dise\u00f1os y especificaciones, garantizando la coherencia de sus productos.<\/li>\n<li><strong>Precisi\u00f3n<\/strong> &#8211; Las pr\u00e1cticas de mecanizado est\u00e1ndar funcionan muy bien para componentes m\u00e1s grandes y menos complejos. Sin embargo, el elemento humano no siempre es lo suficientemente preciso cuando se necesitan cortes, dobleces y fresados exactos. As\u00ed, el mecanizado de precisi\u00f3n crea componentes mediante programas de dise\u00f1o espec\u00edficos, lo que permite que las m\u00e1quinas sean precisas en su funci\u00f3n.<\/li>\n<li><strong>Menos desechos de producto<\/strong> &#8211; Un problema habitual del mecanizado est\u00e1ndar son los desechos que puede generar. El mecanizado toma una pieza de metal y la trabaja hasta darle la forma deseada, dejando el metal no utilizado como residuo. Adem\u00e1s, los defectos o errores de las piezas pueden hacer que se desechen piezas enteras. A la inversa, el mecanizado de precisi\u00f3n reduce el n\u00famero de errores cometidos, lo que garantiza que el metal no se desperdicie.<\/li>\n<\/ul>\n<h3>Servicios de fabricaci\u00f3n de metal de SMF<\/h3>\n<div class=\"right-img\"><img loading=\"lazy\" decoding=\"async\" class=\"alignnone\" src=\"https:\/\/smf-inc.com\/wp-content\/uploads\/2022\/12\/Precision-Machining-Rockford-IL-seo.jpg\" alt=\"El mecanizado de precisi\u00f3n en Rockford IL se utiliza para crear piezas met\u00e1licas complejas\" width=\"500\" height=\"350\" title=\"\"><\/div>\n<p>Si tus instalaciones requieren algo m\u00e1s que <a href=\"https:\/\/smf-inc.com\/precision-machining-springfield-il\/\">mecanizado de precisi\u00f3n<\/a> en Rockford IL, SMF Inc. puede complacerte. Disponemos de la capacidad metal\u00fargica necesaria para crear componentes de cualquier tama\u00f1o y complejidad. Nuestro objetivo es garantizar que nuestros clientes reciban siempre un producto fabricado seg\u00fan las especificaciones exactas de su dise\u00f1o. As\u00ed, implementamos numerosas capacidades como:<\/p>\n<ul class=\"col-3\">\n<li><a href=\"https:\/\/smf-inc.com\/capabilities\/powder-coating\/\">Recubrimiento en polvo<\/a><\/li>\n<li><a href=\"https:\/\/smf-inc.com\/capabilities\/assembly\/\">Montaje<\/a><\/li>\n<li><a href=\"https:\/\/smf-inc.com\/capabilities\/plasma-cutting\/\">Corte por plasma<\/a><\/li>\n<li><a href=\"https:\/\/smf-inc.com\/capabilities\/saw-cutting\/\">Corte de sierra<\/a><\/li>\n<li><a href=\"https:\/\/smf-inc.com\/capabilities\/blasting\/\">Voladura<\/a><\/li>\n<li><a href=\"https:\/\/smf-inc.com\/capabilities\/welding\/\">Soldadura<\/a><\/li>\n<li><a href=\"https:\/\/smf-inc.com\/capabilities\/machining\/\">Mecanizado<\/a><\/li>\n<li><a href=\"https:\/\/smf-inc.com\/capabilities\/laser-cutting\/\">Corte por l\u00e1ser<\/a><\/li>\n<li><a href=\"https:\/\/smf-inc.com\/capabilities\/forming\/\">Formando<\/a><\/li>\n<\/ul>\n<h3>Llame hoy mismo<\/h3>\n<p><a href=\"https:\/\/smf-inc.com\/precision-machining-peoria-il\/\">El mecanizado de precisi\u00f3n<\/a> en Rockford IL, y en todo EE.UU., se ha convertido en uno de los servicios m\u00e1s esenciales solicitados por numerosas industrias manufactureras. Si necesita servicios de mecanizado de precisi\u00f3n, p\u00f3ngase en contacto con el equipo de SMF Inc. hoy mismo. Para saber m\u00e1s sobre nuestra empresa y nuestras capacidades, p\u00f3ngase en contacto con nosotros hoy mismo en el <a href=\"tel:3094322586\">309-432-2586<\/a>. SMF tiene instalaciones en <a href=\"https:\/\/smf-inc.com\/precision-machining-illinois\/\">Illinois<\/a> y Carolina del Sur, y atiende a clientes de todo Estados Unidos.<\/p>\n","protected":false},"excerpt":{"rendered":"<p>Mecanizado de precisi\u00f3n para Rockford IL por expertos en fabricaci\u00f3n cualificados A medida que la tecnolog\u00eda avanza y se expande en todos los sectores, los fabricantes buscan la mejor manera de gestionar la capacidad de producci\u00f3n y las demandas de los consumidores. Por ello, muchas industrias conf\u00edan en las empresas de servicios integrales de fabricaci\u00f3n &hellip; <a href=\"https:\/\/smf-inc.com\/es\/mecanizado-de-precision-rockford-il\/\" class=\"more-link\">Continue reading <span class=\"screen-reader-text\">Mecanizado de precisi\u00f3n Rockford IL<\/span><\/a><\/p>\n","protected":false},"author":1,"featured_media":1152,"parent":0,"menu_order":0,"comment_status":"closed","ping_status":"closed","template":"","meta":{"_acf_changed":false,"inline_featured_image":false,"footnotes":""},"class_list":["post-1154","page","type-page","status-publish","has-post-thumbnail","hentry"],"acf":[],"_links":{"self":[{"href":"https:\/\/smf-inc.com\/es\/wp-json\/wp\/v2\/pages\/1154","targetHints":{"allow":["GET"]}}],"collection":[{"href":"https:\/\/smf-inc.com\/es\/wp-json\/wp\/v2\/pages"}],"about":[{"href":"https:\/\/smf-inc.com\/es\/wp-json\/wp\/v2\/types\/page"}],"author":[{"embeddable":true,"href":"https:\/\/smf-inc.com\/es\/wp-json\/wp\/v2\/users\/1"}],"replies":[{"embeddable":true,"href":"https:\/\/smf-inc.com\/es\/wp-json\/wp\/v2\/comments?post=1154"}],"version-history":[{"count":3,"href":"https:\/\/smf-inc.com\/es\/wp-json\/wp\/v2\/pages\/1154\/revisions"}],"predecessor-version":[{"id":3071,"href":"https:\/\/smf-inc.com\/es\/wp-json\/wp\/v2\/pages\/1154\/revisions\/3071"}],"wp:featuredmedia":[{"embeddable":true,"href":"https:\/\/smf-inc.com\/es\/wp-json\/wp\/v2\/media\/1152"}],"wp:attachment":[{"href":"https:\/\/smf-inc.com\/es\/wp-json\/wp\/v2\/media?parent=1154"}],"curies":[{"name":"wp","href":"https:\/\/api.w.org\/{rel}","templated":true}]}}