{"id":1145,"date":"2025-11-04T04:57:38","date_gmt":"2025-11-04T04:57:38","guid":{"rendered":"https:\/\/smf-inc.com\/mecanizado-de-precision-chicago-il\/"},"modified":"2025-11-04T04:57:38","modified_gmt":"2025-11-04T04:57:38","slug":"mecanizado-de-precision-chicago-il","status":"publish","type":"page","link":"https:\/\/smf-inc.com\/es\/mecanizado-de-precision-chicago-il\/","title":{"rendered":"Mecanizado de precisi\u00f3n Chicago IL"},"content":{"rendered":"<h3>Conf\u00ede en la rapidez y precisi\u00f3n del mecanizado de precisi\u00f3n para Chicago IL<\/h3>\n<p>Industrias de todo Estados Unidos recurren a empresas de fabricaci\u00f3n de metal para obtener servicios expertos como el mecanizado de precisi\u00f3n.  <a href=\"https:\/\/smf-inc.com\/precision-machining-rockford-il\/\">El mecanizado de precisi\u00f3n<\/a> es muy \u00fatil para crear componentes peque\u00f1os, personalizados y precisos de veh\u00edculos, equipos y maquinaria de mayor tama\u00f1o. Con una velocidad y una precisi\u00f3n incre\u00edbles, el mecanizado de precisi\u00f3n puede satisfacer las demandas de producci\u00f3n de la mayor\u00eda de las instalaciones de fabricaci\u00f3n. Si su instalaci\u00f3n requiere la ayuda de mecanizado de precisi\u00f3n en Chicago IL, cuente con SMF Inc. como su empresa de <a href=\"https:\/\/smf-inc.com\/metal-fabrication\/\">fabricaci\u00f3n de metal<\/a> de servicio completo de confianza.<\/p>\n<p>&nbsp;<\/p>\n<h3>\u00bfSu sector requiere servicios de mecanizado de precisi\u00f3n?<\/h3>\n<p>La mayor\u00eda de las industrias manufactureras pueden beneficiarse del mecanizado de precisi\u00f3n de SMF. Sin embargo, algunas industrias dependen m\u00e1s del mecanizado de precisi\u00f3n que otras. Por ejemplo, los equipos y la maquinaria de la industria energ\u00e9tica utilizan componentes distintos y complejos que s\u00f3lo pueden crearse mediante mecanizado de precisi\u00f3n. Otras industrias que utilizan el mecanizado de precisi\u00f3n son:<\/p>\n<ul>\n<li><strong>Industria aeroespacial<\/strong>\n<ul>\n<li>El desarrollo de aviones y aeronaves caros requiere que se cometan pocos o ning\u00fan error en la producci\u00f3n. De lo contrario, se pone en grave peligro la seguridad de pilotos y pasajeros. As\u00ed, la industria aeroespacial conf\u00eda en el mecanizado de precisi\u00f3n para crear componentes de alta calidad que puedan soportar las presiones extremas a las que se enfrentan los aviones en funcionamiento.<\/li>\n<\/ul>\n<\/li>\n<li><strong>Industria m\u00e9dica<\/strong>\n<ul>\n<li>La salud y la seguridad de los pacientes son la m\u00e1xima preocupaci\u00f3n de quienes trabajan en el sector m\u00e9dico. Por ello, es crucial disponer de herramientas y equipos que funcionen correctamente y no pongan en riesgo el bienestar de los pacientes. Para ello, el mecanizado de precisi\u00f3n crea las piezas que ayudan a funcionar a las m\u00e1quinas de resonancia magn\u00e9tica, los dispositivos de monitorizaci\u00f3n, los instrumentos m\u00e9dicos, etc.<\/li>\n<\/ul>\n<\/li>\n<li><strong>Industrias comerciales<\/strong>\n<ul>\n<li>El mecanizado de precisi\u00f3n se utiliza en innumerables industrias comerciales para ayudar a desarrollar los productos que los consumidores utilizan a diario. Sin embargo, seguir el ritmo de la demanda de los consumidores puede parecer una tarea casi imposible sin ayuda. Afortunadamente, el mecanizado de precisi\u00f3n promete una fabricaci\u00f3n de metal r\u00e1pida y exacta, garantizando que sus instalaciones puedan funcionar al m\u00e1s alto nivel de producci\u00f3n.<\/li>\n<\/ul>\n<\/li>\n<\/ul>\n<h3>Funciones destacadas de SMF<\/h3>\n<div class=\"right-img\"><img loading=\"lazy\" decoding=\"async\" class=\"alignnone\" src=\"https:\/\/smf-inc.com\/wp-content\/uploads\/2022\/12\/Precision-Machining-Chicago-IL-seo.jpg\" alt=\"Taladrado de una pieza met\u00e1lica para mecanizado de precisi\u00f3n en Chicago IL\" width=\"500\" height=\"350\" title=\"\"><\/div>\n<p>Si sus instalaciones requieren algo m\u00e1s que <a href=\"https:\/\/smf-inc.com\/precision-machining-springfield-il\/\">mecanizado de<\/a> precisi\u00f3n en Chicago IL, \u00a1est\u00e1 de suerte! Como empresa de fabricaci\u00f3n de metal de servicio completo, SMF Inc. se esfuerza por ofrecer servicios integrales de metalister\u00eda para todos nuestros clientes. Nuestra misi\u00f3n es suministrar productos con las especificaciones exactas establecidas por nuestros clientes. Para ello, ponemos en pr\u00e1ctica numerosas capacidades de fabricaci\u00f3n para crear el producto final definitivo. Estas capacidades incluyen:<\/p>\n<ul class=\"col-3\">\n<li><a href=\"https:\/\/smf-inc.com\/capabilities\/welding\/\">Soldadura<\/a><\/li>\n<li><a href=\"https:\/\/smf-inc.com\/capabilities\/machining\/\">Mecanizado<\/a><\/li>\n<li><a href=\"https:\/\/smf-inc.com\/capabilities\/laser-cutting\/\">Corte por l\u00e1ser<\/a><\/li>\n<li><a href=\"https:\/\/smf-inc.com\/capabilities\/forming\/\">Formando<\/a><\/li>\n<li><a href=\"https:\/\/smf-inc.com\/capabilities\/powder-coating\/\">Recubrimiento en polvo<\/a><\/li>\n<li><a href=\"https:\/\/smf-inc.com\/capabilities\/assembly\/\">Montaje<\/a><\/li>\n<li><a href=\"https:\/\/smf-inc.com\/capabilities\/plasma-cutting\/\">Corte por plasma<\/a><\/li>\n<li><a href=\"https:\/\/smf-inc.com\/capabilities\/saw-cutting\/\">Corte de sierra<\/a><\/li>\n<li><a href=\"https:\/\/smf-inc.com\/capabilities\/blasting\/\">Voladura<\/a><\/li>\n<\/ul>\n<h3>Llama a SMF<\/h3>\n<p>SMF Inc. posee las herramientas y equipos de \u00faltima generaci\u00f3n necesarios para proporcionar a las industrias el mejor <a href=\"https:\/\/smf-inc.com\/precision-machining-peoria-il\/\">mecanizado de precisi\u00f3n<\/a> en Chicago IL. Para obtener m\u00e1s informaci\u00f3n sobre SMF y nuestras capacidades, p\u00f3ngase en contacto con nosotros hoy mismo en el <a href=\"tel:3094322586\">309-432-2586<\/a>. SMF tiene instalaciones en <a href=\"https:\/\/smf-inc.com\/precision-machining-illinois\/\">Illinois<\/a> y Carolina del Sur, y atiende a clientes de todo Estados Unidos.<\/p>\n","protected":false},"excerpt":{"rendered":"<p>Conf\u00ede en la rapidez y precisi\u00f3n del mecanizado de precisi\u00f3n para Chicago IL Industrias de todo Estados Unidos recurren a empresas de fabricaci\u00f3n de metal para obtener servicios expertos como el mecanizado de precisi\u00f3n. El mecanizado de precisi\u00f3n es muy \u00fatil para crear componentes peque\u00f1os, personalizados y precisos de veh\u00edculos, equipos y maquinaria de mayor &hellip; <a href=\"https:\/\/smf-inc.com\/es\/mecanizado-de-precision-chicago-il\/\" class=\"more-link\">Continue reading <span class=\"screen-reader-text\">Mecanizado de precisi\u00f3n Chicago IL<\/span><\/a><\/p>\n","protected":false},"author":1,"featured_media":1143,"parent":0,"menu_order":0,"comment_status":"closed","ping_status":"closed","template":"","meta":{"_acf_changed":false,"inline_featured_image":false,"footnotes":""},"class_list":["post-1145","page","type-page","status-publish","has-post-thumbnail","hentry"],"acf":[],"_links":{"self":[{"href":"https:\/\/smf-inc.com\/es\/wp-json\/wp\/v2\/pages\/1145","targetHints":{"allow":["GET"]}}],"collection":[{"href":"https:\/\/smf-inc.com\/es\/wp-json\/wp\/v2\/pages"}],"about":[{"href":"https:\/\/smf-inc.com\/es\/wp-json\/wp\/v2\/types\/page"}],"author":[{"embeddable":true,"href":"https:\/\/smf-inc.com\/es\/wp-json\/wp\/v2\/users\/1"}],"replies":[{"embeddable":true,"href":"https:\/\/smf-inc.com\/es\/wp-json\/wp\/v2\/comments?post=1145"}],"version-history":[{"count":5,"href":"https:\/\/smf-inc.com\/es\/wp-json\/wp\/v2\/pages\/1145\/revisions"}],"predecessor-version":[{"id":3072,"href":"https:\/\/smf-inc.com\/es\/wp-json\/wp\/v2\/pages\/1145\/revisions\/3072"}],"wp:featuredmedia":[{"embeddable":true,"href":"https:\/\/smf-inc.com\/es\/wp-json\/wp\/v2\/media\/1143"}],"wp:attachment":[{"href":"https:\/\/smf-inc.com\/es\/wp-json\/wp\/v2\/media?parent=1145"}],"curies":[{"name":"wp","href":"https:\/\/api.w.org\/{rel}","templated":true}]}}