{"id":1138,"date":"2025-11-04T04:57:37","date_gmt":"2025-11-04T04:57:37","guid":{"rendered":"https:\/\/smf-inc.com\/mecanizado-de-precision-springfield-il\/"},"modified":"2025-11-04T04:57:37","modified_gmt":"2025-11-04T04:57:37","slug":"mecanizado-de-precision-springfield-il","status":"publish","type":"page","link":"https:\/\/smf-inc.com\/es\/mecanizado-de-precision-springfield-il\/","title":{"rendered":"Mecanizado de precisi\u00f3n Springfield IL"},"content":{"rendered":"<h3>Cree los componentes que necesita con el mecanizado de precisi\u00f3n para Springfield IL<\/h3>\n<p>La fabricaci\u00f3n de piezas, herramientas y componentes met\u00e1licos precisos y de alta calidad no es una tarea sencilla para las instalaciones de fabricaci\u00f3n. Se necesita el funcionamiento de m\u00e1quinas y equipos espec\u00edficos para desarrollar las piezas integrales que forman parte de los veh\u00edculos, m\u00e1quinas y equipos que utilizamos a diario. Con el <a href=\"https:\/\/smf-inc.com\/precision-machining-rockford-il\/\">mecanizado de precisi\u00f3n<\/a> para Springfield IL, de SMF Inc, puede dejar el desarrollo de piezas complejas en manos de expertos en fabricaci\u00f3n de metal.<\/p>\n<h3>Ventajas del mecanizado de precisi\u00f3n<\/h3>\n<p><a href=\"https:\/\/smf-inc.com\/precision-machining-chicago-il\/\">El mecanizado de precisi\u00f3n<\/a> es un valioso m\u00e9todo de producci\u00f3n para industrias de todo Estados Unidos. El proceso de mecanizado de precisi\u00f3n consiste en las operaciones de mecanizado est\u00e1ndar de fresado, torneado, taladrado, mandrinado, etc., pero con operaciones gestionadas por software de fabricaci\u00f3n y dise\u00f1o asistidos por ordenador. Cuando se preocupan por la precisi\u00f3n y la calidad de un producto, los fabricantes conf\u00edan en el mecanizado de precisi\u00f3n y en sus ventajas, entre ellas:<\/p>\n<ul>\n<li><strong>Consistencia del producto<\/strong> &#8211; Los componentes creados mediante mecanizado de precisi\u00f3n deben cumplir las especificaciones exactas de los dise\u00f1os originales. Si las piezas individuales de un mismo dise\u00f1o no son coherentes, los productos finales pueden presentar defectos y errores. La naturaleza automatizada del mecanizado de precisi\u00f3n garantiza que los componentes se creen siempre de la misma forma.<\/li>\n<li><strong>Precisi\u00f3n<\/strong> &#8211; Si alguna parte de un componente fabricado se mecaniza incorrectamente, dicho componente deja de ser utilizable. Y con el riesgo de error humano que conlleva el mecanizado est\u00e1ndar, muchas empresas no pueden permitirse el lujo de jugar con imprecisiones en la fabricaci\u00f3n. Como tal, el mecanizado de precisi\u00f3n elimina el elemento \u00abhumano\u00bb, garantizando una precisi\u00f3n total para la producci\u00f3n de sus piezas.<\/li>\n<li><strong>Mayores<\/strong> \u00edndices de producci\u00f3n: para satisfacer la demanda de los consumidores, los \u00edndices de producci\u00f3n han aumentado considerablemente. Sin embargo, para que el mecanizado est\u00e1ndar se mantenga a la altura de los elevados ritmos de producci\u00f3n exigidos a los fabricantes, se necesitar\u00edan cientos de operarios de m\u00e1quinas. Por el contrario, el mecanizado de precisi\u00f3n puede seguir el ritmo de las altas tasas de producci\u00f3n con relativa facilidad.<\/li>\n<li><strong>Reducci\u00f3n de residuos<\/strong> &#8211; Desgraciadamente, el proceso de mecanizado est\u00e1ndar puede crear de forma inherente importantes residuos de material con el metal retirado de una pieza o residuos creados debido a defectos del producto. El mecanizado de precisi\u00f3n hace que los materiales se corten con exactitud para garantizar el m\u00ednimo desperdicio de metal posible. Adem\u00e1s, los residuos debidos a defectos del producto se reducen considerablemente, gracias a la gran precisi\u00f3n del mecanizado de precisi\u00f3n.<\/li>\n<\/ul>\n<h3>Nuestros servicios adicionales de fabricaci\u00f3n<\/h3>\n<div class=\"right-img\"><img loading=\"lazy\" decoding=\"async\" src=\"https:\/\/smf-inc.com\/wp-content\/uploads\/2022\/12\/Precision-Machining-Springfield-Il-seo.jpg\" alt=\"Mecanizado de precisi\u00f3n Springfield IL\" width=\"500\" height=\"350\" title=\"\"><\/div>\n<p>Aunque el mecanizado de precisi\u00f3n es un servicio esencial para muchas industrias, no es el \u00fanico servicio de fabricaci\u00f3n de metal que pueden necesitar sus instalaciones. Afortunadamente, SMF Inc. incorpora numerosas capacidades a nuestro proceso de fabricaci\u00f3n. Para garantizar que nuestros clientes reciban un producto personalizado que cumpla exactamente sus especificaciones, ofrecemos importantes servicios de fabricaci\u00f3n, como:<\/p>\n<ul class=\"col-3\">\n<li><a href=\"https:\/\/smf-inc.com\/capabilities\/powder-coating\/\">Recubrimiento en polvo<\/a><\/li>\n<li><a href=\"https:\/\/smf-inc.com\/capabilities\/assembly\/\">Montaje<\/a><\/li>\n<li><a href=\"https:\/\/smf-inc.com\/capabilities\/plasma-cutting\/\">Corte por plasma<\/a><\/li>\n<li><a href=\"https:\/\/smf-inc.com\/capabilities\/saw-cutting\/\">Corte de sierra<\/a><\/li>\n<li><a href=\"https:\/\/smf-inc.com\/capabilities\/blasting\/\">Voladura<\/a><\/li>\n<li><a href=\"https:\/\/smf-inc.com\/capabilities\/welding\/\">Soldadura<\/a><\/li>\n<li><a href=\"https:\/\/smf-inc.com\/capabilities\/machining\/\">Mecanizado<\/a><\/li>\n<li><a href=\"https:\/\/smf-inc.com\/capabilities\/laser-cutting\/\">Corte por l\u00e1ser<\/a><\/li>\n<li><a href=\"https:\/\/smf-inc.com\/capabilities\/forming\/\">Formando<\/a><\/li>\n<\/ul>\n<h3>Ll\u00e1menos<\/h3>\n<p>Si sus instalaciones carecen de las capacidades para el <a href=\"https:\/\/smf-inc.com\/precision-machining-peoria-il\/\">mecanizado de precisi\u00f3n<\/a> adecuada en Springfield IL, cuente con SMF Inc. y nuestro equipo de expertos fabricantes de metal. Obtenga m\u00e1s informaci\u00f3n sobre nuestra empresa y nuestras capacidades llamando al <a href=\"tel:3094322586\">309-432-2586<\/a>. SMF tiene instalaciones en <a href=\"https:\/\/smf-inc.com\/precision-machining-illinois\/\">Illinois<\/a> y Carolina del Sur, y atiende a clientes de todo Estados Unidos.<\/p>\n","protected":false},"excerpt":{"rendered":"<p>Cree los componentes que necesita con el mecanizado de precisi\u00f3n para Springfield IL La fabricaci\u00f3n de piezas, herramientas y componentes met\u00e1licos precisos y de alta calidad no es una tarea sencilla para las instalaciones de fabricaci\u00f3n. Se necesita el funcionamiento de m\u00e1quinas y equipos espec\u00edficos para desarrollar las piezas integrales que forman parte de los &hellip; <a href=\"https:\/\/smf-inc.com\/es\/mecanizado-de-precision-springfield-il\/\" class=\"more-link\">Continue reading <span class=\"screen-reader-text\">Mecanizado de precisi\u00f3n Springfield IL<\/span><\/a><\/p>\n","protected":false},"author":1,"featured_media":1136,"parent":0,"menu_order":0,"comment_status":"closed","ping_status":"closed","template":"","meta":{"_acf_changed":false,"inline_featured_image":false,"footnotes":""},"class_list":["post-1138","page","type-page","status-publish","has-post-thumbnail","hentry"],"acf":[],"_links":{"self":[{"href":"https:\/\/smf-inc.com\/es\/wp-json\/wp\/v2\/pages\/1138","targetHints":{"allow":["GET"]}}],"collection":[{"href":"https:\/\/smf-inc.com\/es\/wp-json\/wp\/v2\/pages"}],"about":[{"href":"https:\/\/smf-inc.com\/es\/wp-json\/wp\/v2\/types\/page"}],"author":[{"embeddable":true,"href":"https:\/\/smf-inc.com\/es\/wp-json\/wp\/v2\/users\/1"}],"replies":[{"embeddable":true,"href":"https:\/\/smf-inc.com\/es\/wp-json\/wp\/v2\/comments?post=1138"}],"version-history":[{"count":3,"href":"https:\/\/smf-inc.com\/es\/wp-json\/wp\/v2\/pages\/1138\/revisions"}],"predecessor-version":[{"id":3073,"href":"https:\/\/smf-inc.com\/es\/wp-json\/wp\/v2\/pages\/1138\/revisions\/3073"}],"wp:featuredmedia":[{"embeddable":true,"href":"https:\/\/smf-inc.com\/es\/wp-json\/wp\/v2\/media\/1136"}],"wp:attachment":[{"href":"https:\/\/smf-inc.com\/es\/wp-json\/wp\/v2\/media?parent=1138"}],"curies":[{"name":"wp","href":"https:\/\/api.w.org\/{rel}","templated":true}]}}