{"id":1128,"date":"2025-11-04T04:57:40","date_gmt":"2025-11-04T04:57:40","guid":{"rendered":"https:\/\/smf-inc.com\/mecanizado-de-precision-peoria-il\/"},"modified":"2025-11-04T04:57:40","modified_gmt":"2025-11-04T04:57:40","slug":"mecanizado-de-precision-peoria-il","status":"publish","type":"page","link":"https:\/\/smf-inc.com\/es\/mecanizado-de-precision-peoria-il\/","title":{"rendered":"Mecanizado de precisi\u00f3n Peoria IL"},"content":{"rendered":"<h3>Su empresa puede beneficiarse del mecanizado de precisi\u00f3n en Peoria IL<\/h3>\n<p>No todas las f\u00e1bricas pueden producir componentes de alta calidad con rapidez y precisi\u00f3n. Afortunadamente, SMF Inc. puede satisfacer sus necesidades de producci\u00f3n con nuestro experto <a href=\"https:\/\/smf-inc.com\/precision-machining-rockford-il\/\">mecanizado de precisi\u00f3n<\/a> para Peoria IL y en todo Illinois. Como empresa de fabricaci\u00f3n de servicios integrales, satisfacemos las necesidades de fabricantes locales y nacionales produciendo grandes vol\u00famenes de componentes de forma r\u00e1pida y asequible, utilizando la maquinaria m\u00e1s precisa.<\/p>\n<h3>Industrias que necesitan mecanizado de precisi\u00f3n<\/h3>\n<p>Aunque numerosas industrias requieren <a href=\"https:\/\/smf-inc.com\/precision-machining-chicago-il\/\">mecanizado de<\/a> precisi\u00f3n en diversos grados, las instalaciones m\u00e9dicas, aeroespaciales, automovil\u00edsticas y energ\u00e9ticas dependen de \u00e9l. En funci\u00f3n de las necesidades espec\u00edficas de su sector, SMF puede proporcionarle los componentes personalizados que necesita para que su instalaci\u00f3n funcione y prospere.<\/p>\n<ul>\n<li><strong>Medicina<\/strong> &#8211; Cuando la salud de los pacientes est\u00e1 en juego, los centros sanitarios necesitan que las herramientas y equipos que utilizan funcionen con eficacia y sin errores. Afortunadamente, los componentes creados mediante mecanizado de precisi\u00f3n prometen una tasa de error incre\u00edblemente baja. SMF puede ayudar a la industria m\u00e9dica creando productos personalizados y de alta calidad que mejoren la eficacia de los equipos m\u00e9dicos y garanticen la seguridad de los pacientes.<\/li>\n<li><strong>Aeroespacial<\/strong> &#8211; De la misma manera que no querr\u00eda que fallara un dispositivo m\u00e9dico, tambi\u00e9n desea la m\u00e1xima confianza en los diversos aviones y veh\u00edculos de aviaci\u00f3n con los que se encuentra. Por ello, el mecanizado de precisi\u00f3n es crucial para crear piezas y componentes de aviones. Dado que el mecanizado aeroespacial debe cumplir requisitos precisos y tolerancias estrictas, el mecanizado de precisi\u00f3n es el m\u00e1s adecuado para este sector.<\/li>\n<li><strong>Automoci\u00f3n<\/strong> &#8211; Para seguir el ritmo de las demandas de los consumidores, las f\u00e1bricas de autom\u00f3viles deben producir nuevos veh\u00edculos de forma r\u00e1pida y constante. Afortunadamente, el mecanizado de precisi\u00f3n puede producir algunos de los componentes m\u00e1s complejos de un veh\u00edculo en grandes vol\u00famenes y a altos ritmos de producci\u00f3n.<\/li>\n<li><strong>Energ\u00eda<\/strong> &#8211; Las instalaciones de la industria energ\u00e9tica deben soportar presiones extremas y seguir funcionando con un alto grado de eficiencia en cualquier condici\u00f3n. Por ello, las piezas creadas con mecanizado de precisi\u00f3n resultan ser las m\u00e1s fiables. El mecanizado de precisi\u00f3n garantiza piezas de alta calidad con una durabilidad incre\u00edble y una gran tolerancia a la tensi\u00f3n.<\/li>\n<\/ul>\n<h3>\u00bfEn qu\u00e9 m\u00e1s podemos ayudar?<\/h3>\n<div class=\"right-img\"><img loading=\"lazy\" decoding=\"async\" class=\"alignnone\" src=\"https:\/\/smf-inc.com\/wp-content\/uploads\/2022\/12\/Precision-Machining-Peoria-IL-seo.jpg\" alt=\"Mecanizado de precisi\u00f3n en Peoria IL utilizado para cortar esquinas precisas para una pieza de metal.\" width=\"500\" height=\"350\" title=\"\"><\/div>\n<p>El <a href=\"https:\/\/smf-inc.com\/precision-machining-springfield-il\/\">mecanizado de precisi\u00f3n<\/a> en Peoria IL no es el \u00fanico servicio que ofrece SMF Inc. Nuestros expertos en metalurgia dominan m\u00faltiples capacidades, lo que nos permite la m\u00e1xima personalizaci\u00f3n y flexibilidad a la hora de fabricar sus productos. Nos esforzamos por diferenciarnos de otras empresas de fabricaci\u00f3n ofreciendo amplias y completas capacidades utilizando las mejores herramientas y equipos. Estas capacidades incluyen:<\/p>\n<ul class=\"col-3\">\n<li><a href=\"https:\/\/smf-inc.com\/capabilities\/powder-coating\/\">Recubrimiento en polvo<\/a><\/li>\n<li><a href=\"https:\/\/smf-inc.com\/capabilities\/assembly\/\">Montaje<\/a><\/li>\n<li><a href=\"https:\/\/smf-inc.com\/capabilities\/plasma-cutting\/\">Corte por plasma<\/a><\/li>\n<li><a href=\"https:\/\/smf-inc.com\/capabilities\/saw-cutting\/\">Corte de sierra<\/a><\/li>\n<li><a href=\"https:\/\/smf-inc.com\/capabilities\/blasting\/\">Voladura<\/a><\/li>\n<li><a href=\"https:\/\/smf-inc.com\/capabilities\/welding\/\">Soldadura<\/a><\/li>\n<li><a href=\"https:\/\/smf-inc.com\/capabilities\/machining\/\">Mecanizado<\/a><\/li>\n<li><a href=\"https:\/\/smf-inc.com\/capabilities\/laser-cutting\/\">Corte por l\u00e1ser<\/a><\/li>\n<li><a href=\"https:\/\/smf-inc.com\/capabilities\/forming\/\">Formando<\/a><\/li>\n<\/ul>\n<h3>Contacte con nuestra oficina<\/h3>\n<p>Si sus instalaciones no cuentan con los medios para soportar la producci\u00f3n de componentes precisos y de alta tolerancia, cuente con SMF Inc. para el mecanizado de precisi\u00f3n en Peoria IL. Para obtener m\u00e1s informaci\u00f3n sobre nuestra empresa o nuestras capacidades, p\u00f3ngase en contacto con SMF hoy mismo en el <a href=\"tel:3094322586\">309-432-2586<\/a>. SMF tiene instalaciones en <a href=\"https:\/\/smf-inc.com\/precision-machining-illinois\/\">Illinois<\/a> y Carolina del Sur, y atiende a clientes de todo Estados Unidos.<\/p>\n","protected":false},"excerpt":{"rendered":"<p>Su empresa puede beneficiarse del mecanizado de precisi\u00f3n en Peoria IL No todas las f\u00e1bricas pueden producir componentes de alta calidad con rapidez y precisi\u00f3n. Afortunadamente, SMF Inc. puede satisfacer sus necesidades de producci\u00f3n con nuestro experto mecanizado de precisi\u00f3n para Peoria IL y en todo Illinois. Como empresa de fabricaci\u00f3n de servicios integrales, satisfacemos &hellip; <a href=\"https:\/\/smf-inc.com\/es\/mecanizado-de-precision-peoria-il\/\" class=\"more-link\">Continue reading <span class=\"screen-reader-text\">Mecanizado de precisi\u00f3n Peoria IL<\/span><\/a><\/p>\n","protected":false},"author":1,"featured_media":1126,"parent":0,"menu_order":0,"comment_status":"closed","ping_status":"closed","template":"","meta":{"_acf_changed":false,"inline_featured_image":false,"footnotes":""},"class_list":["post-1128","page","type-page","status-publish","has-post-thumbnail","hentry"],"acf":[],"_links":{"self":[{"href":"https:\/\/smf-inc.com\/es\/wp-json\/wp\/v2\/pages\/1128","targetHints":{"allow":["GET"]}}],"collection":[{"href":"https:\/\/smf-inc.com\/es\/wp-json\/wp\/v2\/pages"}],"about":[{"href":"https:\/\/smf-inc.com\/es\/wp-json\/wp\/v2\/types\/page"}],"author":[{"embeddable":true,"href":"https:\/\/smf-inc.com\/es\/wp-json\/wp\/v2\/users\/1"}],"replies":[{"embeddable":true,"href":"https:\/\/smf-inc.com\/es\/wp-json\/wp\/v2\/comments?post=1128"}],"version-history":[{"count":4,"href":"https:\/\/smf-inc.com\/es\/wp-json\/wp\/v2\/pages\/1128\/revisions"}],"predecessor-version":[{"id":3063,"href":"https:\/\/smf-inc.com\/es\/wp-json\/wp\/v2\/pages\/1128\/revisions\/3063"}],"wp:featuredmedia":[{"embeddable":true,"href":"https:\/\/smf-inc.com\/es\/wp-json\/wp\/v2\/media\/1126"}],"wp:attachment":[{"href":"https:\/\/smf-inc.com\/es\/wp-json\/wp\/v2\/media?parent=1128"}],"curies":[{"name":"wp","href":"https:\/\/api.w.org\/{rel}","templated":true}]}}