{"id":1115,"date":"2025-11-04T04:57:41","date_gmt":"2025-11-04T04:57:41","guid":{"rendered":"https:\/\/smf-inc.com\/mecanizado-de-precision-illinois\/"},"modified":"2025-11-04T04:57:41","modified_gmt":"2025-11-04T04:57:41","slug":"mecanizado-de-precision-illinois","status":"publish","type":"page","link":"https:\/\/smf-inc.com\/es\/mecanizado-de-precision-illinois\/","title":{"rendered":"Mecanizado de precisi\u00f3n Illinois"},"content":{"rendered":"<h3>\u00bfD\u00f3nde puede encontrar mecanizado de precisi\u00f3n en Illinois?<\/h3>\n<p>Para las empresas que forman parte de la industria manufacturera, es crucial garantizar medios de producci\u00f3n precisos y exactos para diversas piezas, herramientas y productos. Industrias como la aeroespacial, la automovil\u00edstica, la sanitaria y otras requieren componentes precisos y de alta calidad para garantizar altos \u00edndices de producci\u00f3n con errores m\u00ednimos. As\u00ed, SMF Inc. se esfuerza por satisfacer las necesidades de los fabricantes con <a href=\"https:\/\/smf-inc.com\/precision-machining-chicago-il\/\">mecanizado de precisi\u00f3n<\/a> en Illinois y los estados circundantes.<\/p>\n<h3>\u00bfNecesita mecanizado de precisi\u00f3n?<\/h3>\n<p>Mediante el mecanizado de precisi\u00f3n, se utilizan controles informatizados para manejar maquinaria de fresado, torneado, taladrado, mandrinado y operaciones de mecanizado adicionales. Esto se hace para garantizar la precisi\u00f3n, calidad y coherencia de todos los productos. Para muchas empresas, <a href=\"https:\/\/smf-inc.com\/precision-machining-rockford-il\/\">el mecanizado de precisi\u00f3n<\/a> es esencial, ya que garantiza:<\/p>\n<ul>\n<li><strong>Altos \u00edndices de producci\u00f3n<\/strong>: el mecanizado est\u00e1ndar no puede seguir el ritmo de los altos \u00edndices de producci\u00f3n del mecanizado de precisi\u00f3n. Una vez programado el dise\u00f1o de una pieza en nuestras m\u00e1quinas, podemos producir continuamente las mismas piezas seg\u00fan sus especificaciones exactas con una velocidad incre\u00edble.<\/li>\n<li><strong>Precisi\u00f3n<\/strong> &#8211; Aunque tenemos una gran confianza en nuestros operadores de m\u00e1quinas, el trabajo humano es, por desgracia, menos preciso que lo que puede hacer un ordenador. Por esta raz\u00f3n, el mecanizado de precisi\u00f3n es el mejor para crear piezas peque\u00f1as y precisas que requieren una exactitud incre\u00edble para su creaci\u00f3n.<\/li>\n<li><strong>Coherencia<\/strong> &#8211; Adem\u00e1s de la precisi\u00f3n, la coherencia es importante cuando se producen varias piezas. Si las piezas no son coherentes entre s\u00ed, corre el riesgo de que se produzcan aver\u00edas, fallos de funcionamiento o errores en las m\u00e1quinas o productos para los que se utilizan. El mecanizado de precisi\u00f3n produce los mismos resultados en todos los componentes.<\/li>\n<li><strong>Menos residuos<\/strong> &#8211; Una ventaja significativa del mecanizado de precisi\u00f3n es la ausencia de residuos de material que produce. Aunque el mecanizado consiste principalmente en fabricaci\u00f3n sustractiva, la exactitud y consistencia del mecanizado de precisi\u00f3n se traducen en menos errores o defectos. De este modo, se elimina un m\u00ednimo de productos defectuosos y se reducen los costes de producci\u00f3n.<\/li>\n<li><strong>Mayor seguridad: <\/strong>el mecanizado de precisi\u00f3n es un proceso de producci\u00f3n seguro que elimina algunos de los peligros derivados del mal manejo de la maquinaria o del mal funcionamiento del producto. Fabricantes y clientes pueden garantizar su seguridad con componentes sin errores creados mediante controles informatizados.<\/li>\n<\/ul>\n<h3>Nuestras otras capacidades<\/h3>\n<div class=\"right-img\"><img loading=\"lazy\" decoding=\"async\" class=\"alignnone\" src=\"https:\/\/smf-inc.com\/wp-content\/uploads\/2022\/12\/Precision-Machining-Illinois-seo.jpg\" alt=\"Mecanizado de precisi\u00f3n en Illinois para crear piezas peque\u00f1as\" width=\"500\" height=\"350\" title=\"\"><\/div>\n<p>Adem\u00e1s del <a href=\"https:\/\/smf-inc.com\/precision-machining-springfield-il\/\">mecanizado de precisi\u00f3n<\/a> en Illinois, SMF Inc. ofrece numerosos servicios metal\u00fargicos a nuestros clientes. Para garantizar nuestros servicios como <a href=\"https:\/\/smf-inc.com\/metal-fabrication\/\">empresa de fabricaci\u00f3n de metal<\/a> de servicio completo, empleamos a expertos en trabajo del metal muy versados en numerosas capacidades. Nuestros servicios nos permiten suministrar piezas y productos de alta calidad, independientemente de su tama\u00f1o o complejidad. Las capacidades de SMF incluyen:<\/p>\n<ul class=\"col-3\">\n<li><a href=\"https:\/\/smf-inc.com\/capabilities\/welding\/\">Soldadura<\/a><\/li>\n<li><a href=\"https:\/\/smf-inc.com\/capabilities\/machining\/\">Mecanizado<\/a><\/li>\n<li><a href=\"https:\/\/smf-inc.com\/capabilities\/laser-cutting\/\">Corte por l\u00e1ser<\/a><\/li>\n<li><a href=\"https:\/\/smf-inc.com\/capabilities\/forming\/\">Formando<\/a><\/li>\n<li><a href=\"https:\/\/smf-inc.com\/capabilities\/powder-coating\/\">Recubrimiento en polvo<\/a><\/li>\n<li><a href=\"https:\/\/smf-inc.com\/capabilities\/assembly\/\">Montaje<\/a><\/li>\n<li><a href=\"https:\/\/smf-inc.com\/capabilities\/plasma-cutting\/\">Corte por plasma<\/a><\/li>\n<li><a href=\"https:\/\/smf-inc.com\/capabilities\/saw-cutting\/\">Corte de sierra<\/a><\/li>\n<li><a href=\"https:\/\/smf-inc.com\/capabilities\/blasting\/\">Voladura<\/a><\/li>\n<\/ul>\n<h3>Llame hoy mismo<\/h3>\n<p>Si necesitas una fabricaci\u00f3n de metal r\u00e1pida, consistente y de alta calidad, puedes confiar en SMF Inc. y en nuestro <a href=\"https:\/\/smf-inc.com\/precision-machining-peoria-il\/\">mecanizado de precisi\u00f3n<\/a> para fabricantes de Illinois. Para obtener m\u00e1s informaci\u00f3n sobre nuestra empresa y nuestras capacidades, p\u00f3ngase en contacto con SMF hoy mismo en el <a href=\"tel:3094322586\">309-432-2586<\/a>. SMF tiene instalaciones en Illinois y Carolina del Sur, y atiende a clientes de todo Estados Unidos.<\/p>\n","protected":false},"excerpt":{"rendered":"<p>\u00bfD\u00f3nde puede encontrar mecanizado de precisi\u00f3n en Illinois? Para las empresas que forman parte de la industria manufacturera, es crucial garantizar medios de producci\u00f3n precisos y exactos para diversas piezas, herramientas y productos. Industrias como la aeroespacial, la automovil\u00edstica, la sanitaria y otras requieren componentes precisos y de alta calidad para garantizar altos \u00edndices de &hellip; <a href=\"https:\/\/smf-inc.com\/es\/mecanizado-de-precision-illinois\/\" class=\"more-link\">Continue reading <span class=\"screen-reader-text\">Mecanizado de precisi\u00f3n Illinois<\/span><\/a><\/p>\n","protected":false},"author":1,"featured_media":1113,"parent":0,"menu_order":0,"comment_status":"closed","ping_status":"closed","template":"","meta":{"_acf_changed":false,"inline_featured_image":false,"footnotes":""},"class_list":["post-1115","page","type-page","status-publish","has-post-thumbnail","hentry"],"acf":[],"_links":{"self":[{"href":"https:\/\/smf-inc.com\/es\/wp-json\/wp\/v2\/pages\/1115","targetHints":{"allow":["GET"]}}],"collection":[{"href":"https:\/\/smf-inc.com\/es\/wp-json\/wp\/v2\/pages"}],"about":[{"href":"https:\/\/smf-inc.com\/es\/wp-json\/wp\/v2\/types\/page"}],"author":[{"embeddable":true,"href":"https:\/\/smf-inc.com\/es\/wp-json\/wp\/v2\/users\/1"}],"replies":[{"embeddable":true,"href":"https:\/\/smf-inc.com\/es\/wp-json\/wp\/v2\/comments?post=1115"}],"version-history":[{"count":5,"href":"https:\/\/smf-inc.com\/es\/wp-json\/wp\/v2\/pages\/1115\/revisions"}],"predecessor-version":[{"id":3060,"href":"https:\/\/smf-inc.com\/es\/wp-json\/wp\/v2\/pages\/1115\/revisions\/3060"}],"wp:featuredmedia":[{"embeddable":true,"href":"https:\/\/smf-inc.com\/es\/wp-json\/wp\/v2\/media\/1113"}],"wp:attachment":[{"href":"https:\/\/smf-inc.com\/es\/wp-json\/wp\/v2\/media?parent=1115"}],"curies":[{"name":"wp","href":"https:\/\/api.w.org\/{rel}","templated":true}]}}