{"id":1108,"date":"2025-11-04T04:57:42","date_gmt":"2025-11-04T04:57:42","guid":{"rendered":"https:\/\/smf-inc.com\/fabricacion-de-metal-rock-hill-sc\/"},"modified":"2025-11-04T04:57:42","modified_gmt":"2025-11-04T04:57:42","slug":"fabricacion-de-metal-rock-hill-sc","status":"publish","type":"page","link":"https:\/\/smf-inc.com\/es\/fabricacion-de-metal-rock-hill-sc\/","title":{"rendered":"Fabricaci\u00f3n de metal Rock Hill SC"},"content":{"rendered":"<h3>Apoye sus instalaciones con fabricaci\u00f3n de metal de alta calidad en Rock Hill SC<\/h3>\n<p>En toda Carolina del Sur, las instalaciones de fabricaci\u00f3n y las empresas industriales buscan fabricantes de servicios integrales en los que puedan confiar para obtener un trabajo constante y de alta calidad. Por desgracia, muchos fabricantes de metal hacen elegir a sus clientes entre coherencia y calidad. Por esta raz\u00f3n, SMF Inc. se esfuerza por diferenciarse. Nunca comprometemos la calidad de nuestros productos y prometemos la finalizaci\u00f3n de los proyectos en plazos estrictos. Cuando necesites <a href=\"https:\/\/smf-inc.com\/metal-fabrication-greenville-sc\/\">fabricaci\u00f3n de metal<\/a> en Rock Hill SC o en cualquier parte del estado, SMF te tiene cubierto.<\/p>\n<h3>\u00bfPor qu\u00e9 elegir SMF?<\/h3>\n<p>En realidad, puedes confiar en cientos de empresas <a href=\"https:\/\/smf-inc.com\/metal-fabrication-columbia-sc\/\">de fabricaci\u00f3n de metal<\/a> para producir las piezas y productos que necesitas. Sin embargo, muchas empresas de fabricaci\u00f3n dan prioridad a la cantidad sobre la calidad para maximizar la producci\u00f3n y los beneficios. SMF Inc. adopta un enfoque menos aleatorio de la metalurgia. Nuestra empresa promete productos de la mejor calidad, amplias capacidades metal\u00fargicas y los precios m\u00e1s asequibles para los fabricantes de servicios completos.<\/p>\n<ul>\n<li><strong>Productos de la mejor calidad<\/strong>\n<ul>\n<li>No hay una sola pieza o componente que no pase por las rigurosas pruebas e inspecciones de SMF. Inspeccionamos minuciosamente cada pieza terminada, identificando posibles deformidades o defectos antes de que lleguen a los consumidores. Nuestro enfoque basado en datos para el control de calidad y la revisi\u00f3n de productos garantiza que ninguna pieza quede sin revisar antes de la entrega.<\/li>\n<\/ul>\n<\/li>\n<li><strong>Asequibilidad<\/strong>\n<ul>\n<li>Para muchas empresas de fabricaci\u00f3n, un producto de mayor calidad implica costes de material m\u00e1s elevados. En el caso de SMF, no es as\u00ed; ofrecemos una producci\u00f3n de calidad adem\u00e1s de asequible. Nuestras asociaciones han permitido a SMF conseguir componentes met\u00e1licos de alta calidad a precios al por mayor o inferiores. A su vez, podemos ofrecer a nuestros clientes costes de producci\u00f3n reducidos y venta al por menor de materiales por menos dinero.<\/li>\n<\/ul>\n<\/li>\n<li><strong>Numerosas capacidades<\/strong>\n<ul>\n<li>Puede esperar rapidez y coherencia, pero una calidad de trabajo inferior en algunas empresas de fabricaci\u00f3n de metal que ofrecen \u00absoluciones uniformes\u00bb a sus capacidades de producci\u00f3n. Sin embargo, con las amplias capacidades de SMF, conseguimos productos de mayor calidad y podemos seguir ofreciendo plazos de entrega r\u00e1pidos para nuestros proyectos. Cuando se trata de fabricaci\u00f3n de metal a medida en Rock Hill SC, \u00a1no tenemos rival!<\/li>\n<\/ul>\n<\/li>\n<\/ul>\n<div class=\"left-img\"><img loading=\"lazy\" decoding=\"async\" class=\"alignnone\" src=\"https:\/\/smf-inc.com\/wp-content\/uploads\/2022\/12\/Metal-Fabrication-Rock-Hill-SC-seo1.jpg\" alt=\"Soldadura de componentes como parte de la fabricaci\u00f3n de metales para Rock Hill SC\" width=\"500\" height=\"350\" title=\"\"><\/div>\n<h3>Nuestras Capacidades<\/h3>\n<p>No mentimos cuando ofrecemos algunas de las mayores capacidades de las empresas de fabricaci\u00f3n de servicios completos. Podemos conformar, doblar, cortar y soldar cualquier material met\u00e1lico para cumplir las especificaciones precisas de nuestros clientes. Independientemente del tama\u00f1o o la complejidad de un proyecto, nuestro equipo cuenta con el equipo y la experiencia necesarios para lograr resultados de la m\u00e1xima calidad. Nuestras capacidades incluyen:<\/p>\n<ul class=\"col-3\">\n<li><a href=\"https:\/\/smf-inc.com\/capabilities\/powder-coating\/\">Recubrimiento en polvo<\/a><\/li>\n<li><a href=\"https:\/\/smf-inc.com\/capabilities\/assembly\/\">Montaje<\/a><\/li>\n<li><a href=\"https:\/\/smf-inc.com\/capabilities\/plasma-cutting\/\">Corte por plasma<\/a><\/li>\n<li><a href=\"https:\/\/smf-inc.com\/capabilities\/saw-cutting\/\">Corte de sierra<\/a><\/li>\n<li><a href=\"https:\/\/smf-inc.com\/capabilities\/blasting\/\">Voladura<\/a><\/li>\n<li><a href=\"https:\/\/smf-inc.com\/capabilities\/welding\/\">Soldadura<\/a><\/li>\n<li><a href=\"https:\/\/smf-inc.com\/capabilities\/machining\/\">Mecanizado<\/a><\/li>\n<li><a href=\"https:\/\/smf-inc.com\/capabilities\/laser-cutting\/\">Corte por l\u00e1ser<\/a><\/li>\n<li><a href=\"https:\/\/smf-inc.com\/capabilities\/forming\/\">Formando<\/a><\/li>\n<\/ul>\n<h3>Contacte con nuestra oficina<\/h3>\n<p>No comprometas la calidad por la cantidad con la <a href=\"https:\/\/smf-inc.com\/metal-fabrication-charleston-sc\/\">fabricaci\u00f3n de metal<\/a> para Rock Hill SC; consigue lo mejor de ambos mundos con los profesionales del trabajo del metal de SMF Inc. Para obtener m\u00e1s informaci\u00f3n sobre nuestra empresa y nuestros servicios, p\u00f3ngase en contacto con nosotros hoy mismo en <a href=\"tel:8642260470\">el 864-226-0470<\/a>. SMF tiene instalaciones en <a href=\"https:\/\/smf-inc.com\/metal-fabrication-south-carolina\/\">Carolina del Sur<\/a> e <a href=\"https:\/\/smf-inc.com\/metal-fabrication-illinois\/\">Illinois<\/a>, y atiende a clientes de todo Estados Unidos.<\/p>\n","protected":false},"excerpt":{"rendered":"<p>Apoye sus instalaciones con fabricaci\u00f3n de metal de alta calidad en Rock Hill SC En toda Carolina del Sur, las instalaciones de fabricaci\u00f3n y las empresas industriales buscan fabricantes de servicios integrales en los que puedan confiar para obtener un trabajo constante y de alta calidad. Por desgracia, muchos fabricantes de metal hacen elegir a &hellip; <a href=\"https:\/\/smf-inc.com\/es\/fabricacion-de-metal-rock-hill-sc\/\" class=\"more-link\">Continue reading <span class=\"screen-reader-text\">Fabricaci\u00f3n de metal Rock Hill SC<\/span><\/a><\/p>\n","protected":false},"author":1,"featured_media":1104,"parent":0,"menu_order":0,"comment_status":"closed","ping_status":"closed","template":"","meta":{"_acf_changed":false,"inline_featured_image":false,"footnotes":""},"class_list":["post-1108","page","type-page","status-publish","has-post-thumbnail","hentry"],"acf":[],"_links":{"self":[{"href":"https:\/\/smf-inc.com\/es\/wp-json\/wp\/v2\/pages\/1108","targetHints":{"allow":["GET"]}}],"collection":[{"href":"https:\/\/smf-inc.com\/es\/wp-json\/wp\/v2\/pages"}],"about":[{"href":"https:\/\/smf-inc.com\/es\/wp-json\/wp\/v2\/types\/page"}],"author":[{"embeddable":true,"href":"https:\/\/smf-inc.com\/es\/wp-json\/wp\/v2\/users\/1"}],"replies":[{"embeddable":true,"href":"https:\/\/smf-inc.com\/es\/wp-json\/wp\/v2\/comments?post=1108"}],"version-history":[{"count":3,"href":"https:\/\/smf-inc.com\/es\/wp-json\/wp\/v2\/pages\/1108\/revisions"}],"predecessor-version":[{"id":3061,"href":"https:\/\/smf-inc.com\/es\/wp-json\/wp\/v2\/pages\/1108\/revisions\/3061"}],"wp:featuredmedia":[{"embeddable":true,"href":"https:\/\/smf-inc.com\/es\/wp-json\/wp\/v2\/media\/1104"}],"wp:attachment":[{"href":"https:\/\/smf-inc.com\/es\/wp-json\/wp\/v2\/media?parent=1108"}],"curies":[{"name":"wp","href":"https:\/\/api.w.org\/{rel}","templated":true}]}}