{"id":1098,"date":"2025-11-04T04:57:42","date_gmt":"2025-11-04T04:57:42","guid":{"rendered":"https:\/\/smf-inc.com\/fabricacion-de-metal-greenville-sc\/"},"modified":"2025-11-04T04:57:42","modified_gmt":"2025-11-04T04:57:42","slug":"fabricacion-de-metal-greenville-sc","status":"publish","type":"page","link":"https:\/\/smf-inc.com\/es\/fabricacion-de-metal-greenville-sc\/","title":{"rendered":"Fabricaci\u00f3n de metal Greenville SC"},"content":{"rendered":"<h3>Deje la fabricaci\u00f3n de metal a medida en Greenville SC en manos de expertos<\/h3>\n<p>SMF Inc. se enorgullece de las capacidades de metalurgia y fabricaci\u00f3n que ofrecemos a nuestros clientes. Nuestra misi\u00f3n es siempre ofrecer un producto de alta calidad a los clientes y asegurarnos de hacerlo de forma r\u00e1pida y asequible. Como empresa de servicios integrales de fabricaci\u00f3n y mecanizado, hacemos todo lo posible para garantizar que nuestros clientes s\u00f3lo reciban el mejor servicio con productos acabados incre\u00edbles. Si necesitas <a href=\"https:\/\/smf-inc.com\/metal-fabrication-rock-hill-sc\/\">fabricaci\u00f3n de metal<\/a> en Greenville SC o en cualquier lugar de Carolina del Sur y parte de EE.UU., cuenta con SMF Inc.<\/p>\n<h3>La ventaja SMF<\/h3>\n<p>Para diferenciarnos de otras empresas de fabricaci\u00f3n, SMF se esfuerza por ofrecer un producto de mayor calidad junto con una excelente atenci\u00f3n al cliente, plazos de producci\u00f3n r\u00e1pidos y precios razonables. Por no mencionar que ofrecemos algunas de las mayores capacidades de otros fabricantes de metal.<\/p>\n<ul>\n<li><strong>Piezas de alta calidad<\/strong> &#8211; Mientras que algunas empresas de fabricaci\u00f3n priorizan la cantidad sobre la calidad, SMF no hace concesiones. Empleamos metodolog\u00edas Six Sigma para mantener y mejorar continuamente nuestras capacidades metal\u00fargicas. En cuanto a las pruebas de los productos, todo se inspecciona rigurosamente para detectar defectos y deformidades antes de llegar a su destino final.<\/li>\n<li><strong>Excelente atenci\u00f3n al cliente<\/strong>: la comunicaci\u00f3n entre nuestros fabricantes y su empresa es clave para que el producto final sea un motivo de orgullo para todos. SMF se esfuerza por ofrecer una comunicaci\u00f3n r\u00e1pida, clara y directa con nuestros clientes. Resolvemos los problemas, respondemos a sus preguntas y aplicamos los cambios solicitados a su debido tiempo.<\/li>\n<li><strong>Plazos de entrega r\u00e1pidos<\/strong> &#8211; SMF comprende la necesidad de las empresas de fabricaci\u00f3n de cumplir plazos estrictos. As\u00ed, nuestro equipo trabaja directamente con los distribuidores para que los productos acabados lleguen antes a sus manos. Y si su negocio est\u00e1 dentro de nuestros principales estados de operaci\u00f3n (Carolina del Sur e Illinois), confiamos en nuestros camiones propiedad de la empresa para proporcionar servicios de entrega r\u00e1pida.<\/li>\n<li><strong>Precios razon<\/strong> ables &#8211; SMF trabaja con vendedores mayoristas de acero, cobre, aluminio y otros metales para conseguir materiales de fabricaci\u00f3n a precios razonables. No s\u00f3lo podemos vender a nuestros clientes metal a precios m\u00e1s baratos que al por menor, sino que el coste de producci\u00f3n se mantiene m\u00e1s bajo, lo que se traduce en precios de fabricaci\u00f3n m\u00e1s asequibles.<\/li>\n<\/ul>\n<div class=\"left-img\"><img loading=\"lazy\" decoding=\"async\" class=\"alignnone\" src=\"https:\/\/smf-inc.com\/wp-content\/uploads\/2022\/12\/Metal-Fabrication-Greenville-SC-seo.jpg\" alt=\"Componentes met\u00e1licos de alta calidad fabricados mediante Metal Fabrication para Greenville SC\" width=\"500\" height=\"350\" title=\"\"><\/div>\n<h3>Qu\u00e9 ofrecemos<\/h3>\n<p>Empleamos a expertos metal\u00fargicos versados en numerosas capacidades para garantizar que SMF pueda asumir cualquier proyecto <a href=\"https:\/\/smf-inc.com\/metal-fabrication-columbia-sc\/\">de fabricaci\u00f3n met\u00e1lica<\/a>, independientemente de su tama\u00f1o o complejidad. Cumplir las especificaciones precisas de nuestros clientes significa disponer de amplias herramientas y capacidades para hacerlo. Algunos de nuestros servicios de fabricaci\u00f3n incluyen:<\/p>\n<ul class=\"col-3\">\n<li><a href=\"https:\/\/smf-inc.com\/capabilities\/welding\/\">Soldadura<\/a><\/li>\n<li><a href=\"https:\/\/smf-inc.com\/capabilities\/machining\/\">Mecanizado<\/a><\/li>\n<li><a href=\"https:\/\/smf-inc.com\/capabilities\/laser-cutting\/\">Corte por l\u00e1ser<\/a><\/li>\n<li><a href=\"https:\/\/smf-inc.com\/capabilities\/forming\/\">Formando<\/a><\/li>\n<li><a href=\"https:\/\/smf-inc.com\/capabilities\/powder-coating\/\">Recubrimiento en polvo<\/a><\/li>\n<li><a href=\"https:\/\/smf-inc.com\/capabilities\/assembly\/\">Montaje<\/a><\/li>\n<li><a href=\"https:\/\/smf-inc.com\/capabilities\/plasma-cutting\/\">Corte por plasma<\/a><\/li>\n<li><a href=\"https:\/\/smf-inc.com\/capabilities\/saw-cutting\/\">Corte de sierra<\/a><\/li>\n<li><a href=\"https:\/\/smf-inc.com\/capabilities\/blasting\/\">Voladura<\/a><\/li>\n<\/ul>\n<h3>Hable con nuestro equipo<\/h3>\n<p>La fabricaci\u00f3n <a href=\"https:\/\/smf-inc.com\/metal-fabrication-charleston-sc\/\">de metal<\/a> en Greenville SC es f\u00e1cil gracias a los expertos en fabricaci\u00f3n de SMF Inc. Para saber m\u00e1s sobre nuestra empresa y nuestras capacidades de fabricaci\u00f3n de metal, ponte en contacto con nosotros hoy mismo en el <a href=\"tel:8642260470\">864-226-0470<\/a>. SMF tiene instalaciones en <a href=\"https:\/\/smf-inc.com\/metal-fabrication-south-carolina\/\">Carolina del Sur<\/a> e <a href=\"https:\/\/smf-inc.com\/metal-fabrication-illinois\/\">Illinois<\/a>, y atiende a clientes de todo Estados Unidos.<\/p>\n","protected":false},"excerpt":{"rendered":"<p>Deje la fabricaci\u00f3n de metal a medida en Greenville SC en manos de expertos SMF Inc. se enorgullece de las capacidades de metalurgia y fabricaci\u00f3n que ofrecemos a nuestros clientes. Nuestra misi\u00f3n es siempre ofrecer un producto de alta calidad a los clientes y asegurarnos de hacerlo de forma r\u00e1pida y asequible. Como empresa de &hellip; <a href=\"https:\/\/smf-inc.com\/es\/fabricacion-de-metal-greenville-sc\/\" class=\"more-link\">Continue reading <span class=\"screen-reader-text\">Fabricaci\u00f3n de metal Greenville SC<\/span><\/a><\/p>\n","protected":false},"author":1,"featured_media":1096,"parent":0,"menu_order":0,"comment_status":"closed","ping_status":"closed","template":"","meta":{"_acf_changed":false,"inline_featured_image":false,"footnotes":""},"class_list":["post-1098","page","type-page","status-publish","has-post-thumbnail","hentry"],"acf":[],"_links":{"self":[{"href":"https:\/\/smf-inc.com\/es\/wp-json\/wp\/v2\/pages\/1098","targetHints":{"allow":["GET"]}}],"collection":[{"href":"https:\/\/smf-inc.com\/es\/wp-json\/wp\/v2\/pages"}],"about":[{"href":"https:\/\/smf-inc.com\/es\/wp-json\/wp\/v2\/types\/page"}],"author":[{"embeddable":true,"href":"https:\/\/smf-inc.com\/es\/wp-json\/wp\/v2\/users\/1"}],"replies":[{"embeddable":true,"href":"https:\/\/smf-inc.com\/es\/wp-json\/wp\/v2\/comments?post=1098"}],"version-history":[{"count":3,"href":"https:\/\/smf-inc.com\/es\/wp-json\/wp\/v2\/pages\/1098\/revisions"}],"predecessor-version":[{"id":3057,"href":"https:\/\/smf-inc.com\/es\/wp-json\/wp\/v2\/pages\/1098\/revisions\/3057"}],"wp:featuredmedia":[{"embeddable":true,"href":"https:\/\/smf-inc.com\/es\/wp-json\/wp\/v2\/media\/1096"}],"wp:attachment":[{"href":"https:\/\/smf-inc.com\/es\/wp-json\/wp\/v2\/media?parent=1098"}],"curies":[{"name":"wp","href":"https:\/\/api.w.org\/{rel}","templated":true}]}}