{"id":1089,"date":"2025-11-04T04:57:43","date_gmt":"2025-11-04T04:57:43","guid":{"rendered":"https:\/\/smf-inc.com\/fabricacion-de-metal-columbia-sc\/"},"modified":"2025-11-04T04:57:43","modified_gmt":"2025-11-04T04:57:43","slug":"fabricacion-de-metal-columbia-sc","status":"publish","type":"page","link":"https:\/\/smf-inc.com\/es\/fabricacion-de-metal-columbia-sc\/","title":{"rendered":"Fabricaci\u00f3n de metal Columbia SC"},"content":{"rendered":"<h3>Fabricaci\u00f3n de metal de confianza para Columbia SC<\/h3>\n<p>Tanto si fabrica un producto para uso interno como para venderlo a los clientes, quiere que la producci\u00f3n de dicho producto sea r\u00e1pida y de excelente calidad. Afortunadamente, con SMF Inc. obtendr\u00e1 rapidez y una producci\u00f3n experta. Hemos ayudado a crear y fabricar innumerables piezas y componentes para instalaciones industriales de todo Estados Unidos. SMF puede ayudarte con mucho gusto si necesitas <a href=\"https:\/\/smf-inc.com\/metal-fabrication-rock-hill-sc\/\">fabricaci\u00f3n de metal<\/a> en Columbia SC, o en cualquier otro lugar.<\/p>\n<h3>Lo que creamos<\/h3>\n<p>SMF ha fabricado productos met\u00e1licos para satisfacer las necesidades espec\u00edficas de clientes comerciales, industriales y de la construcci\u00f3n. Desde peque\u00f1as piezas integrales hasta grandes estructuras met\u00e1licas, nuestro equipo ayuda a crear los productos que sus instalaciones necesitan para funcionar sin interrupciones.<\/p>\n<ul>\n<li><strong>Productos comerciales<\/strong>\n<ul>\n<li>Si algo se vende directamente a los consumidores, se considera un producto comercial. En el caso de los productos comerciales, el SMF ayuda a crear partes y piezas individuales que benefician la funci\u00f3n del producto final. Por ejemplo, SMF ha ayudado a dise\u00f1ar y fabricar piezas individuales para electrodom\u00e9sticos, piezas decorativas, luminarias y mucho m\u00e1s.<\/li>\n<\/ul>\n<\/li>\n<li><strong>Productos industriales<\/strong>\n<ul>\n<li>Si las m\u00e1quinas y los equipos crean los productos que utilizan los consumidores, \u00bfqui\u00e9n crea esas m\u00e1quinas industriales? As\u00ed es, \u00a1el SMF lo hace! Ayudamos a las instalaciones industriales y a los fabricantes a desarrollar productos y componentes industriales para mantener, reparar o sustituir maquinaria pesada. Desde peque\u00f1as piezas hasta grandes plataformas met\u00e1licas, fabricamos cualquier producto met\u00e1lico que sus instalaciones no puedan.<\/li>\n<\/ul>\n<\/li>\n<li><strong>Productos estructurales<\/strong>\n<ul>\n<li>Los mayores proyectos de fabricaci\u00f3n de SMF han tenido que ver con productos estructurales. Si los contratistas necesitan componentes \u00fanicos o personalizados para proyectos de construcci\u00f3n comercial o residencial, SMF puede ayudar a crear estos componentes. Por ejemplo, las vigas met\u00e1licas utilizadas en los armazones de estructuras postestructuradas o grandes instalaciones comerciales que SMF puede ayudar a fabricar.<\/li>\n<\/ul>\n<\/li>\n<\/ul>\n<div class=\"left-img\"><img loading=\"lazy\" decoding=\"async\" class=\"alignnone\" src=\"https:\/\/smf-inc.com\/wp-content\/uploads\/2022\/12\/Metal-Fabrication-Columbia-SC-seo.jpg\" alt=\"Un hombre cortando piezas de metal como parte de la fabricaci\u00f3n de metal para Columbia SC\" width=\"500\" height=\"350\" title=\"\"><\/div>\n<h3>Qu\u00e9 hacemos<\/h3>\n<p>SMF Inc. incorpora numerosas capacidades de trabajo del metal en nuestra <a href=\"https:\/\/smf-inc.com\/metal-fabrication-charleston-sc\/\">fabricaci\u00f3n de metal<\/a> para Columbus SC para crear las piezas y productos que requiere tu empresa. A diferencia de otras empresas de fabricaci\u00f3n que minimizan las capacidades para maximizar el rendimiento de la producci\u00f3n, SMF prioriza nuestra flexibilidad y calidad a la hora de crear productos met\u00e1licos personalizados. Por ello, ofrecemos servicios de fabricaci\u00f3n como:<\/p>\n<ul class=\"col-3\">\n<li><a href=\"https:\/\/smf-inc.com\/capabilities\/plasma-cutting\/\">Corte por plasma<\/a><\/li>\n<li><a href=\"https:\/\/smf-inc.com\/capabilities\/saw-cutting\/\">Corte de sierra<\/a><\/li>\n<li><a href=\"https:\/\/smf-inc.com\/capabilities\/blasting\/\">Voladura<\/a><\/li>\n<li><a href=\"https:\/\/smf-inc.com\/capabilities\/welding\/\">Soldadura<\/a><\/li>\n<li><a href=\"https:\/\/smf-inc.com\/capabilities\/machining\/\">Mecanizado<\/a><\/li>\n<li><a href=\"https:\/\/smf-inc.com\/capabilities\/powder-coating\/\">Recubrimiento en polvo<\/a><\/li>\n<li><a href=\"https:\/\/smf-inc.com\/capabilities\/assembly\/\">Montaje<\/a><\/li>\n<li><a href=\"https:\/\/smf-inc.com\/capabilities\/laser-cutting\/\">Corte por l\u00e1ser<\/a><\/li>\n<li><a href=\"https:\/\/smf-inc.com\/capabilities\/forming\/\">Formando<\/a><\/li>\n<\/ul>\n<h3>Hable con nuestro equipo<\/h3>\n<p>No tienes que ir muy lejos cuando busques la mejor <a href=\"https:\/\/smf-inc.com\/metal-fabrication-greenville-sc\/\">fabricaci\u00f3n de metal<\/a> para empresas de Columbus SC. Conf\u00ede en los expertos en fabricaci\u00f3n de SMF Inc. para obtener piezas met\u00e1licas de alta calidad fabricadas de forma r\u00e1pida y asequible para su comodidad. Obtenga m\u00e1s informaci\u00f3n sobre nuestra empresa y nuestras capacidades llamando al <a href=\"tel:8642260470\">864-226-0470<\/a>. SMF tiene instalaciones en <a href=\"https:\/\/smf-inc.com\/metal-fabrication-south-carolina\/\">Carolina del Sur<\/a> e <a href=\"https:\/\/smf-inc.com\/metal-fabrication-illinois\/\">Illinois<\/a>, y atiende a clientes de todo Estados Unidos.<\/p>\n","protected":false},"excerpt":{"rendered":"<p>Fabricaci\u00f3n de metal de confianza para Columbia SC Tanto si fabrica un producto para uso interno como para venderlo a los clientes, quiere que la producci\u00f3n de dicho producto sea r\u00e1pida y de excelente calidad. Afortunadamente, con SMF Inc. obtendr\u00e1 rapidez y una producci\u00f3n experta. Hemos ayudado a crear y fabricar innumerables piezas y componentes &hellip; <a href=\"https:\/\/smf-inc.com\/es\/fabricacion-de-metal-columbia-sc\/\" class=\"more-link\">Continue reading <span class=\"screen-reader-text\">Fabricaci\u00f3n de metal Columbia SC<\/span><\/a><\/p>\n","protected":false},"author":1,"featured_media":1087,"parent":0,"menu_order":0,"comment_status":"closed","ping_status":"closed","template":"","meta":{"_acf_changed":false,"inline_featured_image":false,"footnotes":""},"class_list":["post-1089","page","type-page","status-publish","has-post-thumbnail","hentry"],"acf":[],"_links":{"self":[{"href":"https:\/\/smf-inc.com\/es\/wp-json\/wp\/v2\/pages\/1089","targetHints":{"allow":["GET"]}}],"collection":[{"href":"https:\/\/smf-inc.com\/es\/wp-json\/wp\/v2\/pages"}],"about":[{"href":"https:\/\/smf-inc.com\/es\/wp-json\/wp\/v2\/types\/page"}],"author":[{"embeddable":true,"href":"https:\/\/smf-inc.com\/es\/wp-json\/wp\/v2\/users\/1"}],"replies":[{"embeddable":true,"href":"https:\/\/smf-inc.com\/es\/wp-json\/wp\/v2\/comments?post=1089"}],"version-history":[{"count":5,"href":"https:\/\/smf-inc.com\/es\/wp-json\/wp\/v2\/pages\/1089\/revisions"}],"predecessor-version":[{"id":3054,"href":"https:\/\/smf-inc.com\/es\/wp-json\/wp\/v2\/pages\/1089\/revisions\/3054"}],"wp:featuredmedia":[{"embeddable":true,"href":"https:\/\/smf-inc.com\/es\/wp-json\/wp\/v2\/media\/1087"}],"wp:attachment":[{"href":"https:\/\/smf-inc.com\/es\/wp-json\/wp\/v2\/media?parent=1089"}],"curies":[{"name":"wp","href":"https:\/\/api.w.org\/{rel}","templated":true}]}}