{"id":1078,"date":"2025-11-04T04:57:44","date_gmt":"2025-11-04T04:57:44","guid":{"rendered":"https:\/\/smf-inc.com\/fabricacion-de-metal-charleston-sc\/"},"modified":"2025-11-04T04:57:44","modified_gmt":"2025-11-04T04:57:44","slug":"fabricacion-de-metal-charleston-sc","status":"publish","type":"page","link":"https:\/\/smf-inc.com\/es\/fabricacion-de-metal-charleston-sc\/","title":{"rendered":"Fabricaci\u00f3n de metal Charleston SC"},"content":{"rendered":"<h3>Aseg\u00farese de alta calidad de fabricaci\u00f3n de metal en Charleston SC con SMF<\/h3>\n<p>Cuando se trata de piezas y componentes met\u00e1licos de alta calidad a precios asequibles, pocas empresas de fabricaci\u00f3n pueden igualar lo que SMF Inc. puede ofrecer. Nuestra empresa de fabricaci\u00f3n trabaja con diligencia para proporcionar a nuestros clientes las piezas, productos y componentes que necesitan para triunfar. Si su empresa necesita ayuda para satisfacer las demandas de producci\u00f3n o requiere piezas para alcanzar un umbral de calidad m\u00e1s alto, SMF tiene cubierto con la <a href=\"https:\/\/smf-inc.com\/metal-fabrication-rock-hill-sc\/\">fabricaci\u00f3n de metal<\/a> para Charleston SC.<\/p>\n<h3>C\u00f3mo destacamos<\/h3>\n<p>Aunque las empresas de fabricaci\u00f3n pueden parecer una docena en todo Estados Unidos, no se puede ir a cada empresa esperando la misma calidad y servicio. Por esta raz\u00f3n, SMF busca diferenciarse de otros fabricantes de metal. Nos esforzamos por ofrecer a nuestros clientes una mejor comunicaci\u00f3n, plazos de entrega m\u00e1s r\u00e1pidos y productos personalizados que superan lo que pueden ofrecer nuestros competidores.<\/p>\n<ul>\n<li><strong>Comunicaci\u00f3n estrecha<\/strong>\n<ul>\n<li>Fabricar una pieza, un producto o un componente, sea cual sea su tama\u00f1o, requiere una gran coordinaci\u00f3n. Sin embargo, cuanto m\u00e1s lejos est\u00e9 la empresa que fabrica sus componentes, m\u00e1s dif\u00edcil ser\u00e1 la coordinaci\u00f3n. Si vive en Illinois, Carolina del Sur o cualquiera de los estados colindantes, facilitamos a los clientes la posibilidad de ver f\u00edsicamente muestras de sus productos y ponerse en contacto con la gente que fabrica sus piezas.<\/li>\n<\/ul>\n<\/li>\n<li><strong>Plazos de entrega r\u00e1pidos<\/strong>\n<ul>\n<li>Cuanto m\u00e1s cerca est\u00e9 de nuestras instalaciones, m\u00e1s r\u00e1pido podremos enviarle muestras o productos finales. Incluso con la distancia entre sus instalaciones y las nuestras, siempre proporcionamos actualizaciones constantes sobre su proyecto y trabajamos con diligencia para cumplir sus expectativas en plazos cortos. Y si su empresa se encuentra dentro de los estados en los que est\u00e1n ubicadas nuestras instalaciones, acortamos los plazos de entrega utilizando nuestros propios camiones de reparto.<\/li>\n<\/ul>\n<\/li>\n<li><strong>Productos de alta calidad<\/strong>\n<ul>\n<li>No hay l\u00edmite para las piezas met\u00e1licas que podemos dise\u00f1ar y crear para su empresa. SMF emplea a numerosos expertos de la industria metal\u00fargica para ofrecer la mayor capacidad de fabricaci\u00f3n disponible. Esto nos permite ofrecerle un producto que se ajusta exactamente a sus especificaciones. Adem\u00e1s, inspeccionamos minuciosamente todos los componentes producidos para detectar defectos y deformidades, asegur\u00e1ndonos de que s\u00f3lo reciba lo que es de la m\u00e1xima calidad.<\/li>\n<\/ul>\n<\/li>\n<\/ul>\n<div class=\"left-img\"><img loading=\"lazy\" decoding=\"async\" class=\"alignnone\" src=\"https:\/\/smf-inc.com\/wp-content\/uploads\/2022\/12\/Metal-Fabrication-Charleston-SC-seo.jpg\" alt=\"Mecanizado y fresado, parte de la fabricaci\u00f3n de metales para Charleston SC\" width=\"500\" height=\"350\" title=\"\"><\/div>\n<h3>Capacidades de SMF<\/h3>\n<p>Como ya se ha mencionado, SMF Inc. posee numerosas capacidades de <a href=\"https:\/\/smf-inc.com\/metal-fabrication-greenville-sc\/\">fabricaci\u00f3n de metal<\/a> que no todas las empresas de fabricaci\u00f3n pueden ofrecer. Nuestras amplias capacidades nos permiten ofrecer la fabricaci\u00f3n de metal en Charleston SC para cualquier tipo o tama\u00f1o de producto y ofrecer resultados que superen las expectativas de nuestros clientes. Estas capacidades de fabricaci\u00f3n incluyen:<\/p>\n<ul class=\"col-3\">\n<li style=\"list-style-type: none\">\n<ul class=\"col-3\">\n<li><a href=\"https:\/\/smf-inc.com\/capabilities\/powder-coating\/\">Recubrimiento en polvo<\/a><\/li>\n<li><a href=\"https:\/\/smf-inc.com\/capabilities\/assembly\/\">Montaje<\/a><\/li>\n<li><a href=\"https:\/\/smf-inc.com\/capabilities\/plasma-cutting\/\">Corte por plasma<\/a><\/li>\n<li><a href=\"https:\/\/smf-inc.com\/capabilities\/saw-cutting\/\">Corte de sierra<\/a><\/li>\n<li><a href=\"https:\/\/smf-inc.com\/capabilities\/blasting\/\">Voladura<\/a><\/li>\n<li><a href=\"https:\/\/smf-inc.com\/capabilities\/welding\/\">Soldadura<\/a><\/li>\n<li><a href=\"https:\/\/smf-inc.com\/capabilities\/machining\/\">Mecanizado<\/a><\/li>\n<li><a href=\"https:\/\/smf-inc.com\/capabilities\/laser-cutting\/\">Corte por l\u00e1ser<\/a><\/li>\n<li><a href=\"https:\/\/smf-inc.com\/capabilities\/forming\/\">Formando<\/a><\/li>\n<\/ul>\n<\/li>\n<\/ul>\n<p>&nbsp;<\/p>\n<h3>Hable con nuestro equipo<\/h3>\n<p>D\u00e9 vida a sus piezas y dise\u00f1os de productos con la ayuda de expertos en fabricaci\u00f3n de metal en Charleston SC. P\u00f3ngase en contacto hoy mismo con los profesionales de fabricaci\u00f3n de SMF Inc. P\u00f3ngase en contacto con nosotros en el <a href=\"tel:8642260470\">864-226-0470<\/a> para obtener m\u00e1s informaci\u00f3n sobre nuestras capacidades metal\u00fargicas. SMF tiene instalaciones en <a href=\"https:\/\/smf-inc.com\/metal-fabrication-south-carolina\/\">Carolina del Sur<\/a> e <a href=\"https:\/\/smf-inc.com\/metal-fabrication-illinois\/\">Illinois<\/a>, y atiende a clientes de todo Estados Unidos.<\/p>\n","protected":false},"excerpt":{"rendered":"<p>Aseg\u00farese de alta calidad de fabricaci\u00f3n de metal en Charleston SC con SMF Cuando se trata de piezas y componentes met\u00e1licos de alta calidad a precios asequibles, pocas empresas de fabricaci\u00f3n pueden igualar lo que SMF Inc. puede ofrecer. Nuestra empresa de fabricaci\u00f3n trabaja con diligencia para proporcionar a nuestros clientes las piezas, productos y &hellip; <a href=\"https:\/\/smf-inc.com\/es\/fabricacion-de-metal-charleston-sc\/\" class=\"more-link\">Continue reading <span class=\"screen-reader-text\">Fabricaci\u00f3n de metal Charleston SC<\/span><\/a><\/p>\n","protected":false},"author":1,"featured_media":1076,"parent":0,"menu_order":0,"comment_status":"closed","ping_status":"closed","template":"","meta":{"_acf_changed":false,"inline_featured_image":false,"footnotes":""},"class_list":["post-1078","page","type-page","status-publish","has-post-thumbnail","hentry"],"acf":[],"_links":{"self":[{"href":"https:\/\/smf-inc.com\/es\/wp-json\/wp\/v2\/pages\/1078","targetHints":{"allow":["GET"]}}],"collection":[{"href":"https:\/\/smf-inc.com\/es\/wp-json\/wp\/v2\/pages"}],"about":[{"href":"https:\/\/smf-inc.com\/es\/wp-json\/wp\/v2\/types\/page"}],"author":[{"embeddable":true,"href":"https:\/\/smf-inc.com\/es\/wp-json\/wp\/v2\/users\/1"}],"replies":[{"embeddable":true,"href":"https:\/\/smf-inc.com\/es\/wp-json\/wp\/v2\/comments?post=1078"}],"version-history":[{"count":3,"href":"https:\/\/smf-inc.com\/es\/wp-json\/wp\/v2\/pages\/1078\/revisions"}],"predecessor-version":[{"id":3055,"href":"https:\/\/smf-inc.com\/es\/wp-json\/wp\/v2\/pages\/1078\/revisions\/3055"}],"wp:featuredmedia":[{"embeddable":true,"href":"https:\/\/smf-inc.com\/es\/wp-json\/wp\/v2\/media\/1076"}],"wp:attachment":[{"href":"https:\/\/smf-inc.com\/es\/wp-json\/wp\/v2\/media?parent=1078"}],"curies":[{"name":"wp","href":"https:\/\/api.w.org\/{rel}","templated":true}]}}