{"id":1064,"date":"2025-11-04T04:57:44","date_gmt":"2025-11-04T04:57:44","guid":{"rendered":"https:\/\/smf-inc.com\/fabricacion-de-metal-carolina-del-sur\/"},"modified":"2025-11-04T04:57:44","modified_gmt":"2025-11-04T04:57:44","slug":"fabricacion-de-metal-carolina-del-sur","status":"publish","type":"page","link":"https:\/\/smf-inc.com\/es\/fabricacion-de-metal-carolina-del-sur\/","title":{"rendered":"Fabricaci\u00f3n de metal Carolina del Sur"},"content":{"rendered":"<h3>Fabricaci\u00f3n sencilla con la mejor fabricaci\u00f3n de metal de Carolina del Sur<\/h3>\n<p>Tanto si su planta industrial desea fabricar en serie un nuevo producto como si necesita ayuda para ensamblar nuevos componentes para su empresa<strong>, un <\/strong>fabricante de metal puede ayudarle. Con los expertos <a href=\"https:\/\/smf-inc.com\/metal-fabrication-charleston-sc\/\">en fabricaci\u00f3n de metal<\/a> adecuados, tu empresa puede gestionar m\u00e1s f\u00e1cilmente la producci\u00f3n, adelantarse a los plazos y fabricar un producto que supere las expectativas. Como tal, cuando en busca de fabricaci\u00f3n de metal en Carolina del Sur, las empresas conf\u00edan en SMF Inc.<\/p>\n<h3>\u00bfEs la fabricaci\u00f3n a medida adecuada para su empresa?<\/h3>\n<p>A diferencia de algunas empresas de fabricaci\u00f3n de metal, que conf\u00edan en conjuntos de habilidades m\u00e1s peque\u00f1os y en la fabricaci\u00f3n b\u00e1sica para maximizar la producci\u00f3n, SMF ofrece <a href=\"https:\/\/smf-inc.com\/custom-metal-fabrication\/\">fabricaci\u00f3n de metal a medida<\/a> a todos nuestros clientes. La fabricaci\u00f3n a medida es mejor para piezas complicadas o componentes precisos que deben cumplir un umbral de calidad m\u00e1s alto. Otras razones por las que la fabricaci\u00f3n a medida es la mejor opci\u00f3n para sus instalaciones son:<\/p>\n<ul>\n<li><strong>Excelente calidad<\/strong>\n<ul>\n<li>Ya hemos dicho que la fabricaci\u00f3n a medida da lugar a productos de mayor calidad. Esta alta calidad es posible gracias a los esfuerzos de SMF por no escatimar en gastos ni depender en exceso de la automatizaci\u00f3n en todos los aspectos de la fabricaci\u00f3n. Aunque puede ser necesaria la automatizaci\u00f3n en algunas partes del proceso de fabricaci\u00f3n, inspeccionamos cada pieza para detectar problemas como deformidades o defectos. Cuando estamos seguros de que las piezas cumplen las normas que nos hemos fijado, llegan a manos de nuestros clientes.<\/li>\n<\/ul>\n<\/li>\n<li><strong>Numerosas opciones de fabricaci\u00f3n<\/strong>\n<ul>\n<li>Las empresas de fabricaci\u00f3n que priorizan la cantidad sobre la calidad pueden recurrir a menos capacidades de fabricaci\u00f3n para agilizar los procesos. Sin embargo, tener menos capacidades de fabricaci\u00f3n puede restringir lo que una empresa puede y no puede producir. Por ello, SMF se esfuerza por ofrecer una fabricaci\u00f3n a medida utilizando tantos m\u00e9todos de fabricaci\u00f3n como sea posible. Hay pocos l\u00edmites a lo que podemos crear para sus instalaciones.<\/li>\n<\/ul>\n<\/li>\n<li><strong>Mejores precios<\/strong>\n<ul>\n<li>Aunque esto no es algo que todas las empresas de fabricaci\u00f3n puedan ofrecer, SMF se enorgullece de su capacidad para ofrecer numerosos productos met\u00e1licos a precios al por mayor. SMF vende acero, aluminio, cobre y otros materiales met\u00e1licos a precios m\u00e1s baratos que al por menor. Y si no compramos los materiales met\u00e1licos directamente a SMF, podemos producir piezas m\u00e1s asequibles gracias a que adquirimos los materiales a precio de mayorista.<\/li>\n<\/ul>\n<\/li>\n<\/ul>\n<div class=\"left-img\"><img loading=\"lazy\" decoding=\"async\" class=\"alignnone\" src=\"https:\/\/smf-inc.com\/wp-content\/uploads\/2022\/12\/Metal-Fabrication-South-Carolin-seo.jpg\" alt=\"Mujer realizando un mecanizado durante la fabricaci\u00f3n de metal en Carolina del Sur\" width=\"500\" height=\"350\" title=\"\"><\/div>\n<h3>C\u00f3mo puede ayudar SMF<\/h3>\n<p>SMF Inc. se esfuerza por ofrecer los servicios de fabricaci\u00f3n que necesita para crear su producto o componente ideal. Nuestro equipo est\u00e1 formado por expertos versados en soldadura, mecanizado, conformado y numerosas capacidades de fabricaci\u00f3n. Podemos prestar servicios como:<\/p>\n<ul class=\"col-3\">\n<li style=\"list-style-type: none\">\n<ul class=\"col-3\">\n<li><a href=\"https:\/\/smf-inc.com\/capabilities\/welding\/\">Soldadura<\/a><\/li>\n<li><a href=\"https:\/\/smf-inc.com\/capabilities\/machining\/\">Mecanizado<\/a><\/li>\n<li><a href=\"https:\/\/smf-inc.com\/capabilities\/laser-cutting\/\">Corte por l\u00e1ser<\/a><\/li>\n<li><a href=\"https:\/\/smf-inc.com\/capabilities\/forming\/\">Formando<\/a><\/li>\n<li><a href=\"https:\/\/smf-inc.com\/capabilities\/powder-coating\/\">Recubrimiento en polvo<\/a><\/li>\n<li><a href=\"https:\/\/smf-inc.com\/capabilities\/assembly\/\">Montaje<\/a><\/li>\n<li><a href=\"https:\/\/smf-inc.com\/capabilities\/plasma-cutting\/\">Corte por plasma<\/a><\/li>\n<li><a href=\"https:\/\/smf-inc.com\/capabilities\/saw-cutting\/\">Corte de sierra<\/a><\/li>\n<li><a href=\"https:\/\/smf-inc.com\/capabilities\/blasting\/\">Voladura<\/a><\/li>\n<\/ul>\n<\/li>\n<\/ul>\n<p>&nbsp;<\/p>\n<h3>Ll\u00e1menos<\/h3>\n<p>Para satisfacer las necesidades de producci\u00f3n de tu empresa, contrata a SMF Inc. para obtener la mejor <a href=\"https:\/\/smf-inc.com\/metal-fabrication-columbia-sc\/\">fabricaci\u00f3n de metal<\/a> de Carolina del Sur. Obtenga m\u00e1s informaci\u00f3n sobre nuestros servicios poni\u00e9ndose en contacto con SMF hoy mismo en el <a href=\"tel:8642260470\">864-226-0470<\/a>. SMF tiene instalaciones en Carolina del Sur e <a href=\"https:\/\/smf-inc.com\/metal-fabrication-illinois\/\">Illinois<\/a>, y atiende a clientes de todo Estados Unidos.<\/p>\n","protected":false},"excerpt":{"rendered":"<p>Fabricaci\u00f3n sencilla con la mejor fabricaci\u00f3n de metal de Carolina del Sur Tanto si su planta industrial desea fabricar en serie un nuevo producto como si necesita ayuda para ensamblar nuevos componentes para su empresa, un fabricante de metal puede ayudarle. Con los expertos en fabricaci\u00f3n de metal adecuados, tu empresa puede gestionar m\u00e1s f\u00e1cilmente &hellip; <a href=\"https:\/\/smf-inc.com\/es\/fabricacion-de-metal-carolina-del-sur\/\" class=\"more-link\">Continue reading <span class=\"screen-reader-text\">Fabricaci\u00f3n de metal Carolina del Sur<\/span><\/a><\/p>\n","protected":false},"author":1,"featured_media":1066,"parent":0,"menu_order":0,"comment_status":"closed","ping_status":"closed","template":"","meta":{"_acf_changed":false,"inline_featured_image":false,"footnotes":""},"class_list":["post-1064","page","type-page","status-publish","has-post-thumbnail","hentry"],"acf":[],"_links":{"self":[{"href":"https:\/\/smf-inc.com\/es\/wp-json\/wp\/v2\/pages\/1064","targetHints":{"allow":["GET"]}}],"collection":[{"href":"https:\/\/smf-inc.com\/es\/wp-json\/wp\/v2\/pages"}],"about":[{"href":"https:\/\/smf-inc.com\/es\/wp-json\/wp\/v2\/types\/page"}],"author":[{"embeddable":true,"href":"https:\/\/smf-inc.com\/es\/wp-json\/wp\/v2\/users\/1"}],"replies":[{"embeddable":true,"href":"https:\/\/smf-inc.com\/es\/wp-json\/wp\/v2\/comments?post=1064"}],"version-history":[{"count":4,"href":"https:\/\/smf-inc.com\/es\/wp-json\/wp\/v2\/pages\/1064\/revisions"}],"predecessor-version":[{"id":3051,"href":"https:\/\/smf-inc.com\/es\/wp-json\/wp\/v2\/pages\/1064\/revisions\/3051"}],"wp:featuredmedia":[{"embeddable":true,"href":"https:\/\/smf-inc.com\/es\/wp-json\/wp\/v2\/media\/1066"}],"wp:attachment":[{"href":"https:\/\/smf-inc.com\/es\/wp-json\/wp\/v2\/media?parent=1064"}],"curies":[{"name":"wp","href":"https:\/\/api.w.org\/{rel}","templated":true}]}}