{"id":1042,"date":"2025-11-04T04:57:45","date_gmt":"2025-11-04T04:57:45","guid":{"rendered":"https:\/\/smf-inc.com\/fabricacion-de-metales-chicago-il\/"},"modified":"2025-11-04T04:57:45","modified_gmt":"2025-11-04T04:57:45","slug":"fabricacion-de-metales-chicago-il","status":"publish","type":"page","link":"https:\/\/smf-inc.com\/es\/fabricacion-de-metales-chicago-il\/","title":{"rendered":"Fabricaci\u00f3n de metales Chicago IL"},"content":{"rendered":"<h3>Cumpla con las demandas de producci\u00f3n con la fabricaci\u00f3n de metales de expertos para Chicago IL<\/h3>\n<p>Las instalaciones industriales y comerciales de todo el Medio Oeste conf\u00edan continuamente en los servicios de los fabricantes de metal. Gracias a la fabricaci\u00f3n de metales, las empresas pueden desarrollar las piezas y los equipos necesarios para ofrecer servicios excelentes y productos de calidad. Y cuando se trata de suministrar <a href=\"https:\/\/smf-inc.com\/metal-fabrication\/\">fabricaci\u00f3n de metal<\/a> a las industrias de Chicago IL, las empresas conf\u00edan en la profesionalidad y la experiencia de SMF Inc. Ponga en marcha su pr\u00f3ximo proyecto de fabricaci\u00f3n de metal poni\u00e9ndose en contacto con SMF.<\/p>\n<h3>Fabricaci\u00f3n a medida a trav\u00e9s de SMF<\/h3>\n<p>Encontrar una empresa de fabricaci\u00f3n de metales dispuesta a ofrecer sus servicios no es dif\u00edcil. Sin embargo, lo dif\u00edcil es seleccionar una empresa que pueda cumplir con los est\u00e1ndares de calidad y los plazos establecidos por su empresa. Por ello, SMF se esfuerza por ofrecer un servicio superior al de otros <a href=\"https:\/\/smf-inc.com\/our_careers\/metal-fabricator\/\">fabricantes de<\/a> Estados Unidos.<\/p>\n<ul>\n<li><strong>Productos de alta calidad<\/strong>\n<ul>\n<li>Cuando se trata de calidad frente a cantidad, SMF siempre elige la calidad. Sin embargo, eso no quiere decir que no tengamos un alto \u00edndice de producci\u00f3n para nuestros proyectos de fabricaci\u00f3n de metales. Nuestro enfoque basado en datos para el control de calidad y la revisi\u00f3n de productos nos permite detectar los problemas y defectos de las piezas mucho antes de la entrega. Adem\u00e1s, utilizamos metales y materiales de alta calidad para garantizar la durabilidad y longevidad de sus piezas y productos.<\/li>\n<\/ul>\n<\/li>\n<li><strong>Precios asequibles<\/strong>\n<ul>\n<li>Hablando de metales de alta calidad, nuestras instalaciones de fabricaci\u00f3n de Carolina del Sur ofrecen materiales de carbono, <a href=\"https:\/\/smf-inc.com\/steel-fabrication\/\">acero inoxidable<\/a> y aluminio a todos nuestros clientes. Aprovechamos nuestro poder de compra para almacenar y vender metal a precios que no puede conseguir en ning\u00fan otro sitio. No s\u00f3lo puede comprar metal al por mayor de SMF, sino que nuestra capacidad para adquirir materiales a precios m\u00e1s bajos ahorra a nuestros clientes los costes totales de fabricaci\u00f3n.<\/li>\n<\/ul>\n<\/li>\n<li><strong>Amplias capacidades<\/strong>\n<ul>\n<li>Muchas <a href=\"https:\/\/smf-inc.com\/metal-fabrication-peoria-il\/\">empresas de fabricaci\u00f3n de<\/a> metales se centran en un n\u00famero menor de capacidades para gestionar tama\u00f1os de producci\u00f3n m\u00e1s elevados y plazos de entrega m\u00e1s r\u00e1pidos. Por el contrario, SMF ampl\u00eda nuestras capacidades para llegar a todos los rincones del trabajo del metal sin sacrificar nuestra velocidad y capacidad de producci\u00f3n. Una amplia gama de capacidades permite a SMF elaborar perfectamente productos industriales, comerciales o estructurales seg\u00fan las especificaciones de nuestros clientes.<\/li>\n<\/ul>\n<\/li>\n<\/ul>\n<h3>Qu\u00e9 ofrecemos<\/h3>\n<p>Como se mencion\u00f3, SMF Inc. suministra a nuestros clientes con numerosas opciones de trabajo de metal para la fabricaci\u00f3n de metal tan r\u00e1pido y preciso en Chicago IL como sea posible. Empleamos a expertos de todas las especialidades metal\u00fargicas y utilizamos las \u00faltimas herramientas y tecnolog\u00edas para ofrecer el mejor producto. Nuestras capacidades incluyen:<\/p>\n<ul class=\"col-3\">\n<li><a href=\"https:\/\/smf-inc.com\/capabilities\/powder-coating\/\">Recubrimiento en polvo<\/a><\/li>\n<li><a href=\"https:\/\/smf-inc.com\/capabilities\/assembly\/\">Montaje<\/a><\/li>\n<li><a href=\"https:\/\/smf-inc.com\/capabilities\/plasma-cutting\/\">Corte por plasma<\/a><\/li>\n<li><a href=\"https:\/\/smf-inc.com\/capabilities\/saw-cutting\/\">Corte de sierra<\/a><\/li>\n<li><a href=\"https:\/\/smf-inc.com\/capabilities\/blasting\/\">Voladura<\/a><\/li>\n<li><a href=\"https:\/\/smf-inc.com\/capabilities\/welding\/\">Soldadura<\/a><\/li>\n<li><a href=\"https:\/\/smf-inc.com\/capabilities\/machining\/\">Mecanizado<\/a><\/li>\n<li><a href=\"https:\/\/smf-inc.com\/capabilities\/laser-cutting\/\">Corte por l\u00e1ser<\/a><\/li>\n<li><a href=\"https:\/\/smf-inc.com\/capabilities\/forming\/\">Formando<\/a><\/li>\n<\/ul>\n<div class=\"left-img\"><img loading=\"lazy\" decoding=\"async\" class=\"alignnone\" src=\"https:\/\/smf-inc.com\/wp-content\/uploads\/2022\/10\/welder-welding-metal-in-workshop-with-sparks-picture-id467855179.jpg\" alt=\"Un hombre soldando metal durante la fabricaci\u00f3n de metal para Chicago IL\" width=\"500\" height=\"350\" title=\"\"><\/div>\n<h3>Hable con nuestro equipo<\/h3>\n<p>Confiar su fabricaci\u00f3n de metal en Chicago IL a los profesionales de SMF Inc. garantiza un producto de alta calidad entregado a tiempo y que cumple con sus altos est\u00e1ndares. Si desea saber m\u00e1s sobre SMF y nuestros servicios, p\u00f3ngase en contacto con nosotros hoy mismo en el <a href=\"tel:3094322586\">309-432-2586<\/a>. SMF tiene su sede en <a href=\"https:\/\/smf-inc.com\/metal-fabrication-illinois\/\">Illinois<\/a> y atiende a clientes de todo Estados Unidos.<\/p>\n","protected":false},"excerpt":{"rendered":"<p>Cumpla con las demandas de producci\u00f3n con la fabricaci\u00f3n de metales de expertos para Chicago IL Las instalaciones industriales y comerciales de todo el Medio Oeste conf\u00edan continuamente en los servicios de los fabricantes de metal. Gracias a la fabricaci\u00f3n de metales, las empresas pueden desarrollar las piezas y los equipos necesarios para ofrecer servicios &hellip; <a href=\"https:\/\/smf-inc.com\/es\/fabricacion-de-metales-chicago-il\/\" class=\"more-link\">Continue reading <span class=\"screen-reader-text\">Fabricaci\u00f3n de metales Chicago IL<\/span><\/a><\/p>\n","protected":false},"author":1,"featured_media":1040,"parent":0,"menu_order":0,"comment_status":"closed","ping_status":"closed","template":"","meta":{"_acf_changed":false,"inline_featured_image":false,"footnotes":""},"class_list":["post-1042","page","type-page","status-publish","has-post-thumbnail","hentry"],"acf":[],"_links":{"self":[{"href":"https:\/\/smf-inc.com\/es\/wp-json\/wp\/v2\/pages\/1042","targetHints":{"allow":["GET"]}}],"collection":[{"href":"https:\/\/smf-inc.com\/es\/wp-json\/wp\/v2\/pages"}],"about":[{"href":"https:\/\/smf-inc.com\/es\/wp-json\/wp\/v2\/types\/page"}],"author":[{"embeddable":true,"href":"https:\/\/smf-inc.com\/es\/wp-json\/wp\/v2\/users\/1"}],"replies":[{"embeddable":true,"href":"https:\/\/smf-inc.com\/es\/wp-json\/wp\/v2\/comments?post=1042"}],"version-history":[{"count":2,"href":"https:\/\/smf-inc.com\/es\/wp-json\/wp\/v2\/pages\/1042\/revisions"}],"predecessor-version":[{"id":3049,"href":"https:\/\/smf-inc.com\/es\/wp-json\/wp\/v2\/pages\/1042\/revisions\/3049"}],"wp:featuredmedia":[{"embeddable":true,"href":"https:\/\/smf-inc.com\/es\/wp-json\/wp\/v2\/media\/1040"}],"wp:attachment":[{"href":"https:\/\/smf-inc.com\/es\/wp-json\/wp\/v2\/media?parent=1042"}],"curies":[{"name":"wp","href":"https:\/\/api.w.org\/{rel}","templated":true}]}}