{"id":1034,"date":"2025-11-04T04:57:49","date_gmt":"2025-11-04T04:57:49","guid":{"rendered":"https:\/\/smf-inc.com\/fabricacion-de-metales-peoria-il\/"},"modified":"2025-11-04T04:57:49","modified_gmt":"2025-11-04T04:57:49","slug":"fabricacion-de-metales-peoria-il","status":"publish","type":"page","link":"https:\/\/smf-inc.com\/es\/fabricacion-de-metales-peoria-il\/","title":{"rendered":"Fabricaci\u00f3n de metales Peoria IL"},"content":{"rendered":"<h3>\u00bfNecesita fabricaci\u00f3n de metal para Peoria IL? \u00a1Conf\u00eda en SMF!<\/h3>\n<p>SMF Inc. se dedica a la fabricaci\u00f3n de metales para productos comerciales, industriales y estructurales en todos los sectores. Como empresa de fabricaci\u00f3n y mecanizado de servicio completo, nos esforzamos por cumplir los est\u00e1ndares de alta calidad establecidos por nuestros clientes. Por lo tanto, muchas empresas conf\u00edan en los<a href=\"https:\/\/smf-inc.com\/our_careers\/metal-fabricator\/\"> h\u00e1biles fabricantes<\/a> de SMF y en sus amplias capacidades cuando necesitan <a href=\"https:\/\/smf-inc.com\/metal-fabrication\/\">la fabricaci\u00f3n de metal<\/a> para Peoria IL. Casi cuatro d\u00e9cadas de servicio nos han llevado a ser expertos en fabricaci\u00f3n de confianza en todo Illinois.<\/p>\n<h3>C\u00f3mo nos diferenciamos<\/h3>\n<p>Aunque puede elegir entre cientos de empresas de fabricaci\u00f3n de metal en los Estados Unidos, pocas ofrecen la misma calidad y servicio que SMF Inc. Nos esforzamos por diferenciarnos suministrando a nuestros clientes productos de alta calidad, entregas r\u00e1pidas, un excelente servicio de atenci\u00f3n al cliente y una amplia gama de capacidades.<\/p>\n<ul>\n<li><strong>Alta calidad<\/strong>\n<ul>\n<li>A diferencia de otros fabricantes de metal que prefieren altas tasas de producci\u00f3n en lugar de productos de calidad, SMF se esfuerza por ofrecer ambas cosas. En cuanto a la calidad, empleamos metodolog\u00edas Six Sigma para mantener y mejorar nuestras capacidades. Adem\u00e1s, revisamos constantemente nuestros procesos para mejorarlos continuamente. Nuestro equipo inspecciona cada producto antes de la entrega, asegur\u00e1ndose de que no haya errores o defectos en la producci\u00f3n final.<\/li>\n<\/ul>\n<\/li>\n<li><strong>Entregas r\u00e1pidas<\/strong>\n<ul>\n<li>Cuando se tienen plazos para completar un proyecto, se espera que esos plazos se cumplan. Por suerte, SMF lo entiende mejor que nadie. Contamos con camiones propios para las entregas locales en todo Illinois o Carolina del Sur para que sus productos lleguen a tiempo. Trabajamos con empresas de transporte locales en todo Estados Unidos para asegurar la entrega de carga m\u00e1s r\u00e1pida y asequible posible.<\/li>\n<\/ul>\n<\/li>\n<li><strong>Excelente servicio de atenci\u00f3n al cliente<\/strong>\n<ul>\n<li>Puede ser frustrante cuando la comunicaci\u00f3n entre usted y su empresa de fabricaci\u00f3n de metales se rompe. Las lagunas en la comunicaci\u00f3n pueden dar lugar a un producto final que no cumpla sus especificaciones. Por ello, SMF se centra en una comunicaci\u00f3n r\u00e1pida, clara y honesta con todos nuestros clientes. Como empresa con m\u00faltiples sedes y un equipo de apoyo de servicio completo, estamos orgullosos de tener una estrategia corporativa orientada al cliente.<\/li>\n<\/ul>\n<\/li>\n<\/ul>\n<h3>Nuestras amplias capacidades<\/h3>\n<p>Por \u00faltimo, SMF Inc. se esfuerza por diferenciarse ofreciendo las capacidades m\u00e1s cruciales de la metalurgia. Tanto si necesita cortes precisos, <a href=\"https:\/\/smf-inc.com\/part-assembly\/\">ensamblaje de piezas<\/a> o producci\u00f3n a gran escala, podemos satisfacer las necesidades de su industria. Para la fabricaci\u00f3n de metal para Peoria IL, nuestras capacidades incluyen:<\/p>\n<ul class=\"col-3\">\n<li style=\"list-style-type: none\">\n<ul class=\"col-3\">\n<li><a href=\"https:\/\/smf-inc.com\/capabilities\/welding\/\">Soldadura<\/a><\/li>\n<li><a href=\"https:\/\/smf-inc.com\/capabilities\/machining\/\">Mecanizado<\/a><\/li>\n<li><a href=\"https:\/\/smf-inc.com\/capabilities\/laser-cutting\/\">Corte por l\u00e1ser<\/a><\/li>\n<li><a href=\"https:\/\/smf-inc.com\/capabilities\/forming\/\">Formando<\/a><\/li>\n<li><a href=\"https:\/\/smf-inc.com\/capabilities\/powder-coating\/\">Recubrimiento en polvo<\/a><\/li>\n<li><a href=\"https:\/\/smf-inc.com\/capabilities\/assembly\/\">Montaje<\/a><\/li>\n<li><a href=\"https:\/\/smf-inc.com\/capabilities\/plasma-cutting\/\">Corte por plasma<\/a><\/li>\n<li><a href=\"https:\/\/smf-inc.com\/capabilities\/saw-cutting\/\">Corte de sierra<\/a><\/li>\n<li><a href=\"https:\/\/smf-inc.com\/capabilities\/blasting\/\">Voladura<\/a><\/li>\n<\/ul>\n<\/li>\n<\/ul>\n<p>&nbsp;<\/p>\n<div class=\"left-img\"><img loading=\"lazy\" decoding=\"async\" class=\"alignnone\" src=\"https:\/\/smf-inc.com\/wp-content\/uploads\/2022\/10\/electric-grinder-picture-id510153022.jpg\" alt=\"Trabajador de metal cortando metal durante la fabricaci\u00f3n de metal para Peoria IL\" width=\"500\" height=\"350\" title=\"\"><\/div>\n<h3>Ll\u00e1menos<\/h3>\n<p>SMF Inc. trabajar\u00e1 con diligencia para suministrarle las piezas y productos personalizados de alta calidad que necesite, sin importar el tama\u00f1o de su proyecto, la complejidad de los componentes o el plazo deseado. \u00a1Si usted necesita la <a href=\"https:\/\/smf-inc.com\/metal-fabrication-springfield-il\/\">mejor fabricaci\u00f3n de metal<\/a> para Peoria IL, y en todo el estado, dar SMF Inc. una llamada hoy! Puede contactar con nosotros en <a href=\"tel:3094322586\">el 309-432-2586<\/a>. SMF tiene su sede en <a href=\"https:\/\/smf-inc.com\/metal-fabrication-illinois\/\">Illinois<\/a> y atiende a clientes de todo Estados Unidos.<\/p>\n","protected":false},"excerpt":{"rendered":"<p>\u00bfNecesita fabricaci\u00f3n de metal para Peoria IL? \u00a1Conf\u00eda en SMF! SMF Inc. se dedica a la fabricaci\u00f3n de metales para productos comerciales, industriales y estructurales en todos los sectores. Como empresa de fabricaci\u00f3n y mecanizado de servicio completo, nos esforzamos por cumplir los est\u00e1ndares de alta calidad establecidos por nuestros clientes. Por lo tanto, muchas &hellip; <a href=\"https:\/\/smf-inc.com\/es\/fabricacion-de-metales-peoria-il\/\" class=\"more-link\">Continue reading <span class=\"screen-reader-text\">Fabricaci\u00f3n de metales Peoria IL<\/span><\/a><\/p>\n","protected":false},"author":1,"featured_media":1032,"parent":0,"menu_order":0,"comment_status":"closed","ping_status":"closed","template":"","meta":{"_acf_changed":false,"inline_featured_image":false,"footnotes":""},"class_list":["post-1034","page","type-page","status-publish","has-post-thumbnail","hentry"],"acf":[],"_links":{"self":[{"href":"https:\/\/smf-inc.com\/es\/wp-json\/wp\/v2\/pages\/1034","targetHints":{"allow":["GET"]}}],"collection":[{"href":"https:\/\/smf-inc.com\/es\/wp-json\/wp\/v2\/pages"}],"about":[{"href":"https:\/\/smf-inc.com\/es\/wp-json\/wp\/v2\/types\/page"}],"author":[{"embeddable":true,"href":"https:\/\/smf-inc.com\/es\/wp-json\/wp\/v2\/users\/1"}],"replies":[{"embeddable":true,"href":"https:\/\/smf-inc.com\/es\/wp-json\/wp\/v2\/comments?post=1034"}],"version-history":[{"count":3,"href":"https:\/\/smf-inc.com\/es\/wp-json\/wp\/v2\/pages\/1034\/revisions"}],"predecessor-version":[{"id":3045,"href":"https:\/\/smf-inc.com\/es\/wp-json\/wp\/v2\/pages\/1034\/revisions\/3045"}],"wp:featuredmedia":[{"embeddable":true,"href":"https:\/\/smf-inc.com\/es\/wp-json\/wp\/v2\/media\/1032"}],"wp:attachment":[{"href":"https:\/\/smf-inc.com\/es\/wp-json\/wp\/v2\/media?parent=1034"}],"curies":[{"name":"wp","href":"https:\/\/api.w.org\/{rel}","templated":true}]}}