{"id":1026,"date":"2025-11-04T04:57:48","date_gmt":"2025-11-04T04:57:48","guid":{"rendered":"https:\/\/smf-inc.com\/fabricacion-de-metales-springfield-il\/"},"modified":"2025-11-04T04:57:48","modified_gmt":"2025-11-04T04:57:48","slug":"fabricacion-de-metales-springfield-il","status":"publish","type":"page","link":"https:\/\/smf-inc.com\/es\/fabricacion-de-metales-springfield-il\/","title":{"rendered":"Fabricaci\u00f3n de metales Springfield IL"},"content":{"rendered":"<h3>Conf\u00ede en la mejor fabricaci\u00f3n de metales para Springfield IL<\/h3>\n<p>Encontrar a los fabricantes de metal adecuados para su negocio es una necesidad, especialmente para las industrias especializadas en equipos industriales o maquinaria de gran tama\u00f1o (<a href=\"https:\/\/smf-inc.com\/industry\/mining\/\">miner\u00eda<\/a>, <a href=\"https:\/\/smf-inc.com\/industry\/agriculture\/\">agricultura<\/a>, <a href=\"https:\/\/smf-inc.com\/industry\/renewable-energy\/\">energ\u00eda<\/a>, <a href=\"https:\/\/smf-inc.com\/industry\/construction\/\">construcci\u00f3n<\/a>, etc.). Sin embargo, si la calidad es una preocupaci\u00f3n principal para las piezas que desea producir, s\u00f3lo hay unas pocas empresas que pueden satisfacer sus necesidades exactas de fabricaci\u00f3n de metal en Springfield IL. Hable con los expertos en fabricaci\u00f3n de <a href=\"https:\/\/smf-inc.com\/our_careers\/metal-fabricator\/\">metal<\/a> de SMF Inc. hoy mismo.<\/p>\n<h3>\u00bfQu\u00e9 se puede hacer con la fabricaci\u00f3n de metales?<\/h3>\n<p>SMF ha desarrollado miles de piezas y productos \u00fanicos para clientes de todo Illinois y Estados Unidos. Tanto si necesita una peque\u00f1a pieza met\u00e1lica para una intrincada pieza de maquinaria como si requiere grandes componentes met\u00e1licos para grandes plataformas o equipos, nuestro equipo puede suministrarle piezas seg\u00fan sus especificaciones exactas.<\/p>\n<ul>\n<li><strong>Productos comerciales<\/strong>\n<ul>\n<li>Para los productos que benefician directamente a los consumidores, SMF tiene mucha experiencia. Sin embargo, la producci\u00f3n de productos comerciales no siempre significa que ayudemos a fabricar todo el producto. A menudo, creamos componentes \u00fanicos que ayudan al funcionamiento de los productos comerciales. Por ejemplo, hemos fabricado partes y piezas para electrodom\u00e9sticos, piezas decorativas, luminarias, etc.<\/li>\n<\/ul>\n<\/li>\n<li><strong>Productos industriales<\/strong>\n<ul>\n<li>Para los componentes utilizados en entornos industriales, como plantas de fabricaci\u00f3n, f\u00e1bricas, almacenes, etc., SMF puede ofrecer nuestros servicios. A veces, las instalaciones industriales no tienen los medios para <a href=\"https:\/\/smf-inc.com\/sheet-metal-fabrication\/\">fabricar chapas<\/a>, placas y materiales met\u00e1licos en sus productos o piezas preferidas. En estos casos, SMF puede recurrir a nuestras <a href=\"https:\/\/smf-inc.com\/metal-fabrication-chicago-il\/\">capacidades de fabricaci\u00f3n de metales<\/a>. Nuestros servicios se han utilizado para plataformas met\u00e1licas, equipos pesados, producci\u00f3n de veh\u00edculos, etc.<\/li>\n<\/ul>\n<\/li>\n<li><strong>Productos estructurales<\/strong>\n<ul>\n<li>Algunos de los trabajos de fabricaci\u00f3n de metales m\u00e1s importantes de SMF implican la creaci\u00f3n de productos estructurales. Los productos estructurales met\u00e1licos se reservan para su uso en proyectos de construcci\u00f3n a gran escala. Por ejemplo, la construcci\u00f3n de una estructura postestable o de una gran instalaci\u00f3n comercial puede depender de vigas y soportes de acero fabricados con la ayuda de SMF.<\/li>\n<\/ul>\n<\/li>\n<\/ul>\n<h3>Las capacidades de nuestra empresa<\/h3>\n<p>Para satisfacer las necesidades de nuestros clientes, SMF incorpora las capacidades m\u00e1s cruciales de la metalurgia al ofrecer la <a href=\"https:\/\/smf-inc.com\/metal-fabrication-peoria-il\/\">fabricaci\u00f3n de metal<\/a> a Springfield IL y en todo el estado. Tanto si se trata de cortar grandes l\u00e1minas de metal como de formar componentes precisos para una pieza de maquinaria m\u00e1s grande, nuestro equipo posee las habilidades y las herramientas necesarias para ofrecer <a href=\"https:\/\/smf-inc.com\/custom-metal-fabrication\/\">productos met\u00e1licos personalizados<\/a> de calidad superior. Algunos ejemplos de nuestras capacidades son:<\/p>\n<ul class=\"col-3\">\n<li><a href=\"https:\/\/smf-inc.com\/capabilities\/plasma-cutting\/\">Corte por plasma<\/a><\/li>\n<li><a href=\"https:\/\/smf-inc.com\/capabilities\/saw-cutting\/\">Corte de sierra<\/a><\/li>\n<li><a href=\"https:\/\/smf-inc.com\/capabilities\/blasting\/\">Voladura<\/a><\/li>\n<li><a href=\"https:\/\/smf-inc.com\/capabilities\/welding\/\">Soldadura<\/a><\/li>\n<li><a href=\"https:\/\/smf-inc.com\/capabilities\/machining\/\">Mecanizado<\/a><\/li>\n<li><a href=\"https:\/\/smf-inc.com\/capabilities\/powder-coating\/\">Recubrimiento en polvo<\/a><\/li>\n<li><a href=\"https:\/\/smf-inc.com\/capabilities\/assembly\/\">Montaje<\/a><\/li>\n<li><a href=\"https:\/\/smf-inc.com\/capabilities\/laser-cutting\/\">Corte por l\u00e1ser<\/a><\/li>\n<li><a href=\"https:\/\/smf-inc.com\/capabilities\/forming\/\">Formando<\/a><\/li>\n<\/ul>\n<div class=\"left-img\"><img loading=\"lazy\" decoding=\"async\" class=\"alignnone\" src=\"https:\/\/smf-inc.com\/wp-content\/uploads\/2022\/10\/two-handymen-welding-and-grinding-metal-at-workshop-picture-id1322822546.jpg\" alt=\"Un hombre realizando la soldadura, parte del proceso para la fabricaci\u00f3n de metales para Springfield IL\" width=\"500\" height=\"350\" title=\"\"><\/div>\n<h3>Contacte con nuestra oficina<\/h3>\n<p>Al seleccionar entre las empresas que ofrecen la fabricaci\u00f3n de metal para Springfield IL, aseg\u00farese de elegir los fabricantes con la m\u00e1s alta calidad y los productos m\u00e1s precisos, utilizando los mejores materiales met\u00e1licos. Llame hoy mismo a los expertos en metal de SMF Inc. Puede contactar con nosotros en <a href=\"tel:3094322586\">el 309-432-2586<\/a>. SMF tiene su sede en <a href=\"https:\/\/smf-inc.com\/metal-fabrication-illinois\/\">Illinois<\/a> y atiende a clientes de todo Estados Unidos.<\/p>\n","protected":false},"excerpt":{"rendered":"<p>Conf\u00ede en la mejor fabricaci\u00f3n de metales para Springfield IL Encontrar a los fabricantes de metal adecuados para su negocio es una necesidad, especialmente para las industrias especializadas en equipos industriales o maquinaria de gran tama\u00f1o (miner\u00eda, agricultura, energ\u00eda, construcci\u00f3n, etc.). Sin embargo, si la calidad es una preocupaci\u00f3n principal para las piezas que desea &hellip; <a href=\"https:\/\/smf-inc.com\/es\/fabricacion-de-metales-springfield-il\/\" class=\"more-link\">Continue reading <span class=\"screen-reader-text\">Fabricaci\u00f3n de metales Springfield IL<\/span><\/a><\/p>\n","protected":false},"author":1,"featured_media":1024,"parent":0,"menu_order":0,"comment_status":"closed","ping_status":"closed","template":"","meta":{"_acf_changed":false,"inline_featured_image":false,"footnotes":""},"class_list":["post-1026","page","type-page","status-publish","has-post-thumbnail","hentry"],"acf":[],"_links":{"self":[{"href":"https:\/\/smf-inc.com\/es\/wp-json\/wp\/v2\/pages\/1026","targetHints":{"allow":["GET"]}}],"collection":[{"href":"https:\/\/smf-inc.com\/es\/wp-json\/wp\/v2\/pages"}],"about":[{"href":"https:\/\/smf-inc.com\/es\/wp-json\/wp\/v2\/types\/page"}],"author":[{"embeddable":true,"href":"https:\/\/smf-inc.com\/es\/wp-json\/wp\/v2\/users\/1"}],"replies":[{"embeddable":true,"href":"https:\/\/smf-inc.com\/es\/wp-json\/wp\/v2\/comments?post=1026"}],"version-history":[{"count":3,"href":"https:\/\/smf-inc.com\/es\/wp-json\/wp\/v2\/pages\/1026\/revisions"}],"predecessor-version":[{"id":3046,"href":"https:\/\/smf-inc.com\/es\/wp-json\/wp\/v2\/pages\/1026\/revisions\/3046"}],"wp:featuredmedia":[{"embeddable":true,"href":"https:\/\/smf-inc.com\/es\/wp-json\/wp\/v2\/media\/1024"}],"wp:attachment":[{"href":"https:\/\/smf-inc.com\/es\/wp-json\/wp\/v2\/media?parent=1026"}],"curies":[{"name":"wp","href":"https:\/\/api.w.org\/{rel}","templated":true}]}}