{"id":1018,"date":"2025-11-04T04:57:48","date_gmt":"2025-11-04T04:57:48","guid":{"rendered":"https:\/\/smf-inc.com\/fabricacion-de-metales-rockford-il\/"},"modified":"2025-11-04T04:57:48","modified_gmt":"2025-11-04T04:57:48","slug":"fabricacion-de-metales-rockford-il","status":"publish","type":"page","link":"https:\/\/smf-inc.com\/es\/fabricacion-de-metales-rockford-il\/","title":{"rendered":"Fabricaci\u00f3n de metales Rockford IL"},"content":{"rendered":"<h3>Apoye su negocio con la fabricaci\u00f3n de metal a medida para Rockford IL<\/h3>\n<p>Tanto si se trata de un gran fabricante de autom\u00f3viles como de una empresa emergente con una nueva idea de producto, necesita el apoyo de expertos en fabricaci\u00f3n para producir las piezas, los componentes y la maquinaria que necesita su negocio. Afortunadamente, cuando se busca la <a href=\"https:\/\/smf-inc.com\/metal-fabrication\/\">fabricaci\u00f3n de metal<\/a> en Rockford IL o en cualquier parte del estado, hay expertos que priorizan la calidad y la precisi\u00f3n. Cuente con SMF Inc. para todas sus necesidades de <a href=\"https:\/\/smf-inc.com\/custom-metal-fabrication\/\">fabricaci\u00f3n de metal a medida<\/a>.<\/p>\n<h3>Fabricantes de metal en su zona<\/h3>\n<p>Aunque hay cientos de empresas de fabricaci\u00f3n de metal en todo el pa\u00eds, encontrar las empresas m\u00e1s cercanas a usted puede ser m\u00e1s beneficioso. En el caso de la fabricaci\u00f3n de metales a medida, las empresas locales ofrecen una mejor comunicaci\u00f3n, plazos de entrega m\u00e1s r\u00e1pidos y una calidad que puede satisfacer los altos est\u00e1ndares de los clientes.<\/p>\n<ul>\n<li><strong>Comunicaci\u00f3n<\/strong>\n<ul>\n<li>Aunque en la era de Internet cualquiera puede ponerse en contacto con cualquier persona de forma instant\u00e1nea, sigue siendo beneficioso estar m\u00e1s cerca de las empresas a las que se contrata para trabajar. En el caso de la <a href=\"https:\/\/smf-inc.com\/metal-fabrication-chicago-il\/\">fabricaci\u00f3n de metales<\/a>, esto es especialmente cierto. SMF atiende a clientes de todo Estados Unidos. Sin embargo, para nuestros clientes dentro de Illinois, Carolina del Sur o estados lim\u00edtrofes, usted tiene un acceso m\u00e1s directo a las piezas y productos que pide. Si est\u00e1 interesado en el estado de su proyecto, \u00a1puede verlo usted mismo en nuestras instalaciones!<\/li>\n<\/ul>\n<\/li>\n<li><strong>Proceso m\u00e1s r\u00e1pido<\/strong>\n<ul>\n<li>Estar m\u00e1s cerca de su empresa de fabricaci\u00f3n de metales tambi\u00e9n puede significar un plazo de entrega m\u00e1s r\u00e1pido para su proyecto. Las muestras de productos y los proyectos terminados pueden enviarse m\u00e1s r\u00e1pidamente, dependiendo de la ubicaci\u00f3n. Adem\u00e1s, si hay que hacer algunos ajustes o cambios para continuar con la producci\u00f3n de productos met\u00e1licos, hay poco retraso entre su solicitud y nuestra capacidad para cumplirla.<\/li>\n<\/ul>\n<\/li>\n<li><strong>Mayor calidad<\/strong>\n<ul>\n<li>Aunque no est\u00e9 directamente asociada a la localidad de su empresa de <a href=\"https:\/\/smf-inc.com\/metal-fabrication-peoria-il\/\">fabricaci\u00f3n<\/a>, SMF se esfuerza por ofrecer productos finales de mayor calidad en comparaci\u00f3n con nuestros competidores de todo el pa\u00eds. Contamos con expertos en todas las \u00e1reas de la metalurgia, lo que nos permite crear productos a medida que se ajustan a las especificaciones exactas de nuestros clientes. Mientras que otras empresas pueden prometer grandes cantidades en plazos cortos, nosotros garantizamos la calidad y la asequibilidad de sus piezas personalizadas.<\/li>\n<\/ul>\n<\/li>\n<\/ul>\n<h3>\u00bfC\u00f3mo podemos ayudar?<\/h3>\n<p>SMF utiliza m\u00faltiples capacidades de trabajo de metal para ofrecer a nuestros clientes la m\u00e1s alta calidad y la fabricaci\u00f3n de metal m\u00e1s precisa para Rockford IL. Tanto si necesita una gran cantidad de una pieza met\u00e1lica a medida como varios componentes totalmente ensamblados, nuestro equipo de expertos fabricantes estar\u00e1 encantado de atenderle. Nuestras capacidades incluyen:<\/p>\n<ul class=\"col-3\">\n<li style=\"list-style-type: none\">\n<ul class=\"col-3\">\n<li><a href=\"https:\/\/smf-inc.com\/capabilities\/powder-coating\/\">Recubrimiento en polvo<\/a><\/li>\n<li><a href=\"https:\/\/smf-inc.com\/capabilities\/assembly\/\">Montaje<\/a><\/li>\n<li><a href=\"https:\/\/smf-inc.com\/capabilities\/plasma-cutting\/\">Corte por plasma<\/a><\/li>\n<li><a href=\"https:\/\/smf-inc.com\/capabilities\/saw-cutting\/\">Corte de sierra<\/a><\/li>\n<li><a href=\"https:\/\/smf-inc.com\/capabilities\/blasting\/\">Voladura<\/a><\/li>\n<li><a href=\"https:\/\/smf-inc.com\/capabilities\/welding\/\">Soldadura<\/a><\/li>\n<li><a href=\"https:\/\/smf-inc.com\/capabilities\/machining\/\">Mecanizado<\/a><\/li>\n<li><a href=\"https:\/\/smf-inc.com\/capabilities\/laser-cutting\/\">Corte por l\u00e1ser<\/a><\/li>\n<li><a href=\"https:\/\/smf-inc.com\/capabilities\/forming\/\">Formando<\/a><\/li>\n<\/ul>\n<\/li>\n<\/ul>\n<p>&nbsp;<\/p>\n<div class=\"left-img\"><img loading=\"lazy\" decoding=\"async\" class=\"alignnone\" src=\"https:\/\/smf-inc.com\/wp-content\/uploads\/2022\/10\/the-welder-is-welding-steel-plates-picture-id1272230453.jpg\" alt=\"Un hombre cortando y soldando grandes piezas de metal, parte de la fabricaci\u00f3n de metales para Rockford IL\" width=\"500\" height=\"350\" title=\"\"><\/div>\n<h3>Ll\u00e1menos<\/h3>\n<p>Si usted requiere la fabricaci\u00f3n de metal en Rockford IL, partes de <a href=\"https:\/\/smf-inc.com\/metal-fabrication-illinois\/\">Illinois<\/a>, o en cualquier parte de los Estados Unidos, usted puede confiar en los expertos fabricantes de SMF Inc. Para saber m\u00e1s sobre nuestra empresa y nuestras capacidades, p\u00f3ngase en contacto con nosotros hoy mismo en el <a href=\"tel:3094322586\">309-432-2586<\/a>. SMF tiene su sede en Illinois y atiende a clientes de todo Estados Unidos.<\/p>\n","protected":false},"excerpt":{"rendered":"<p>Apoye su negocio con la fabricaci\u00f3n de metal a medida para Rockford IL Tanto si se trata de un gran fabricante de autom\u00f3viles como de una empresa emergente con una nueva idea de producto, necesita el apoyo de expertos en fabricaci\u00f3n para producir las piezas, los componentes y la maquinaria que necesita su negocio. Afortunadamente, &hellip; <a href=\"https:\/\/smf-inc.com\/es\/fabricacion-de-metales-rockford-il\/\" class=\"more-link\">Continue reading <span class=\"screen-reader-text\">Fabricaci\u00f3n de metales Rockford IL<\/span><\/a><\/p>\n","protected":false},"author":1,"featured_media":1016,"parent":0,"menu_order":0,"comment_status":"closed","ping_status":"closed","template":"","meta":{"_acf_changed":false,"inline_featured_image":false,"footnotes":""},"class_list":["post-1018","page","type-page","status-publish","has-post-thumbnail","hentry"],"acf":[],"_links":{"self":[{"href":"https:\/\/smf-inc.com\/es\/wp-json\/wp\/v2\/pages\/1018","targetHints":{"allow":["GET"]}}],"collection":[{"href":"https:\/\/smf-inc.com\/es\/wp-json\/wp\/v2\/pages"}],"about":[{"href":"https:\/\/smf-inc.com\/es\/wp-json\/wp\/v2\/types\/page"}],"author":[{"embeddable":true,"href":"https:\/\/smf-inc.com\/es\/wp-json\/wp\/v2\/users\/1"}],"replies":[{"embeddable":true,"href":"https:\/\/smf-inc.com\/es\/wp-json\/wp\/v2\/comments?post=1018"}],"version-history":[{"count":4,"href":"https:\/\/smf-inc.com\/es\/wp-json\/wp\/v2\/pages\/1018\/revisions"}],"predecessor-version":[{"id":3047,"href":"https:\/\/smf-inc.com\/es\/wp-json\/wp\/v2\/pages\/1018\/revisions\/3047"}],"wp:featuredmedia":[{"embeddable":true,"href":"https:\/\/smf-inc.com\/es\/wp-json\/wp\/v2\/media\/1016"}],"wp:attachment":[{"href":"https:\/\/smf-inc.com\/es\/wp-json\/wp\/v2\/media?parent=1018"}],"curies":[{"name":"wp","href":"https:\/\/api.w.org\/{rel}","templated":true}]}}