{"id":1010,"date":"2025-11-04T04:57:50","date_gmt":"2025-11-04T04:57:50","guid":{"rendered":"https:\/\/smf-inc.com\/fabricacion-de-metales-illinois\/"},"modified":"2025-11-04T04:57:50","modified_gmt":"2025-11-04T04:57:50","slug":"fabricacion-de-metales-illinois","status":"publish","type":"page","link":"https:\/\/smf-inc.com\/es\/fabricacion-de-metales-illinois\/","title":{"rendered":"Fabricaci\u00f3n de metales Illinois"},"content":{"rendered":"<h3>Fabricaci\u00f3n experta de metales para empresas de Illinois<\/h3>\n<p>\u00bfSu empresa est\u00e1 estudiando una idea de dise\u00f1o para un nuevo producto? \u00bfSu empresa necesita ayuda para producir una nueva pizarra de piezas o maquinaria? Si alguna de estas preguntas es relevante para usted, necesita la ayuda de un <a href=\"https:\/\/smf-inc.com\/our_careers\/metal-fabricator\/\">fabricante de metal<\/a>. Y cuando busque un experto en <a href=\"https:\/\/smf-inc.com\/metal-fabrication\/\">fabricaci\u00f3n de metales<\/a> en Illinois, querr\u00e1 contar con profesionales con amplia experiencia y una gran variedad de herramientas y procesos de trabajo del metal para que su proyecto sea un \u00e9xito. Llame hoy mismo al equipo de SMF Inc.<\/p>\n<h3>\u00bfPor qu\u00e9 confiar en la fabricaci\u00f3n a medida?<\/h3>\n<p>Mientras que algunas empresas de fabricaci\u00f3n ofrecen soluciones est\u00e1ndar para las especificaciones de sus productos met\u00e1licos, el trabajo que realiza SMF es totalmente personalizado. Como <a href=\"https:\/\/smf-inc.com\/custom-metal-fabrication\/\">fabricantes de metal a medida<\/a>, poseemos las habilidades y el equipo necesarios para elaborar piezas que se ajusten a sus necesidades.<\/p>\n<ul>\n<li><strong>M\u00faltiples m\u00e9todos de fabricaci\u00f3n<\/strong>\n<ul>\n<li>Para agilizar la <a href=\"https:\/\/smf-inc.com\/metal-fabrication-chicago-il\/\">fabricaci\u00f3n<\/a>, algunos talleres mec\u00e1nicos conf\u00edan en un pu\u00f1ado de procesos de fabricaci\u00f3n para completar los trabajos con relativa rapidez y facilidad. Sin embargo, estos m\u00e9todos no siempre son los m\u00e1s adecuados para su pieza o producto espec\u00edfico. Por eso el SMF profundiza en todas las capacidades m\u00e1s importantes para crear nuevos componentes met\u00e1licos. Utilizamos los mejores m\u00e9todos de corte, curvado y conformaci\u00f3n del metal para garantizar que el producto cumpla sus especificaciones precisas.<\/li>\n<\/ul>\n<\/li>\n<li><strong>Mayor calidad<\/strong>\n<ul>\n<li>La calidad de los productos producidos es crucial para el proceso de trabajo del metal de SMF. Mientras que algunas empresas de fabricaci\u00f3n de metal pueden recortar gastos o confiar en la automatizaci\u00f3n para completar los proyectos r\u00e1pidamente, SMF es cuidadosa en su enfoque. Aunque utilizamos cierta automatizaci\u00f3n para el corte por l\u00e1ser o plasma, inspeccionamos cuidadosamente cada pieza que creamos para detectar posibles deformidades y defectos. Nos aseguramos de que reciba un producto de la m\u00e1xima calidad revisando continuamente nuestras capacidades y procesos para cumplir con los m\u00e1s altos est\u00e1ndares.<\/li>\n<\/ul>\n<\/li>\n<\/ul>\n<h3>\u00bfQu\u00e9 puede esperar del SMF?<\/h3>\n<p>SMF Inc. se especializa en numerosas capacidades de trabajo de metales para satisfacer las necesidades de las empresas que requieren <a href=\"https:\/\/smf-inc.com\/metal-fabrication-springfield-il\/\">la fabricaci\u00f3n de metales en Illinois<\/a>. Desde proporcionar cortes precisos hasta ayudar a ensamblar productos completos, nuestro equipo es flexible en la gesti\u00f3n de su proyecto de fabricaci\u00f3n de metal. Nuestras capacidades incluyen:<\/p>\n<ul class=\"col-3\">\n<li style=\"list-style-type: none\">\n<ul class=\"col-3\">\n<li><a href=\"https:\/\/smf-inc.com\/capabilities\/welding\/\">Soldadura<\/a><\/li>\n<li><a href=\"https:\/\/smf-inc.com\/capabilities\/machining\/\">Mecanizado<\/a><\/li>\n<li><a href=\"https:\/\/smf-inc.com\/capabilities\/laser-cutting\/\">Corte por l\u00e1ser<\/a><\/li>\n<li><a href=\"https:\/\/smf-inc.com\/capabilities\/forming\/\">Formando<\/a><\/li>\n<li><a href=\"https:\/\/smf-inc.com\/capabilities\/powder-coating\/\">Recubrimiento en polvo<\/a><\/li>\n<li><a href=\"https:\/\/smf-inc.com\/capabilities\/assembly\/\">Montaje<\/a><\/li>\n<li><a href=\"https:\/\/smf-inc.com\/capabilities\/plasma-cutting\/\">Corte por plasma<\/a><\/li>\n<li><a href=\"https:\/\/smf-inc.com\/capabilities\/saw-cutting\/\">Corte de sierra<\/a><\/li>\n<li><a href=\"https:\/\/smf-inc.com\/capabilities\/blasting\/\">Voladura<\/a><\/li>\n<\/ul>\n<\/li>\n<\/ul>\n<p>&nbsp;<\/p>\n<div class=\"left-img\"><img loading=\"lazy\" decoding=\"async\" class=\"alignnone\" src=\"https:\/\/smf-inc.com\/wp-content\/uploads\/2022\/10\/industrial-welder-with-torch-picture-id1135169078.jpg\" alt=\"Un hombre realizando soldaduras, parte de la fabricaci\u00f3n de metales en Illinois\" width=\"500\" height=\"350\" title=\"\"><\/div>\n<h3>Llame hoy mismo<\/h3>\n<p>Para garantizar que su negocio y la producci\u00f3n de sus productos est\u00e9n respaldados por la mejor <a href=\"https:\/\/smf-inc.com\/metal-fabrication-rockford-il\/\">fabricaci\u00f3n de metales<\/a> de Illinois, conf\u00ede en los profesionales de SMF Inc. Conozca m\u00e1s sobre nuestra oferta de servicios contactando con nosotros en el <a href=\"tel:3094322586\">309-432-2586<\/a>. SMF tiene su sede en Illinois y atiende a clientes de todo Estados Unidos.<\/p>\n","protected":false},"excerpt":{"rendered":"<p>Fabricaci\u00f3n experta de metales para empresas de Illinois \u00bfSu empresa est\u00e1 estudiando una idea de dise\u00f1o para un nuevo producto? \u00bfSu empresa necesita ayuda para producir una nueva pizarra de piezas o maquinaria? Si alguna de estas preguntas es relevante para usted, necesita la ayuda de un fabricante de metal. Y cuando busque un experto &hellip; <a href=\"https:\/\/smf-inc.com\/es\/fabricacion-de-metales-illinois\/\" class=\"more-link\">Continue reading <span class=\"screen-reader-text\">Fabricaci\u00f3n de metales Illinois<\/span><\/a><\/p>\n","protected":false},"author":1,"featured_media":1008,"parent":0,"menu_order":0,"comment_status":"closed","ping_status":"closed","template":"","meta":{"_acf_changed":false,"inline_featured_image":false,"footnotes":""},"class_list":["post-1010","page","type-page","status-publish","has-post-thumbnail","hentry"],"acf":[],"_links":{"self":[{"href":"https:\/\/smf-inc.com\/es\/wp-json\/wp\/v2\/pages\/1010","targetHints":{"allow":["GET"]}}],"collection":[{"href":"https:\/\/smf-inc.com\/es\/wp-json\/wp\/v2\/pages"}],"about":[{"href":"https:\/\/smf-inc.com\/es\/wp-json\/wp\/v2\/types\/page"}],"author":[{"embeddable":true,"href":"https:\/\/smf-inc.com\/es\/wp-json\/wp\/v2\/users\/1"}],"replies":[{"embeddable":true,"href":"https:\/\/smf-inc.com\/es\/wp-json\/wp\/v2\/comments?post=1010"}],"version-history":[{"count":3,"href":"https:\/\/smf-inc.com\/es\/wp-json\/wp\/v2\/pages\/1010\/revisions"}],"predecessor-version":[{"id":3041,"href":"https:\/\/smf-inc.com\/es\/wp-json\/wp\/v2\/pages\/1010\/revisions\/3041"}],"wp:featuredmedia":[{"embeddable":true,"href":"https:\/\/smf-inc.com\/es\/wp-json\/wp\/v2\/media\/1008"}],"wp:attachment":[{"href":"https:\/\/smf-inc.com\/es\/wp-json\/wp\/v2\/media?parent=1010"}],"curies":[{"name":"wp","href":"https:\/\/api.w.org\/{rel}","templated":true}]}}